{"id":84345,"date":"2021-03-04T11:30:54","date_gmt":"2021-03-04T11:30:54","guid":{"rendered":"https:\/\/chaise-blockchainskills.eu\/?page_id=84345"},"modified":"2021-04-12T14:38:47","modified_gmt":"2021-04-12T14:38:47","slug":"objectives","status":"publish","type":"page","link":"https:\/\/chaise-blockchainskills.eu\/de\/objectives\/","title":{"rendered":"Ziele"},"content":{"rendered":"<div class=\"wpb-content-wrapper\"><div data-parent=\"true\" class=\"vc_row has-bg need-focus style-accent-bg row-container boomapps_vcrow\" id=\"row-unique-0\"><div class=\"row-background background-element\">\n\t\t\t\t\t\t\t\t\t\t\t<div class=\"background-wrapper\">\n\t\t\t\t\t\t\t\t\t\t\t\t<div class=\"background-inner\" style=\"background-image: url(https:\/\/chaise-blockchainskills.eu\/wp-content\/uploads\/2021\/03\/chaise-smaller-hat.jpg);background-repeat: no-repeat;background-position: center center;background-attachment: scroll;background-size: cover;\"><\/div>\n\t\t\t\t\t\t\t\t\t\t\t\t<div class=\"block-bg-overlay style-color-wayh-bg\" style=\"opacity: 0.66;\"><\/div>\n\t\t\t\t\t\t\t\t\t\t\t<\/div>\n\t\t\t\t\t\t\t\t\t\t<\/div><div class=\"row unequal single-top-padding one-bottom-padding single-h-padding full-width row-parent\" data-height-ratio=\"60\" data-minheight=\"350\"><div class=\"wpb_row row-inner\"><div class=\"wpb_column pos-bottom pos-center align_left column_parent col-lg-12 boomapps_vccolumn single-internal-gutter\"><div class=\"uncol style-spec style-dark\"  ><div class=\"uncoltable\"><div class=\"uncell  boomapps_vccolumn no-block-padding\" ><div class=\"uncont\" ><div class=\"vc_row row-internal row-container boomapps_vcrow\"><div class=\"row row-child\"><div class=\"wpb_row row-inner\"><div class=\"wpb_column pos-bottom pos-center align_center column_child col-lg-12 boomapps_vccolumn single-internal-gutter\"><div class=\"uncol style-spec style-dark animate_when_almost_visible alpha-anim\" data-delay=\"200\"><div class=\"uncoltable\"><div class=\"uncell  boomapps_vccolumn no-block-padding\" ><div class=\"uncont\" ><div class=\"vc_custom_heading_wrap\"><div class=\"heading-text el-text\" ><h2 class=\"fontsize-338686\" ><span>Ziele<\/span><\/h2><\/div><div class=\"clear\"><\/div><\/div><\/div><\/div><\/div><\/div><\/div><\/div><\/div><\/div><\/div><\/div><\/div><\/div><\/div><script id=\"script-row-unique-0\" data-row=\"script-row-unique-0\" type=\"text\/javascript\" class=\"vc_controls\">UNCODE.initRow(document.getElementById(\"row-unique-0\"));<\/script><\/div><\/div><\/div><div data-parent=\"true\" class=\"vc_row row-container boomapps_vcrow\" id=\"row-unique-1\"><div class=\"row quad-top-padding quad-bottom-padding single-h-padding limit-width row-parent\"><div class=\"wpb_row row-inner\"><div class=\"wpb_column pos-top pos-center align_center column_parent col-lg-12 boomapps_vccolumn single-internal-gutter\"><div class=\"uncol style-light\"  ><div class=\"uncoltable\"><div class=\"uncell  boomapps_vccolumn\" ><div class=\"uncont no-block-padding col-custom-width\" style=\" max-width:600px;\" ><div class=\"vc_custom_heading_wrap\"><div class=\"heading-text el-text\" ><h6 class=\"h2 fontspace-210350 text-color-nhtu-color text-uppercase\" ><span>Bereitstellung von Blockchain-F\u00e4higkeiten f\u00fcr Europa<\/span><\/h6><\/div><div class=\"clear\"><\/div><\/div><div class=\"vc_row row-internal row-container boomapps_vcrow\"><div class=\"row row-child\"><div class=\"wpb_row row-inner\"><div class=\"wpb_column pos-top pos-left align_center column_child col-lg-12 boomapps_vccolumn single-internal-gutter\"><div class=\"uncol style-light\" ><div class=\"uncoltable\"><div class=\"uncell  boomapps_vccolumn no-block-padding\" ><div class=\"uncont\" ><div class=\"vc_custom_heading_wrap\"><div class=\"heading-text el-text\" ><\/p>\n<h3><span class=\"font-377884\">Ehrgeizige Ziele zur Beseitigung von Blockchain-Qualifikationsinkongruenzen in Europa und zur Schaffung eines EU-\u00d6kosystems f\u00fcr Blockchain-Kompetenzen<\/span><\/h3>\n<p>\n<\/div><div class=\"clear\"><\/div><\/div><div class=\"uncode_text_column\" ><p>Das Ziel von CHAISE ist es, das Missverh\u00e4ltnis zwischen Qualifikationsangebot und -nachfrage zu beheben, indem ein offenes, inklusives Blockchain-Qualifikationssystem entwickelt wird, das auf die Bed\u00fcrfnisse der Branche zugeschnitten ist. Das Projekt wird geeignete und zukunftssichere Ausbildungsl\u00f6sungen, Mobilit\u00e4tsprogramme und Qualifikationen bereitstellen und so die Attraktivit\u00e4t des Sektors, insbesondere f\u00fcr junge Europ\u00e4er, weiter erh\u00f6hen.<\/p>\n<\/div><\/div><\/div><\/div><\/div><\/div><\/div><\/div><\/div><\/div><\/div><\/div><\/div><\/div><script id=\"script-row-unique-1\" data-row=\"script-row-unique-1\" type=\"text\/javascript\" class=\"vc_controls\">UNCODE.initRow(document.getElementById(\"row-unique-1\"));<\/script><\/div><\/div><\/div><div data-parent=\"true\" class=\"vc_row row-container boomapps_vcrow\" style=\"z-index: 1;\" id=\"row-unique-2\"><div class=\"row quad-top-padding quad-bottom-padding single-h-padding limit-width row-parent\"><div class=\"wpb_row row-inner\"><div class=\"wpb_column pos-top pos-center align_left column_parent col-lg-12 boomapps_vccolumn double-internal-gutter\"><div class=\"uncol style-light\"  ><div class=\"uncoltable\"><div class=\"uncell  boomapps_vccolumn\" ><div class=\"uncont no-block-padding col-custom-width\" style=\" max-width:900px;\" ><div class=\"vc_row row-internal row-container boomapps_vcrow\"><div class=\"row unequal col-double-gutter row-child\"><div class=\"wpb_row row-inner\"><div class=\"wpb_column pos-top pos-center align_left column_child col-lg-6 boomapps_vccolumn col-md-33 single-internal-gutter\"><div class=\"uncol style-light\" ><div class=\"uncoltable\"><div class=\"uncell  boomapps_vccolumn no-block-padding  unradius-sm\" ><div class=\"uncont\" ><div class=\"icon-box icon-box-left\" ><div class=\"icon-box-icon fa-container\" ><span class=\"text-accent-color btn-disable-hover\"><i class=\"fa fa-edit2 fa-4x fa-fw\"><\/i><\/span><\/div><div class=\"icon-box-content\"><div class=\"icon-box-heading icon-box-fa-4x\"><h3 class=\"h4\">Eine institutionell validierte europ\u00e4ische Blockchain-Kompetenzstrategie<\/h3><\/div><p>CHAISE wird Stakeholder aus Industrie, Wissenschaft, Politik und Forschung aus der gesamten EU an den Tisch bringen, um eine Strategie f\u00fcr Blockchain-Kompetenzen zu formulieren. Die Strategie wird den Rahmen f\u00fcr die sektorale Zusammenarbeit festlegen und die Ma\u00dfnahmen zur Beseitigung von Fachkr\u00e4ftemangel und Inkongruenzen umrei\u00dfen.<\/p>\n<\/div><\/div><\/div><\/div><\/div><\/div><\/div><div class=\"wpb_column pos-top pos-center align_left column_child col-lg-6 boomapps_vccolumn col-md-33 single-internal-gutter\"><div class=\"uncol style-light\" ><div class=\"uncoltable\"><div class=\"uncell  boomapps_vccolumn no-block-padding  unradius-sm\" ><div class=\"uncont\" ><div class=\"icon-box icon-box-left\" ><div class=\"icon-box-icon fa-container\" ><span class=\"text-accent-color btn-disable-hover\"><i class=\"fa fa-magnifying-glass fa-4x fa-fw\"><\/i><\/span><\/div><div class=\"icon-box-content\"><div class=\"icon-box-heading icon-box-fa-4x\"><h3 class=\"h4\">Ein Prognosemechanismus zur Antizipation des zuk\u00fcnftigen Bedarfs an Blockchain-F\u00e4higkeiten<\/h3><\/div><p>CHAISE wird eine kollaborative Methode zur \u00dcberwachung der Entwicklung der Arbeitsplatzanforderungen und zur Antizipation des k\u00fcnftigen Bedarfs an Blockchain-F\u00e4higkeiten einrichten, um als Fr\u00fchwarninformationsmechanismus zu fungieren und m\u00f6gliche Ungleichgewichte zwischen Angebot und Nachfrage abzumildern.<\/p>\n<\/div><\/div><\/div><\/div><\/div><\/div><\/div><\/div><\/div><\/div><div class=\"vc_row row-internal row-container boomapps_vcrow\"><div class=\"row unequal col-double-gutter row-child\"><div class=\"wpb_row row-inner\"><div class=\"wpb_column pos-top pos-center align_left column_child col-lg-6 boomapps_vccolumn col-md-33 single-internal-gutter\"><div class=\"uncol style-light\" ><div class=\"uncoltable\"><div class=\"uncell  boomapps_vccolumn no-block-padding  unradius-sm\" ><div class=\"uncont\" ><div class=\"icon-box icon-box-left\" ><div class=\"icon-box-icon fa-container\" ><span class=\"text-accent-color btn-disable-hover\"><i class=\"fa fa-toolbox fa-4x fa-fw\"><\/i><\/span><\/div><div class=\"icon-box-content\"><div class=\"icon-box-heading icon-box-fa-4x\"><h3 class=\"h4\">Das erste Berufsprofil eines Blockchain-Spezialisten<\/h3><\/div><p>Definition EU-weiter beruflicher Anforderungen f\u00fcr Blockchain-Arbeitskr\u00e4fte, um der Fragmentierung des Arbeitsmarktes entgegenzuwirken und gemeinsame Bildungsanforderungen f\u00fcr Blockchain-F\u00e4higkeiten in der gesamten EU festzulegen.<\/p>\n<\/div><\/div><\/div><\/div><\/div><\/div><\/div><div class=\"wpb_column pos-top pos-center align_left column_child col-lg-6 boomapps_vccolumn col-md-33 single-internal-gutter\"><div class=\"uncol style-light\" ><div class=\"uncoltable\"><div class=\"uncell  boomapps_vccolumn no-block-padding  unradius-sm\" ><div class=\"uncont\" ><div class=\"icon-box icon-box-left\" ><div class=\"icon-box-icon fa-container\" ><span class=\"text-accent-color btn-disable-hover\"><i class=\"fa fa-graduation-hat fa-4x fa-fw\"><\/i><\/span><\/div><div class=\"icon-box-content\"><div class=\"icon-box-heading icon-box-fa-4x\"><h3 class=\"h4\">Ein innovatives 5-Semester-Blockchain-Berufsbildungsprogramm in 11 EU-Sprachen<\/h3><\/div><p>CHAISE wird ein Blockchain-Schulungsprogramm entwickeln, um den technischen, nichttechnischen und disziplin\u00fcbergreifenden Qualifikationsanforderungen gerecht zu werden. Dar\u00fcber hinaus werden alle entwickelten Lernmaterialien \u00fcber einen Massive Open Online Course (MOOC) allen zur Verf\u00fcgung gestellt.<\/p>\n<\/div><\/div><\/div><\/div><\/div><\/div><\/div><\/div><\/div><\/div><div class=\"vc_row row-internal row-container boomapps_vcrow\"><div class=\"row unequal col-double-gutter row-child\"><div class=\"wpb_row row-inner\"><div class=\"wpb_column pos-top pos-center align_left column_child col-lg-6 boomapps_vccolumn col-md-33 single-internal-gutter\"><div class=\"uncol style-light\" ><div class=\"uncoltable\"><div class=\"uncell  boomapps_vccolumn no-block-padding  unradius-sm\" ><div class=\"uncont\" ><div class=\"icon-box icon-box-left\" ><div class=\"icon-box-icon fa-container\" ><span class=\"text-accent-color btn-disable-hover\"><i class=\"fa fa-repeat2 fa-4x fa-fw\"><\/i><\/span><\/div><div class=\"icon-box-content\"><div class=\"icon-box-heading icon-box-fa-4x\"><h3 class=\"h4\">Transnationale Mobilit\u00e4tsprogramme f\u00fcr Blockchain-Studenten und -Profis<\/h3><\/div><p class=\"translation-block\">CHAISE wird Studenten und professionelle grenz\u00fcberschreitende Mobilit\u00e4t unterst\u00fctzen, indem Partnerschaften zwischen Bildungs- und Ausbildungseinrichtungen und Unternehmen gest\u00e4rkt und eine <em>Blockchain-Plattform f\u00fcr<\/em> Berufsberatung und Alumni eingef\u00fchrt werden.<\/p>\n<\/div><\/div><\/div><\/div><\/div><\/div><\/div><div class=\"wpb_column pos-top pos-center align_left column_child col-lg-6 boomapps_vccolumn col-md-33 single-internal-gutter\"><div class=\"uncol style-light\" ><div class=\"uncoltable\"><div class=\"uncell  boomapps_vccolumn no-block-padding  unradius-sm\" ><div class=\"uncont\" ><div class=\"icon-box icon-box-left\" ><div class=\"icon-box-icon fa-container\" ><span class=\"text-accent-color btn-disable-hover\"><i class=\"fa fa-attachment fa-4x fa-fw\"><\/i><\/span><\/div><div class=\"icon-box-content\"><div class=\"icon-box-heading icon-box-fa-4x\"><h3 class=\"h4\">Ein europ\u00e4isches Blockchain-\u00d6kosystem<\/h3><\/div><p class=\"translation-block\">CHAISE wird Mechanismen f\u00fcr die strategische Zusammenarbeit auf europ\u00e4ischer und nationaler Ebene entwickeln, beispielsweise die <em>Nationalen Blockchain-Kompetenzpartnerschaften<\/em> , um sicherzustellen, dass sich nationale Probleme in EU-weiten L\u00f6sungen widerspiegeln, und die Strategie f\u00fcr sektorale Kompetenzen auf EU-Ebene auf nationaler Ebene sowie die <em>Europ\u00e4ischen Blockchain-Kompetenzen umzusetzen Kooperationsnetzwerk<\/em> zur \u00dcberwachung der Umsetzung der Kompetenzstrategie.<\/p>\n<\/div><\/div><\/div><\/div><\/div><\/div><\/div><\/div><\/div><\/div><\/div><\/div><\/div><\/div><\/div><script id=\"script-row-unique-2\" data-row=\"script-row-unique-2\" type=\"text\/javascript\" class=\"vc_controls\">UNCODE.initRow(document.getElementById(\"row-unique-2\"));<\/script><\/div><\/div><\/div>\n<\/div>","protected":false},"excerpt":{"rendered":"ObjectivesDelivering blockchain skills for EuropeAmbitious goals to tackle Blockchain skills mismatches in Europe and create a EU Blockchain skills ecosystem [...]","protected":false},"author":3,"featured_media":84001,"parent":0,"menu_order":0,"comment_status":"closed","ping_status":"closed","template":"","meta":{"footnotes":""},"class_list":["post-84345","page","type-page","status-publish","has-post-thumbnail","hentry"],"yoast_head":"<!-- This site is optimized with the Yoast SEO plugin v27.3 - https:\/\/yoast.com\/product\/yoast-seo-wordpress\/ -->\n<title>Objectives - Chaise Blockchainskills<\/title>\n<meta name=\"robots\" content=\"index, follow, max-snippet:-1, max-image-preview:large, max-video-preview:-1\" \/>\n<link rel=\"canonical\" href=\"https:\/\/chaise-blockchainskills.eu\/de\/objectives\/\" \/>\n<meta property=\"og:locale\" content=\"de_DE\" \/>\n<meta property=\"og:type\" content=\"article\" \/>\n<meta property=\"og:title\" content=\"Objectives - Chaise Blockchainskills\" \/>\n<meta property=\"og:url\" content=\"https:\/\/chaise-blockchainskills.eu\/de\/objectives\/\" \/>\n<meta property=\"og:site_name\" content=\"Chaise Blockchainskills\" \/>\n<meta property=\"article:modified_time\" content=\"2021-04-12T14:38:47+00:00\" \/>\n<meta property=\"og:image\" content=\"https:\/\/chaise-blockchainskills.eu\/wp-content\/uploads\/2021\/03\/chaise-smaller-hat.jpg\" \/>\n\t<meta property=\"og:image:width\" content=\"1920\" \/>\n\t<meta property=\"og:image:height\" content=\"1080\" \/>\n\t<meta property=\"og:image:type\" content=\"image\/jpeg\" \/>\n<meta name=\"twitter:card\" content=\"summary_large_image\" \/>\n<meta name=\"twitter:image\" content=\"https:\/\/chaise-blockchainskills.eu\/wp-content\/uploads\/2021\/03\/chaise-smaller-hat.jpg\" \/>\n<meta name=\"twitter:label1\" content=\"Gesch\u00e4tzte Lesezeit\" \/>\n\t<meta name=\"twitter:data1\" content=\"3\u00a0Minuten\" \/>\n<script type=\"application\/ld+json\" class=\"yoast-schema-graph\">{\"@context\":\"https:\\\/\\\/schema.org\",\"@graph\":[{\"@type\":\"WebPage\",\"@id\":\"https:\\\/\\\/chaise-blockchainskills.eu\\\/objectives\\\/\",\"url\":\"https:\\\/\\\/chaise-blockchainskills.eu\\\/objectives\\\/\",\"name\":\"Objectives - Chaise Blockchainskills\",\"isPartOf\":{\"@id\":\"https:\\\/\\\/chaise-blockchainskills.eu\\\/#website\"},\"primaryImageOfPage\":{\"@id\":\"https:\\\/\\\/chaise-blockchainskills.eu\\\/objectives\\\/#primaryimage\"},\"image\":{\"@id\":\"https:\\\/\\\/chaise-blockchainskills.eu\\\/objectives\\\/#primaryimage\"},\"thumbnailUrl\":\"https:\\\/\\\/chaise-blockchainskills.eu\\\/wp-content\\\/uploads\\\/2021\\\/02\\\/visual-2.png\",\"datePublished\":\"2021-03-04T11:30:54+00:00\",\"dateModified\":\"2021-04-12T14:38:47+00:00\",\"breadcrumb\":{\"@id\":\"https:\\\/\\\/chaise-blockchainskills.eu\\\/objectives\\\/#breadcrumb\"},\"inLanguage\":\"de\",\"potentialAction\":[{\"@type\":\"ReadAction\",\"target\":[\"https:\\\/\\\/chaise-blockchainskills.eu\\\/objectives\\\/\"]}]},{\"@type\":\"ImageObject\",\"inLanguage\":\"de\",\"@id\":\"https:\\\/\\\/chaise-blockchainskills.eu\\\/objectives\\\/#primaryimage\",\"url\":\"https:\\\/\\\/chaise-blockchainskills.eu\\\/wp-content\\\/uploads\\\/2021\\\/02\\\/visual-2.png\",\"contentUrl\":\"https:\\\/\\\/chaise-blockchainskills.eu\\\/wp-content\\\/uploads\\\/2021\\\/02\\\/visual-2.png\",\"width\":1920,\"height\":1080},{\"@type\":\"BreadcrumbList\",\"@id\":\"https:\\\/\\\/chaise-blockchainskills.eu\\\/objectives\\\/#breadcrumb\",\"itemListElement\":[{\"@type\":\"ListItem\",\"position\":1,\"name\":\"Home\",\"item\":\"https:\\\/\\\/chaise-blockchainskills.eu\\\/\"},{\"@type\":\"ListItem\",\"position\":2,\"name\":\"Objectives\"}]},{\"@type\":\"WebSite\",\"@id\":\"https:\\\/\\\/chaise-blockchainskills.eu\\\/#website\",\"url\":\"https:\\\/\\\/chaise-blockchainskills.eu\\\/\",\"name\":\"Chaise Blockchainskills\",\"description\":\"Blockchain Skills for Europe\",\"potentialAction\":[{\"@type\":\"SearchAction\",\"target\":{\"@type\":\"EntryPoint\",\"urlTemplate\":\"https:\\\/\\\/chaise-blockchainskills.eu\\\/?s={search_term_string}\"},\"query-input\":{\"@type\":\"PropertyValueSpecification\",\"valueRequired\":true,\"valueName\":\"search_term_string\"}}],\"inLanguage\":\"de\"}]}<\/script>\n<!-- \/ Yoast SEO plugin. -->","yoast_head_json":{"title":"Ziele - Chaise Blockchainskills","robots":{"index":"index","follow":"follow","max-snippet":"max-snippet:-1","max-image-preview":"max-image-preview:large","max-video-preview":"max-video-preview:-1"},"canonical":"https:\/\/chaise-blockchainskills.eu\/de\/objectives\/","og_locale":"de_DE","og_type":"article","og_title":"Objectives - Chaise Blockchainskills","og_url":"https:\/\/chaise-blockchainskills.eu\/de\/objectives\/","og_site_name":"Chaise Blockchainskills","article_modified_time":"2021-04-12T14:38:47+00:00","og_image":[{"width":1920,"height":1080,"url":"https:\/\/chaise-blockchainskills.eu\/wp-content\/uploads\/2021\/03\/chaise-smaller-hat.jpg","type":"image\/jpeg"}],"twitter_card":"summary_large_image","twitter_image":"https:\/\/chaise-blockchainskills.eu\/wp-content\/uploads\/2021\/03\/chaise-smaller-hat.jpg","twitter_misc":{"Gesch\u00e4tzte Lesezeit":"3\u00a0Minuten"},"schema":{"@context":"https:\/\/schema.org","@graph":[{"@type":"WebPage","@id":"https:\/\/chaise-blockchainskills.eu\/objectives\/","url":"https:\/\/chaise-blockchainskills.eu\/objectives\/","name":"Ziele - Chaise Blockchainskills","isPartOf":{"@id":"https:\/\/chaise-blockchainskills.eu\/#website"},"primaryImageOfPage":{"@id":"https:\/\/chaise-blockchainskills.eu\/objectives\/#primaryimage"},"image":{"@id":"https:\/\/chaise-blockchainskills.eu\/objectives\/#primaryimage"},"thumbnailUrl":"https:\/\/chaise-blockchainskills.eu\/wp-content\/uploads\/2021\/02\/visual-2.png","datePublished":"2021-03-04T11:30:54+00:00","dateModified":"2021-04-12T14:38:47+00:00","breadcrumb":{"@id":"https:\/\/chaise-blockchainskills.eu\/objectives\/#breadcrumb"},"inLanguage":"de","potentialAction":[{"@type":"ReadAction","target":["https:\/\/chaise-blockchainskills.eu\/objectives\/"]}]},{"@type":"ImageObject","inLanguage":"de","@id":"https:\/\/chaise-blockchainskills.eu\/objectives\/#primaryimage","url":"https:\/\/chaise-blockchainskills.eu\/wp-content\/uploads\/2021\/02\/visual-2.png","contentUrl":"https:\/\/chaise-blockchainskills.eu\/wp-content\/uploads\/2021\/02\/visual-2.png","width":1920,"height":1080},{"@type":"BreadcrumbList","@id":"https:\/\/chaise-blockchainskills.eu\/objectives\/#breadcrumb","itemListElement":[{"@type":"ListItem","position":1,"name":"Home","item":"https:\/\/chaise-blockchainskills.eu\/"},{"@type":"ListItem","position":2,"name":"Objectives"}]},{"@type":"WebSite","@id":"https:\/\/chaise-blockchainskills.eu\/#website","url":"https:\/\/chaise-blockchainskills.eu\/","name":"Chaise Blockchainskills","description":"Blockchain Skills for Europe","potentialAction":[{"@type":"SearchAction","target":{"@type":"EntryPoint","urlTemplate":"https:\/\/chaise-blockchainskills.eu\/?s={search_term_string}"},"query-input":{"@type":"PropertyValueSpecification","valueRequired":true,"valueName":"search_term_string"}}],"inLanguage":"de"}]}},"_links":{"self":[{"href":"https:\/\/chaise-blockchainskills.eu\/de\/wp-json\/wp\/v2\/pages\/84345","targetHints":{"allow":["GET"]}}],"collection":[{"href":"https:\/\/chaise-blockchainskills.eu\/de\/wp-json\/wp\/v2\/pages"}],"about":[{"href":"https:\/\/chaise-blockchainskills.eu\/de\/wp-json\/wp\/v2\/types\/page"}],"author":[{"embeddable":true,"href":"https:\/\/chaise-blockchainskills.eu\/de\/wp-json\/wp\/v2\/users\/3"}],"replies":[{"embeddable":true,"href":"https:\/\/chaise-blockchainskills.eu\/de\/wp-json\/wp\/v2\/comments?post=84345"}],"version-history":[{"count":0,"href":"https:\/\/chaise-blockchainskills.eu\/de\/wp-json\/wp\/v2\/pages\/84345\/revisions"}],"wp:featuredmedia":[{"embeddable":true,"href":"https:\/\/chaise-blockchainskills.eu\/de\/wp-json\/wp\/v2\/media\/84001"}],"wp:attachment":[{"href":"https:\/\/chaise-blockchainskills.eu\/de\/wp-json\/wp\/v2\/media?parent=84345"}],"curies":[{"name":"wp","href":"https:\/\/api.w.org\/{rel}","templated":true}]}}