{"id":84967,"date":"2021-03-15T14:37:12","date_gmt":"2021-03-15T14:37:12","guid":{"rendered":"https:\/\/chaise-blockchainskills.eu\/?page_id=84967"},"modified":"2021-03-31T08:49:31","modified_gmt":"2021-03-31T08:49:31","slug":"expert-advisory-board","status":"publish","type":"page","link":"https:\/\/chaise-blockchainskills.eu\/de\/expert-advisory-board\/","title":{"rendered":"Expertenbeirat"},"content":{"rendered":"<div class=\"wpb-content-wrapper\"><div data-parent=\"true\" class=\"vc_row row-container boomapps_vcrow\" id=\"row-unique-0\"><div class=\"row-background background-element\">\n\t\t\t\t\t\t\t\t\t\t\t<div class=\"background-wrapper\">\n\t\t\t\t\t\t\t\t\t\t\t\t<div class=\"background-inner\" style=\"background-image: url(https:\/\/chaise-blockchainskills.eu\/wp-content\/uploads\/2021\/03\/expert-gears.jpg);background-repeat: no-repeat;background-position: center center;background-attachment: scroll;background-size: cover;\"><\/div>\n\t\t\t\t\t\t\t\t\t\t\t\t<div class=\"block-bg-overlay style-color-uydo-bg\" style=\"opacity: 0.05;\"><\/div>\n\t\t\t\t\t\t\t\t\t\t\t<\/div>\n\t\t\t\t\t\t\t\t\t\t<\/div><div class=\"row no-top-padding no-bottom-padding no-h-padding full-width row-parent\" data-height-ratio=\"60\" data-minheight=\"200\"><div class=\"wpb_row row-inner\"><div class=\"wpb_column pos-middle pos-center align_center column_parent col-lg-12 boomapps_vccolumn single-internal-gutter\"><div class=\"uncol style-spec style-dark\"  ><div class=\"uncoltable\"><div class=\"uncell  boomapps_vccolumn no-block-padding\" ><div class=\"uncont\" ><div class=\"vc_custom_heading_wrap\"><div class=\"heading-text el-text\" ><h2 class=\"fontsize-338686\" ><span>Expertenbeirat<\/span><\/h2><\/div><div class=\"clear\"><\/div><\/div><\/div><\/div><\/div><\/div><\/div><script id=\"script-row-unique-0\" data-row=\"script-row-unique-0\" type=\"text\/javascript\" class=\"vc_controls\">UNCODE.initRow(document.getElementById(\"row-unique-0\"));<\/script><\/div><\/div><\/div><div data-parent=\"true\" class=\"vc_row row-container boomapps_vcrow\" id=\"row-unique-1\"><div class=\"row limit-width row-parent\"><div class=\"wpb_row row-inner\"><div class=\"wpb_column pos-top pos-center align_left column_parent col-lg-12 boomapps_vccolumn single-internal-gutter\"><div class=\"uncol style-light\"  ><div class=\"uncoltable\"><div class=\"uncell  boomapps_vccolumn\" ><div class=\"uncont no-block-padding col-custom-width\" style=\" max-width:71%;\" ><div class=\"uncode_text_column\" ><\/p>\n<h3><strong>Rolle<\/strong><\/h3>\n<p>Das CHAISE Expert Advisory Board ist eine Expertengruppe auf dem Gebiet der Blockchain, die von CHAISE-Partnerschaftsorganisationen ernannt wurde, um die Allianz auf der Grundlage ihres Expertenwissens und ihrer institutionellen Kapazit\u00e4t technisch und wissenschaftlich zu unterst\u00fctzen. Die Hauptaufgabe besteht darin, die Fortschritte und Ergebnisse zu \u00fcberblicken und zu bewerten der europ\u00e4ischen Blockchain Skills Strategy.<\/p>\n<p>Der Expertenbeirat hat folgende Aufgaben:<\/p>\n<ul>\n<li>Dabei helfen, den Blockchain-Sektor abzugrenzen und die Richtung f\u00fcr die Aktivit\u00e4ten zur Kompetenzerfassung vorzugeben<\/li>\n<li>Diskussion \u00fcber sektorale Trends und Entwicklungen im Makro-Umfeld<\/li>\n<li>Validierung der Erkenntnisse aus der Erfassung von Skills Intelligence-Aktivit\u00e4ten (inkl. Prognose-Ergebnisse).<\/li>\n<li>Beratung bei der Anpassung des CHAISE-Prognosemechanismus<\/li>\n<li>\u00dcberwachung und Diskussion der Fortschritte der europ\u00e4ischen Blockchain-Kompetenzstrategie<\/li>\n<li>Aktualisierung \/ \u00dcberarbeitung der europ\u00e4ischen Blockchain-Kompetenzstrategie basierend auf den sich \u00e4ndernden Bed\u00fcrfnissen und sektoralen Entwicklungspriorit\u00e4ten<\/li>\n<\/ul>\n<p>Der CHAISE-Expertenbeirat besteht aus 17 Experten und Vertretern aus Industrie, Bildung, Politik, Zivilgesellschaft und Wissenschaft aus 15 europ\u00e4ischen L\u00e4ndern.<\/p>\n<h4><strong>Zusammensetzung der Tafel<\/strong><\/h4>\n<table width=\"224\">\n<thead>\n<tr>\n<td width=\"112\">Organisation<\/td>\n<td width=\"112\">Land<\/td>\n<\/tr>\n<\/thead>\n<tbody>\n<tr>\n<td width=\"112\">Abteilung f\u00fcr Blockchain und Cloud Computing, Universit\u00e4t Lyon 1<\/td>\n<td width=\"112\">France<\/td>\n<\/tr>\n<tr>\n<td width=\"112\">INATBA<\/td>\n<td width=\"112\">Vereinigtes K\u00f6nigreich<\/td>\n<\/tr>\n<tr>\n<td width=\"112\">EU Blockchain Observatory and Forum<\/td>\n<td width=\"112\">Griechenland<\/td>\n<\/tr>\n<tr>\n<td width=\"112\">Duale Hochschule Baden-W\u00fcrttemberg<\/td>\n<td width=\"112\">Deutschland<\/td>\n<\/tr>\n<tr>\n<td width=\"112\">Italia4Blockchain<\/td>\n<td width=\"112\">Italien<\/td>\n<\/tr>\n<tr>\n<td width=\"112\">European Certification and Qualification Association<\/td>\n<td width=\"112\">\u00d6sterreich<\/td>\n<\/tr>\n<tr>\n<td width=\"112\">Universit\u00e4t von Tartu<\/td>\n<td width=\"112\">Estland<\/td>\n<\/tr>\n<tr>\n<td width=\"112\">BERCHAIN<\/td>\n<td width=\"112\">Deutschland<\/td>\n<\/tr>\n<tr>\n<td width=\"112\">Economic and Social Research Institute<\/td>\n<td width=\"112\">Irland<\/td>\n<\/tr>\n<tr>\n<td width=\"112\">Nationale Qualifikationsbeh\u00f6rde von Rum\u00e4nien<\/td>\n<td width=\"112\">Rum\u00e4nien<\/td>\n<\/tr>\n<tr>\n<td width=\"112\">Universit\u00e4t von Ljubljana<\/td>\n<td width=\"112\">Slowenien<\/td>\n<\/tr>\n<tr>\n<td width=\"112\">\u00d6ffentliche Berufsbildungsschule \u201eIEK Aigaleo\u201c<\/td>\n<td width=\"112\">Griechenland<\/td>\n<\/tr>\n<tr>\n<td width=\"112\">Fujitsu, Belgien<\/td>\n<td width=\"112\">Belgien<\/td>\n<\/tr>\n<tr>\n<td width=\"112\">INDUSTRIA Technology<\/td>\n<td width=\"112\">Bulgarien<\/td>\n<\/tr>\n<tr>\n<td width=\"112\">Polytechnische Universit\u00e4t von Katalonien<\/td>\n<td width=\"112\">Spanien<\/td>\n<\/tr>\n<tr>\n<td width=\"112\">Portugiesischer IKT-Cluster<\/td>\n<td width=\"112\">Portugal<\/td>\n<\/tr>\n<tr>\n<td width=\"112\">Technische und Wirtschaftswissenschaftliche Universit\u00e4t Budapest<\/td>\n<td width=\"112\">Ungarn<\/td>\n<\/tr>\n<\/tbody>\n<\/table>\n<p>\n<\/div><\/div><\/div><\/div><\/div><\/div><script id=\"script-row-unique-1\" data-row=\"script-row-unique-1\" type=\"text\/javascript\" class=\"vc_controls\">UNCODE.initRow(document.getElementById(\"row-unique-1\"));<\/script><\/div><\/div><\/div>\n<\/div>","protected":false},"excerpt":{"rendered":"Expert Advisory BoardRole The CHAISE Expert Advisory Board is a group of experts in the Blockchain field, nominated by CHAISE [...]","protected":false},"author":3,"featured_media":84971,"parent":0,"menu_order":0,"comment_status":"closed","ping_status":"closed","template":"","meta":{"footnotes":""},"class_list":["post-84967","page","type-page","status-publish","has-post-thumbnail","hentry"],"yoast_head":"<!-- This site is optimized with the Yoast SEO plugin v27.4 - https:\/\/yoast.com\/product\/yoast-seo-wordpress\/ -->\n<title>Expert Advisory Board - Chaise Blockchainskills<\/title>\n<meta name=\"robots\" content=\"index, follow, max-snippet:-1, max-image-preview:large, max-video-preview:-1\" \/>\n<link rel=\"canonical\" href=\"https:\/\/chaise-blockchainskills.eu\/de\/expert-advisory-board\/\" \/>\n<meta property=\"og:locale\" content=\"de_DE\" \/>\n<meta property=\"og:type\" content=\"article\" \/>\n<meta property=\"og:title\" content=\"Expert Advisory Board - Chaise Blockchainskills\" \/>\n<meta property=\"og:url\" content=\"https:\/\/chaise-blockchainskills.eu\/de\/expert-advisory-board\/\" \/>\n<meta property=\"og:site_name\" content=\"Chaise Blockchainskills\" \/>\n<meta property=\"article:modified_time\" content=\"2021-03-31T08:49:31+00:00\" \/>\n<meta property=\"og:image\" content=\"https:\/\/chaise-blockchainskills.eu\/wp-content\/uploads\/2021\/03\/expert-gears.jpg\" \/>\n\t<meta property=\"og:image:width\" content=\"1920\" \/>\n\t<meta property=\"og:image:height\" content=\"1080\" \/>\n\t<meta property=\"og:image:type\" content=\"image\/jpeg\" \/>\n<meta name=\"twitter:card\" content=\"summary_large_image\" \/>\n<meta name=\"twitter:label1\" content=\"Gesch\u00e4tzte Lesezeit\" \/>\n\t<meta name=\"twitter:data1\" content=\"2\u00a0Minuten\" \/>\n<script type=\"application\/ld+json\" class=\"yoast-schema-graph\">{\"@context\":\"https:\\\/\\\/schema.org\",\"@graph\":[{\"@type\":\"WebPage\",\"@id\":\"https:\\\/\\\/chaise-blockchainskills.eu\\\/expert-advisory-board\\\/\",\"url\":\"https:\\\/\\\/chaise-blockchainskills.eu\\\/expert-advisory-board\\\/\",\"name\":\"Expert Advisory Board - Chaise Blockchainskills\",\"isPartOf\":{\"@id\":\"https:\\\/\\\/chaise-blockchainskills.eu\\\/#website\"},\"primaryImageOfPage\":{\"@id\":\"https:\\\/\\\/chaise-blockchainskills.eu\\\/expert-advisory-board\\\/#primaryimage\"},\"image\":{\"@id\":\"https:\\\/\\\/chaise-blockchainskills.eu\\\/expert-advisory-board\\\/#primaryimage\"},\"thumbnailUrl\":\"https:\\\/\\\/chaise-blockchainskills.eu\\\/wp-content\\\/uploads\\\/2021\\\/03\\\/expert-gears.jpg\",\"datePublished\":\"2021-03-15T14:37:12+00:00\",\"dateModified\":\"2021-03-31T08:49:31+00:00\",\"breadcrumb\":{\"@id\":\"https:\\\/\\\/chaise-blockchainskills.eu\\\/expert-advisory-board\\\/#breadcrumb\"},\"inLanguage\":\"de\",\"potentialAction\":[{\"@type\":\"ReadAction\",\"target\":[\"https:\\\/\\\/chaise-blockchainskills.eu\\\/expert-advisory-board\\\/\"]}]},{\"@type\":\"ImageObject\",\"inLanguage\":\"de\",\"@id\":\"https:\\\/\\\/chaise-blockchainskills.eu\\\/expert-advisory-board\\\/#primaryimage\",\"url\":\"https:\\\/\\\/chaise-blockchainskills.eu\\\/wp-content\\\/uploads\\\/2021\\\/03\\\/expert-gears.jpg\",\"contentUrl\":\"https:\\\/\\\/chaise-blockchainskills.eu\\\/wp-content\\\/uploads\\\/2021\\\/03\\\/expert-gears.jpg\",\"width\":1920,\"height\":1080},{\"@type\":\"BreadcrumbList\",\"@id\":\"https:\\\/\\\/chaise-blockchainskills.eu\\\/expert-advisory-board\\\/#breadcrumb\",\"itemListElement\":[{\"@type\":\"ListItem\",\"position\":1,\"name\":\"Home\",\"item\":\"https:\\\/\\\/chaise-blockchainskills.eu\\\/\"},{\"@type\":\"ListItem\",\"position\":2,\"name\":\"Expert Advisory Board\"}]},{\"@type\":\"WebSite\",\"@id\":\"https:\\\/\\\/chaise-blockchainskills.eu\\\/#website\",\"url\":\"https:\\\/\\\/chaise-blockchainskills.eu\\\/\",\"name\":\"Chaise Blockchainskills\",\"description\":\"Blockchain Skills for Europe\",\"potentialAction\":[{\"@type\":\"SearchAction\",\"target\":{\"@type\":\"EntryPoint\",\"urlTemplate\":\"https:\\\/\\\/chaise-blockchainskills.eu\\\/?s={search_term_string}\"},\"query-input\":{\"@type\":\"PropertyValueSpecification\",\"valueRequired\":true,\"valueName\":\"search_term_string\"}}],\"inLanguage\":\"de\"}]}<\/script>\n<!-- \/ Yoast SEO plugin. -->","yoast_head_json":{"title":"Expert Advisory Board - Chaise Blockchainskills","robots":{"index":"index","follow":"follow","max-snippet":"max-snippet:-1","max-image-preview":"max-image-preview:large","max-video-preview":"max-video-preview:-1"},"canonical":"https:\/\/chaise-blockchainskills.eu\/de\/expert-advisory-board\/","og_locale":"de_DE","og_type":"article","og_title":"Expert Advisory Board - Chaise Blockchainskills","og_url":"https:\/\/chaise-blockchainskills.eu\/de\/expert-advisory-board\/","og_site_name":"Chaise Blockchainskills","article_modified_time":"2021-03-31T08:49:31+00:00","og_image":[{"width":1920,"height":1080,"url":"https:\/\/chaise-blockchainskills.eu\/wp-content\/uploads\/2021\/03\/expert-gears.jpg","type":"image\/jpeg"}],"twitter_card":"summary_large_image","twitter_misc":{"Gesch\u00e4tzte Lesezeit":"2\u00a0Minuten"},"schema":{"@context":"https:\/\/schema.org","@graph":[{"@type":"WebPage","@id":"https:\/\/chaise-blockchainskills.eu\/expert-advisory-board\/","url":"https:\/\/chaise-blockchainskills.eu\/expert-advisory-board\/","name":"Expert Advisory Board - Chaise Blockchainskills","isPartOf":{"@id":"https:\/\/chaise-blockchainskills.eu\/#website"},"primaryImageOfPage":{"@id":"https:\/\/chaise-blockchainskills.eu\/expert-advisory-board\/#primaryimage"},"image":{"@id":"https:\/\/chaise-blockchainskills.eu\/expert-advisory-board\/#primaryimage"},"thumbnailUrl":"https:\/\/chaise-blockchainskills.eu\/wp-content\/uploads\/2021\/03\/expert-gears.jpg","datePublished":"2021-03-15T14:37:12+00:00","dateModified":"2021-03-31T08:49:31+00:00","breadcrumb":{"@id":"https:\/\/chaise-blockchainskills.eu\/expert-advisory-board\/#breadcrumb"},"inLanguage":"de","potentialAction":[{"@type":"ReadAction","target":["https:\/\/chaise-blockchainskills.eu\/expert-advisory-board\/"]}]},{"@type":"ImageObject","inLanguage":"de","@id":"https:\/\/chaise-blockchainskills.eu\/expert-advisory-board\/#primaryimage","url":"https:\/\/chaise-blockchainskills.eu\/wp-content\/uploads\/2021\/03\/expert-gears.jpg","contentUrl":"https:\/\/chaise-blockchainskills.eu\/wp-content\/uploads\/2021\/03\/expert-gears.jpg","width":1920,"height":1080},{"@type":"BreadcrumbList","@id":"https:\/\/chaise-blockchainskills.eu\/expert-advisory-board\/#breadcrumb","itemListElement":[{"@type":"ListItem","position":1,"name":"Home","item":"https:\/\/chaise-blockchainskills.eu\/"},{"@type":"ListItem","position":2,"name":"Expert Advisory Board"}]},{"@type":"WebSite","@id":"https:\/\/chaise-blockchainskills.eu\/#website","url":"https:\/\/chaise-blockchainskills.eu\/","name":"Chaise Blockchainskills","description":"Blockchain Skills for Europe","potentialAction":[{"@type":"SearchAction","target":{"@type":"EntryPoint","urlTemplate":"https:\/\/chaise-blockchainskills.eu\/?s={search_term_string}"},"query-input":{"@type":"PropertyValueSpecification","valueRequired":true,"valueName":"search_term_string"}}],"inLanguage":"de"}]}},"_links":{"self":[{"href":"https:\/\/chaise-blockchainskills.eu\/de\/wp-json\/wp\/v2\/pages\/84967","targetHints":{"allow":["GET"]}}],"collection":[{"href":"https:\/\/chaise-blockchainskills.eu\/de\/wp-json\/wp\/v2\/pages"}],"about":[{"href":"https:\/\/chaise-blockchainskills.eu\/de\/wp-json\/wp\/v2\/types\/page"}],"author":[{"embeddable":true,"href":"https:\/\/chaise-blockchainskills.eu\/de\/wp-json\/wp\/v2\/users\/3"}],"replies":[{"embeddable":true,"href":"https:\/\/chaise-blockchainskills.eu\/de\/wp-json\/wp\/v2\/comments?post=84967"}],"version-history":[{"count":0,"href":"https:\/\/chaise-blockchainskills.eu\/de\/wp-json\/wp\/v2\/pages\/84967\/revisions"}],"wp:featuredmedia":[{"embeddable":true,"href":"https:\/\/chaise-blockchainskills.eu\/de\/wp-json\/wp\/v2\/media\/84971"}],"wp:attachment":[{"href":"https:\/\/chaise-blockchainskills.eu\/de\/wp-json\/wp\/v2\/media?parent=84967"}],"curies":[{"name":"wp","href":"https:\/\/api.w.org\/{rel}","templated":true}]}}