{"id":88696,"date":"2024-07-10T15:43:32","date_gmt":"2024-07-10T15:43:32","guid":{"rendered":"https:\/\/chaise-blockchainskills.eu\/?page_id=88696"},"modified":"2024-08-05T09:40:33","modified_gmt":"2024-08-05T09:40:33","slug":"for-employers-attract-top-blockchain-talents","status":"publish","type":"page","link":"https:\/\/chaise-blockchainskills.eu\/es\/for-employers-attract-top-blockchain-talents\/","title":{"rendered":"For Employers &#8211; Attract Top Blockchain Talents"},"content":{"rendered":"<div class=\"wpb-content-wrapper\"><div data-parent=\"true\" class=\"vc_row has-bg need-focus style-color-lxmt-bg row-container boomapps_vcrow\" id=\"row-unique-0\"><div class=\"row-background background-element\">\n\t\t\t\t\t\t\t\t\t\t\t<div class=\"background-wrapper\">\n\t\t\t\t\t\t\t\t\t\t\t\t<div class=\"background-inner\" style=\"background-image: url(https:\/\/chaise-blockchainskills.eu\/wp-content\/uploads\/2024\/07\/1.png);background-repeat: no-repeat;background-position: center top;background-attachment: scroll;background-size: cover;\"><\/div>\n\t\t\t\t\t\t\t\t\t\t\t\t<div class=\"block-bg-overlay style-color-nhtu-bg\" style=\"opacity: 0.5;\"><\/div>\n\t\t\t\t\t\t\t\t\t\t\t<\/div>\n\t\t\t\t\t\t\t\t\t\t<\/div><div class=\"row no-top-padding no-bottom-padding no-h-padding full-width row-parent\" data-height-ratio=\"60\" data-minheight=\"200\"><div class=\"wpb_row row-inner\"><div class=\"wpb_column pos-middle pos-center align_center column_parent col-lg-12 boomapps_vccolumn single-internal-gutter\"><div class=\"uncol style-spec style-dark\"  ><div class=\"uncoltable\"><div class=\"uncell  boomapps_vccolumn no-block-padding\" ><div class=\"uncont\" ><div class=\"vc_custom_heading_wrap\"><div class=\"heading-text el-text\" ><h2 class=\"fontsize-338686\" ><span>Atraer al Mejor Talento en Blockchain<\/span><\/h2><\/div><div class=\"clear\"><\/div><\/div><\/div><\/div><\/div><\/div><\/div><script id=\"script-row-unique-0\" data-row=\"script-row-unique-0\" type=\"text\/javascript\" class=\"vc_controls\">UNCODE.initRow(document.getElementById(\"row-unique-0\"));<\/script><\/div><\/div><\/div><div data-parent=\"true\" class=\"vc_row row-container boomapps_vcrow\" id=\"row-unique-1\"><div class=\"row limit-width row-parent\"><div class=\"wpb_row row-inner\"><div class=\"wpb_column pos-top pos-center align_left column_parent col-lg-12 boomapps_vccolumn single-internal-gutter\"><div class=\"uncol style-light\"  ><div class=\"uncoltable\"><div class=\"uncell  boomapps_vccolumn no-block-padding\" ><div class=\"uncont\" ><div class=\"vc_custom_heading_wrap\"><div class=\"heading-text el-text\" ><h2 class=\"h2\" ><span><\/p><\/span><span><h1 style=\"text-align: center;\">Una gu\u00eda para empleadores para atraer al mejor talento en Blockchain<\/h1><\/span><span><p><\/span><\/h2><\/div><div class=\"clear\"><\/div><\/div><div class=\"uncode_text_column text-lead\" ><p><span style=\"color: #000000;\"><strong>A medida que la industria blockchain sigue creciendo, la demanda de profesionales cualificados sigue siendo alta. Para ayudarte a navegar en este competitivo panorama, hemos recopilado ideas clave y recomendaciones basadas en los elementos comunes encontrados en anuncios de empleo exitosos recopilados por los socios del proyecto CHAISE. <\/strong><\/span><\/p>\n<p><span style=\"color: #000000;\"><strong>Esta gu\u00eda te ayudar\u00e1 a redactar anuncios de empleo atractivos y a atraer al mejor talento en el sector blockchain.<\/strong><\/span><\/p>\n<\/div><\/div><\/div><\/div><\/div><\/div><script id=\"script-row-unique-1\" data-row=\"script-row-unique-1\" type=\"text\/javascript\" class=\"vc_controls\">UNCODE.initRow(document.getElementById(\"row-unique-1\"));<\/script><\/div><\/div><\/div><div data-parent=\"true\" class=\"vc_row row-container boomapps_vcrow\" id=\"row-unique-2\"><div class=\"row limit-width row-parent\"><div class=\"wpb_row row-inner\"><div class=\"wpb_column pos-top pos-center align_left column_parent col-lg-12 boomapps_vccolumn single-internal-gutter\"><div class=\"uncol style-light\"  ><div class=\"uncoltable\"><div class=\"uncell  boomapps_vccolumn no-block-padding\" ><div class=\"uncont\" ><div class=\"vc_custom_heading_wrap\"><div class=\"heading-text el-text\" ><\/p>\n<h2><span style=\"color: #000080;\">Elementos Clave de Anuncios de Empleo Efectivos en Blockchain<\/span><\/h2>\n<p>\n<\/div><div class=\"clear\"><\/div><\/div><\/div><\/div><\/div><\/div><\/div><script id=\"script-row-unique-2\" data-row=\"script-row-unique-2\" type=\"text\/javascript\" class=\"vc_controls\">UNCODE.initRow(document.getElementById(\"row-unique-2\"));<\/script><\/div><\/div><\/div><div data-parent=\"true\" class=\"vc_row row-container boomapps_vcrow\" id=\"row-unique-3\"><div class=\"row limit-width row-parent\"><div class=\"wpb_row row-inner\"><div class=\"wpb_column pos-top pos-center align_left column_parent col-lg-12 boomapps_vccolumn single-internal-gutter\"><div class=\"uncol style-light\"  ><div class=\"uncoltable\"><div class=\"uncell  boomapps_vccolumn single-block-padding style-color-lxmt-bg has-bg\" ><div class=\"uncont\" ><div class=\"vc_custom_heading_wrap\"><div class=\"heading-text el-text\" ><\/p>\n<h3><span style=\"color: #000080;\">T\u00edtulos y Descripciones Claros del Trabajo<\/span><\/h3>\n<p>\n<\/div><div class=\"clear\"><\/div><\/div><div class=\"uncode_text_column text-lead\" ><\/p>\n<ul>\n<li class=\"translation-block\"><span style=\"color: #000000\"><strong>Precisi\u00f3n en los T\u00edtulos:<\/strong> Usa t\u00edtulos de trabajo claros y espec\u00edficos como\u201c<strong>Desarrollador Blockchain<\/strong>,\u201d \u201c<strong>Arquitecto Blockchain<\/strong>,\u201d o \u201c<strong>Gerente de Proyecto Blockchain<\/strong>\u201d para atraer a candidatos cualificados.\n<\/span><\/li>\n<li><span style=\"color: #000000;\"><strong>Descripciones Detalladas:<\/strong> Proporciona descripciones detalladas de las responsabilidades del trabajo, habilidades requeridas y tecnolog\u00edas utilizadas. Menciona plataformas blockchain espec\u00edficas (por ejemplo, Ethereum, Hyperledger) y lenguajes de programaci\u00f3n relevantes (por ejemplo, Solidity, Python).<\/span><\/li>\n<\/ul>\n<p>\n<\/div><div class=\"vc_custom_heading_wrap\"><div class=\"heading-text el-text\" ><\/p>\n<h3><span style=\"color: #000080;\">Destaca Habilidades y Cualificaciones Requeridas<\/span><\/h3>\n<p>\n<\/div><div class=\"clear\"><\/div><\/div><div class=\"uncode_text_column text-lead\" ><\/p>\n<ul>\n<li><span style=\"color: #000000;\"><strong>Habilidades T\u00e9cnicas:<\/strong> Enfatiza habilidades t\u00e9cnicas esenciales como el desarrollo de contratos inteligentes, criptograf\u00eda y conocimiento de tecnolog\u00edas de registro distribuido.<\/span><\/li>\n<li><span style=\"color: #000000;\"><strong>Experiencia:<\/strong> Especifica el nivel de experiencia requerido, ya sea nivel de entrada, intermedio o experto en tecnolog\u00eda blockchain.<\/span><\/li>\n<li><span style=\"color: #000000;\"><strong>Certificaciones: <\/strong>Menciona certificaciones preferidas, como <strong>Certified Blockchain Expert (CBE)<\/strong> o <strong>Certified Blockchain Developer (CBD).<\/strong>.<strong><br \/>\n<\/strong><\/span><\/li>\n<\/ul>\n<p>\n<\/div><div class=\"vc_custom_heading_wrap\"><div class=\"heading-text el-text\" ><\/p>\n<h3><span style=\"color: #000080;\">Muestra la Cultura y Beneficios de la Empresa<\/span><\/h3>\n<p>\n<\/div><div class=\"clear\"><\/div><\/div><div class=\"uncode_text_column text-lead\" ><\/p>\n<ul>\n<li><span style=\"color: #000000;\"><strong>Ambiente de Trabajo: <\/strong>Destaca la cultura de tu empresa, opciones de trabajo remoto y din\u00e1mica del equipo.<\/span><\/li>\n<li><span style=\"color: #000000;\"><strong>Crecimiento Profesional:<\/strong> Habla sobre oportunidades de avance profesional, desarrollo profesional y educaci\u00f3n continua en tecnolog\u00eda blockchain.<\/span><\/li>\n<li><span style=\"color: #000000;\"><strong>Beneficios: <\/strong>Incluye detalles sobre salario competitivo, paquetes de beneficios y cualquier ventaja \u00fanica que distinga a tu empresa.<br \/>\n<\/span><\/li>\n<\/ul>\n<p>\n<\/div><div class=\"vc_custom_heading_wrap\"><div class=\"heading-text el-text\" ><\/p>\n<h3><span style=\"color: #000080;\">Enfatiza el Impacto y la Innovaci\u00f3n<\/span><\/h3>\n<p>\n<\/div><div class=\"clear\"><\/div><\/div><div class=\"uncode_text_column text-lead\" ><\/p>\n<ul>\n<li><span style=\"color: #000000;\"><strong>Impacto de los Proyectos: <\/strong>Destaca la cultura de tu empresa, opciones de trabajo remoto y din\u00e1mica del equipo.<\/span><\/li>\n<li><span style=\"color: #000000;\"><strong>Tecnolog\u00eda de Punta:<\/strong> Destaca el uso de tecnolog\u00eda de vanguardia y el potencial de los empleados para trabajar en proyectos innovadores.<\/span><span style=\"color: #000000;\"><br \/>\n<\/span><\/li>\n<\/ul>\n<p>\n<\/div><div class=\"vc_custom_heading_wrap\"><div class=\"heading-text el-text\" ><\/p>\n<h3><span style=\"color: #000080;\">Lenguaje Inclusivo y Atractivo<\/span><\/h3>\n<p>\n<\/div><div class=\"clear\"><\/div><\/div><div class=\"uncode_text_column text-lead\" ><\/p>\n<ul>\n<li><span style=\"color: #000000;\"><strong>Inclusividad: <\/strong>Usa un lenguaje inclusivo para asegurar que tu anuncio de empleo atraiga a una amplia gama de candidatos.<\/span><\/li>\n<li><span style=\"color: #000000;\"><strong>Compromiso:<\/strong> Redacta contenido atractivo que resuene con las aspiraciones y valores de los candidatos potenciales.<\/span><span style=\"color: #000000;\"><br \/>\n<\/span><\/li>\n<\/ul>\n<p>\n<\/div><\/div><\/div><\/div><\/div><\/div><script id=\"script-row-unique-3\" data-row=\"script-row-unique-3\" type=\"text\/javascript\" class=\"vc_controls\">UNCODE.initRow(document.getElementById(\"row-unique-3\"));<\/script><\/div><\/div><\/div><div data-parent=\"true\" class=\"vc_row row-container boomapps_vcrow\" id=\"row-unique-4\"><div class=\"row limit-width row-parent\"><div class=\"wpb_row row-inner\"><div class=\"wpb_column pos-top pos-center align_left column_parent col-lg-12 boomapps_vccolumn single-internal-gutter\"><div class=\"uncol style-light\"  ><div class=\"uncoltable\"><div class=\"uncell  boomapps_vccolumn no-block-padding\" ><div class=\"uncont\" ><div class=\"vc_custom_heading_wrap\"><div class=\"heading-text el-text\" ><\/p>\n<h2><span style=\"color: #000080;\">D\u00f3nde Publicar tus Anuncios de Empleo<\/span><\/h2>\n<p>\n<\/div><div class=\"clear\"><\/div><\/div><div class=\"uncode_text_column text-lead\" ><p><span style=\"color: #000000;\">Para llegar a los candidatos m\u00e1s cualificados, es crucial publicar tus anuncios de empleo en plataformas frecuentadas por profesionales del blockchain. En nuestro Mapeo de Portales de Empleo encontrar\u00e1s un resumen de portales de empleo de 27 pa\u00edses de la UE. Incluye tanto portales espec\u00edficos de cada pa\u00eds como plataformas universales conocidas por su amplio alcance en la industria blockchain.<\/span><\/p>\n<\/div><div class=\"vc_row row-internal row-container boomapps_vcrow\"><div class=\"row row-child\"><div class=\"wpb_row row-inner\"><div class=\"wpb_column pos-top pos-center align_left column_child col-lg-4 boomapps_vccolumn single-internal-gutter\"><div class=\"uncol style-light\" ><div class=\"uncoltable\"><div class=\"uncell  boomapps_vccolumn no-block-padding\" ><div class=\"uncont\" ><\/div><\/div><\/div><\/div><\/div><div class=\"wpb_column pos-top pos-center align_left column_child col-lg-4 boomapps_vccolumn single-internal-gutter\"><div class=\"uncol style-light\" ><div class=\"uncoltable\"><div class=\"uncell  boomapps_vccolumn no-block-padding\" ><div class=\"uncont\" ><span class=\"btn-container\" ><a role=\"button\"  href=\"https:\/\/chaise-blockchainskills.eu\/es\/for-job-seekers-kickstart-your-blockchain-career\/\" class=\"custom-link btn border-width-0 btn-default btn-icon-left\" target=\"_blank\">Explora el Mapeo de Portales de Empleo<\/a><\/span><\/div><\/div><\/div><\/div><\/div><div class=\"wpb_column pos-top pos-center align_left column_child col-lg-4 boomapps_vccolumn single-internal-gutter\"><div class=\"uncol style-light\" ><div class=\"uncoltable\"><div class=\"uncell  boomapps_vccolumn no-block-padding\" ><div class=\"uncont\" ><\/div><\/div><\/div><\/div><\/div><\/div><\/div><\/div><\/div><\/div><\/div><\/div><\/div><script id=\"script-row-unique-4\" data-row=\"script-row-unique-4\" type=\"text\/javascript\" class=\"vc_controls\">UNCODE.initRow(document.getElementById(\"row-unique-4\"));<\/script><\/div><\/div><\/div><div data-parent=\"true\" class=\"vc_row row-container boomapps_vcrow\" id=\"row-unique-5\"><div class=\"row limit-width row-parent\"><div class=\"wpb_row row-inner\"><div class=\"wpb_column pos-top pos-center align_left column_parent col-lg-12 boomapps_vccolumn single-internal-gutter\"><div class=\"uncol style-light\"  ><div class=\"uncoltable\"><div class=\"uncell  boomapps_vccolumn no-block-padding\" ><div class=\"uncont\" ><\/div><\/div><\/div><\/div><\/div><script id=\"script-row-unique-5\" data-row=\"script-row-unique-5\" type=\"text\/javascript\" class=\"vc_controls\">UNCODE.initRow(document.getElementById(\"row-unique-5\"));<\/script><\/div><\/div><\/div>\n<\/div>","protected":false},"excerpt":{"rendered":"Attracting Top Blockchain TalentA guide for employers to attract top Blockchain talentAs the blockchain industry continues to grow, the demand [...]","protected":false},"author":13,"featured_media":88708,"parent":0,"menu_order":0,"comment_status":"closed","ping_status":"closed","template":"","meta":{"footnotes":""},"class_list":["post-88696","page","type-page","status-publish","has-post-thumbnail","hentry"],"yoast_head":"<!-- This site is optimized with the Yoast SEO plugin v27.4 - https:\/\/yoast.com\/product\/yoast-seo-wordpress\/ -->\n<title>For Employers - Attract Top Blockchain Talents - Chaise Blockchainskills<\/title>\n<meta name=\"robots\" content=\"index, follow, max-snippet:-1, max-image-preview:large, max-video-preview:-1\" \/>\n<link rel=\"canonical\" href=\"https:\/\/chaise-blockchainskills.eu\/es\/for-employers-attract-top-blockchain-talents\/\" \/>\n<meta property=\"og:locale\" content=\"es_ES\" \/>\n<meta property=\"og:type\" content=\"article\" \/>\n<meta property=\"og:title\" content=\"For Employers - Attract Top Blockchain Talents - Chaise Blockchainskills\" \/>\n<meta property=\"og:url\" content=\"https:\/\/chaise-blockchainskills.eu\/es\/for-employers-attract-top-blockchain-talents\/\" \/>\n<meta property=\"og:site_name\" content=\"Chaise Blockchainskills\" \/>\n<meta property=\"article:modified_time\" content=\"2024-08-05T09:40:33+00:00\" \/>\n<meta property=\"og:image\" content=\"https:\/\/chaise-blockchainskills.eu\/wp-content\/uploads\/2024\/07\/1.png\" \/>\n\t<meta property=\"og:image:width\" content=\"1500\" \/>\n\t<meta property=\"og:image:height\" content=\"607\" \/>\n\t<meta property=\"og:image:type\" content=\"image\/png\" \/>\n<meta name=\"twitter:card\" content=\"summary_large_image\" \/>\n<meta name=\"twitter:label1\" content=\"Tiempo de lectura\" \/>\n\t<meta name=\"twitter:data1\" content=\"3 minutos\" \/>\n<script type=\"application\/ld+json\" class=\"yoast-schema-graph\">{\"@context\":\"https:\\\/\\\/schema.org\",\"@graph\":[{\"@type\":\"WebPage\",\"@id\":\"https:\\\/\\\/chaise-blockchainskills.eu\\\/for-employers-attract-top-blockchain-talents\\\/\",\"url\":\"https:\\\/\\\/chaise-blockchainskills.eu\\\/for-employers-attract-top-blockchain-talents\\\/\",\"name\":\"For Employers - Attract Top Blockchain Talents - Chaise Blockchainskills\",\"isPartOf\":{\"@id\":\"https:\\\/\\\/chaise-blockchainskills.eu\\\/#website\"},\"primaryImageOfPage\":{\"@id\":\"https:\\\/\\\/chaise-blockchainskills.eu\\\/for-employers-attract-top-blockchain-talents\\\/#primaryimage\"},\"image\":{\"@id\":\"https:\\\/\\\/chaise-blockchainskills.eu\\\/for-employers-attract-top-blockchain-talents\\\/#primaryimage\"},\"thumbnailUrl\":\"https:\\\/\\\/chaise-blockchainskills.eu\\\/wp-content\\\/uploads\\\/2024\\\/07\\\/1.png\",\"datePublished\":\"2024-07-10T15:43:32+00:00\",\"dateModified\":\"2024-08-05T09:40:33+00:00\",\"breadcrumb\":{\"@id\":\"https:\\\/\\\/chaise-blockchainskills.eu\\\/for-employers-attract-top-blockchain-talents\\\/#breadcrumb\"},\"inLanguage\":\"es\",\"potentialAction\":[{\"@type\":\"ReadAction\",\"target\":[\"https:\\\/\\\/chaise-blockchainskills.eu\\\/for-employers-attract-top-blockchain-talents\\\/\"]}]},{\"@type\":\"ImageObject\",\"inLanguage\":\"es\",\"@id\":\"https:\\\/\\\/chaise-blockchainskills.eu\\\/for-employers-attract-top-blockchain-talents\\\/#primaryimage\",\"url\":\"https:\\\/\\\/chaise-blockchainskills.eu\\\/wp-content\\\/uploads\\\/2024\\\/07\\\/1.png\",\"contentUrl\":\"https:\\\/\\\/chaise-blockchainskills.eu\\\/wp-content\\\/uploads\\\/2024\\\/07\\\/1.png\",\"width\":1500,\"height\":607},{\"@type\":\"BreadcrumbList\",\"@id\":\"https:\\\/\\\/chaise-blockchainskills.eu\\\/for-employers-attract-top-blockchain-talents\\\/#breadcrumb\",\"itemListElement\":[{\"@type\":\"ListItem\",\"position\":1,\"name\":\"Home\",\"item\":\"https:\\\/\\\/chaise-blockchainskills.eu\\\/\"},{\"@type\":\"ListItem\",\"position\":2,\"name\":\"For Employers &#8211; Attract Top Blockchain Talents\"}]},{\"@type\":\"WebSite\",\"@id\":\"https:\\\/\\\/chaise-blockchainskills.eu\\\/#website\",\"url\":\"https:\\\/\\\/chaise-blockchainskills.eu\\\/\",\"name\":\"Chaise Blockchainskills\",\"description\":\"Blockchain Skills for Europe\",\"potentialAction\":[{\"@type\":\"SearchAction\",\"target\":{\"@type\":\"EntryPoint\",\"urlTemplate\":\"https:\\\/\\\/chaise-blockchainskills.eu\\\/?s={search_term_string}\"},\"query-input\":{\"@type\":\"PropertyValueSpecification\",\"valueRequired\":true,\"valueName\":\"search_term_string\"}}],\"inLanguage\":\"es\"}]}<\/script>\n<!-- \/ Yoast SEO plugin. -->","yoast_head_json":{"title":"For Employers - Attract Top Blockchain Talents - Chaise Blockchainskills","robots":{"index":"index","follow":"follow","max-snippet":"max-snippet:-1","max-image-preview":"max-image-preview:large","max-video-preview":"max-video-preview:-1"},"canonical":"https:\/\/chaise-blockchainskills.eu\/es\/for-employers-attract-top-blockchain-talents\/","og_locale":"es_ES","og_type":"article","og_title":"For Employers - Attract Top Blockchain Talents - Chaise Blockchainskills","og_url":"https:\/\/chaise-blockchainskills.eu\/es\/for-employers-attract-top-blockchain-talents\/","og_site_name":"Chaise Blockchainskills","article_modified_time":"2024-08-05T09:40:33+00:00","og_image":[{"width":1500,"height":607,"url":"https:\/\/chaise-blockchainskills.eu\/wp-content\/uploads\/2024\/07\/1.png","type":"image\/png"}],"twitter_card":"summary_large_image","twitter_misc":{"Tiempo de lectura":"3 minutos"},"schema":{"@context":"https:\/\/schema.org","@graph":[{"@type":"WebPage","@id":"https:\/\/chaise-blockchainskills.eu\/for-employers-attract-top-blockchain-talents\/","url":"https:\/\/chaise-blockchainskills.eu\/for-employers-attract-top-blockchain-talents\/","name":"For Employers - Attract Top Blockchain Talents - Chaise Blockchainskills","isPartOf":{"@id":"https:\/\/chaise-blockchainskills.eu\/#website"},"primaryImageOfPage":{"@id":"https:\/\/chaise-blockchainskills.eu\/for-employers-attract-top-blockchain-talents\/#primaryimage"},"image":{"@id":"https:\/\/chaise-blockchainskills.eu\/for-employers-attract-top-blockchain-talents\/#primaryimage"},"thumbnailUrl":"https:\/\/chaise-blockchainskills.eu\/wp-content\/uploads\/2024\/07\/1.png","datePublished":"2024-07-10T15:43:32+00:00","dateModified":"2024-08-05T09:40:33+00:00","breadcrumb":{"@id":"https:\/\/chaise-blockchainskills.eu\/for-employers-attract-top-blockchain-talents\/#breadcrumb"},"inLanguage":"es","potentialAction":[{"@type":"ReadAction","target":["https:\/\/chaise-blockchainskills.eu\/for-employers-attract-top-blockchain-talents\/"]}]},{"@type":"ImageObject","inLanguage":"es","@id":"https:\/\/chaise-blockchainskills.eu\/for-employers-attract-top-blockchain-talents\/#primaryimage","url":"https:\/\/chaise-blockchainskills.eu\/wp-content\/uploads\/2024\/07\/1.png","contentUrl":"https:\/\/chaise-blockchainskills.eu\/wp-content\/uploads\/2024\/07\/1.png","width":1500,"height":607},{"@type":"BreadcrumbList","@id":"https:\/\/chaise-blockchainskills.eu\/for-employers-attract-top-blockchain-talents\/#breadcrumb","itemListElement":[{"@type":"ListItem","position":1,"name":"Home","item":"https:\/\/chaise-blockchainskills.eu\/"},{"@type":"ListItem","position":2,"name":"For Employers &#8211; Attract Top Blockchain Talents"}]},{"@type":"WebSite","@id":"https:\/\/chaise-blockchainskills.eu\/#website","url":"https:\/\/chaise-blockchainskills.eu\/","name":"Chaise Blockchainskills","description":"Habilidades de Blockchain para Europa","potentialAction":[{"@type":"SearchAction","target":{"@type":"EntryPoint","urlTemplate":"https:\/\/chaise-blockchainskills.eu\/?s={search_term_string}"},"query-input":{"@type":"PropertyValueSpecification","valueRequired":true,"valueName":"search_term_string"}}],"inLanguage":"es"}]}},"_links":{"self":[{"href":"https:\/\/chaise-blockchainskills.eu\/es\/wp-json\/wp\/v2\/pages\/88696","targetHints":{"allow":["GET"]}}],"collection":[{"href":"https:\/\/chaise-blockchainskills.eu\/es\/wp-json\/wp\/v2\/pages"}],"about":[{"href":"https:\/\/chaise-blockchainskills.eu\/es\/wp-json\/wp\/v2\/types\/page"}],"author":[{"embeddable":true,"href":"https:\/\/chaise-blockchainskills.eu\/es\/wp-json\/wp\/v2\/users\/13"}],"replies":[{"embeddable":true,"href":"https:\/\/chaise-blockchainskills.eu\/es\/wp-json\/wp\/v2\/comments?post=88696"}],"version-history":[{"count":3,"href":"https:\/\/chaise-blockchainskills.eu\/es\/wp-json\/wp\/v2\/pages\/88696\/revisions"}],"predecessor-version":[{"id":88764,"href":"https:\/\/chaise-blockchainskills.eu\/es\/wp-json\/wp\/v2\/pages\/88696\/revisions\/88764"}],"wp:featuredmedia":[{"embeddable":true,"href":"https:\/\/chaise-blockchainskills.eu\/es\/wp-json\/wp\/v2\/media\/88708"}],"wp:attachment":[{"href":"https:\/\/chaise-blockchainskills.eu\/es\/wp-json\/wp\/v2\/media?parent=88696"}],"curies":[{"name":"wp","href":"https:\/\/api.w.org\/{rel}","templated":true}]}}