{"id":84345,"date":"2021-03-04T11:30:54","date_gmt":"2021-03-04T11:30:54","guid":{"rendered":"https:\/\/chaise-blockchainskills.eu\/?page_id=84345"},"modified":"2021-04-12T14:38:47","modified_gmt":"2021-04-12T14:38:47","slug":"objectives","status":"publish","type":"page","link":"https:\/\/chaise-blockchainskills.eu\/et\/objectives\/","title":{"rendered":"Eesm\u00e4rgid"},"content":{"rendered":"<div class=\"wpb-content-wrapper\"><div data-parent=\"true\" class=\"vc_row has-bg need-focus style-accent-bg row-container boomapps_vcrow\" id=\"row-unique-0\"><div class=\"row-background background-element\">\n\t\t\t\t\t\t\t\t\t\t\t<div class=\"background-wrapper\">\n\t\t\t\t\t\t\t\t\t\t\t\t<div class=\"background-inner\" style=\"background-image: url(https:\/\/chaise-blockchainskills.eu\/wp-content\/uploads\/2021\/03\/chaise-smaller-hat.jpg);background-repeat: no-repeat;background-position: center center;background-attachment: scroll;background-size: cover;\"><\/div>\n\t\t\t\t\t\t\t\t\t\t\t\t<div class=\"block-bg-overlay style-color-wayh-bg\" style=\"opacity: 0.66;\"><\/div>\n\t\t\t\t\t\t\t\t\t\t\t<\/div>\n\t\t\t\t\t\t\t\t\t\t<\/div><div class=\"row unequal single-top-padding one-bottom-padding single-h-padding full-width row-parent\" data-height-ratio=\"60\" data-minheight=\"350\"><div class=\"wpb_row row-inner\"><div class=\"wpb_column pos-bottom pos-center align_left column_parent col-lg-12 boomapps_vccolumn single-internal-gutter\"><div class=\"uncol style-spec style-dark\"  ><div class=\"uncoltable\"><div class=\"uncell  boomapps_vccolumn no-block-padding\" ><div class=\"uncont\" ><div class=\"vc_row row-internal row-container boomapps_vcrow\"><div class=\"row row-child\"><div class=\"wpb_row row-inner\"><div class=\"wpb_column pos-bottom pos-center align_center column_child col-lg-12 boomapps_vccolumn single-internal-gutter\"><div class=\"uncol style-spec style-dark animate_when_almost_visible alpha-anim\" data-delay=\"200\"><div class=\"uncoltable\"><div class=\"uncell  boomapps_vccolumn no-block-padding\" ><div class=\"uncont\" ><div class=\"vc_custom_heading_wrap\"><div class=\"heading-text el-text\" ><h2 class=\"fontsize-338686\" ><span>Eesm\u00e4rgid<\/span><\/h2><\/div><div class=\"clear\"><\/div><\/div><\/div><\/div><\/div><\/div><\/div><\/div><\/div><\/div><\/div><\/div><\/div><\/div><\/div><script id=\"script-row-unique-0\" data-row=\"script-row-unique-0\" type=\"text\/javascript\" class=\"vc_controls\">UNCODE.initRow(document.getElementById(\"row-unique-0\"));<\/script><\/div><\/div><\/div><div data-parent=\"true\" class=\"vc_row row-container boomapps_vcrow\" id=\"row-unique-1\"><div class=\"row quad-top-padding quad-bottom-padding single-h-padding limit-width row-parent\"><div class=\"wpb_row row-inner\"><div class=\"wpb_column pos-top pos-center align_center column_parent col-lg-12 boomapps_vccolumn single-internal-gutter\"><div class=\"uncol style-light\"  ><div class=\"uncoltable\"><div class=\"uncell  boomapps_vccolumn\" ><div class=\"uncont no-block-padding col-custom-width\" style=\" max-width:600px;\" ><div class=\"vc_custom_heading_wrap\"><div class=\"heading-text el-text\" ><h6 class=\"h2 fontspace-210350 text-color-nhtu-color text-uppercase\" ><span>EUROOPALE VAJALIKE  PLOKIAHELAOSKUSTE TAGAMINE<\/span><\/h6><\/div><div class=\"clear\"><\/div><\/div><div class=\"vc_row row-internal row-container boomapps_vcrow\"><div class=\"row row-child\"><div class=\"wpb_row row-inner\"><div class=\"wpb_column pos-top pos-left align_center column_child col-lg-12 boomapps_vccolumn single-internal-gutter\"><div class=\"uncol style-light\" ><div class=\"uncoltable\"><div class=\"uncell  boomapps_vccolumn no-block-padding\" ><div class=\"uncont\" ><div class=\"vc_custom_heading_wrap\"><div class=\"heading-text el-text\" ><\/p>\n<h3><span class=\"font-377884\">CHAISE\u2019i eesm\u00e4rk on leevendada  oskuste n\u00f5udlusele mittevastavust, luues valdkonna vajadustega arvestava, avatud ja kaasava plokiahelaoskuste halduss\u00fcsteemi. Projekt pakub asjakohaseid ja tulevikukindlaid koolituslahendusi, liikuvuskavasid ja kutseoskusi, suurendades sektori atraktiivsust, eriti noorte eurooplaste jaoks.<\/span><\/h3>\n<p>\n<\/div><div class=\"clear\"><\/div><\/div><div class=\"uncode_text_column\" ><p>CHAISE eesm\u00e4rk on lahendada oskuste ebak\u00f5la, luues valdkonna vajadustele vastava avatud, kaasava plokiahela oskuste haldamise s\u00fcsteemi. Projekt pakub asjakohaseid ja tulevikukindlaid koolituslahendusi, liikuvuskavasid ja kvalifikatsiooni, suurendades veelgi sektori atraktiivsust, eriti noorte eurooplaste jaoks.<\/p>\n<\/div><\/div><\/div><\/div><\/div><\/div><\/div><\/div><\/div><\/div><\/div><\/div><\/div><\/div><script id=\"script-row-unique-1\" data-row=\"script-row-unique-1\" type=\"text\/javascript\" class=\"vc_controls\">UNCODE.initRow(document.getElementById(\"row-unique-1\"));<\/script><\/div><\/div><\/div><div data-parent=\"true\" class=\"vc_row row-container boomapps_vcrow\" style=\"z-index: 1;\" id=\"row-unique-2\"><div class=\"row quad-top-padding quad-bottom-padding single-h-padding limit-width row-parent\"><div class=\"wpb_row row-inner\"><div class=\"wpb_column pos-top pos-center align_left column_parent col-lg-12 boomapps_vccolumn double-internal-gutter\"><div class=\"uncol style-light\"  ><div class=\"uncoltable\"><div class=\"uncell  boomapps_vccolumn\" ><div class=\"uncont no-block-padding col-custom-width\" style=\" max-width:900px;\" ><div class=\"vc_row row-internal row-container boomapps_vcrow\"><div class=\"row unequal col-double-gutter row-child\"><div class=\"wpb_row row-inner\"><div class=\"wpb_column pos-top pos-center align_left column_child col-lg-6 boomapps_vccolumn col-md-33 single-internal-gutter\"><div class=\"uncol style-light\" ><div class=\"uncoltable\"><div class=\"uncell  boomapps_vccolumn no-block-padding  unradius-sm\" ><div class=\"uncont\" ><div class=\"icon-box icon-box-left\" ><div class=\"icon-box-icon fa-container\" ><span class=\"text-accent-color btn-disable-hover\"><i class=\"fa fa-edit2 fa-4x fa-fw\"><\/i><\/span><\/div><div class=\"icon-box-content\"><div class=\"icon-box-heading icon-box-fa-4x\"><h3 class=\"h4\">Institutsionaalse toetuse saanud Euroopa plokiahelaoskuste strateegia<\/h3><\/div><p>Plokiahelaoskuste strateegia koostamiseks toob CHAISE \u00fche laua \u00fcmber t\u00f6\u00f6stust, akadeemilisi ringkondi, poliitikakujundajaid ja teadlasi esindavad sidusr\u00fchmad k\u00f5ikjalt Euroopa Liidust. Selle strateegiaga luuakse valdkondliku koost\u00f6\u00f6 raamistik ja visandatakse meetmed oskuste nappuse ja n\u00f5udlusele mittevastavuse k\u00f5rvaldamiseks.<\/p>\n<\/div><\/div><\/div><\/div><\/div><\/div><\/div><div class=\"wpb_column pos-top pos-center align_left column_child col-lg-6 boomapps_vccolumn col-md-33 single-internal-gutter\"><div class=\"uncol style-light\" ><div class=\"uncoltable\"><div class=\"uncell  boomapps_vccolumn no-block-padding  unradius-sm\" ><div class=\"uncont\" ><div class=\"icon-box icon-box-left\" ><div class=\"icon-box-icon fa-container\" ><span class=\"text-accent-color btn-disable-hover\"><i class=\"fa fa-magnifying-glass fa-4x fa-fw\"><\/i><\/span><\/div><div class=\"icon-box-content\"><div class=\"icon-box-heading icon-box-fa-4x\"><h3 class=\"h4\">Mehhanism, mis aitab prognoosida plokiahelaoskuste vajadust tulevikus<\/h3><\/div><p>CHAISE loob plokiahelaoskuste vajaduse ennustamiseks  koost\u00f6\u00f6meetodi, mis toimiks varajase hoiatuse teabemehhanismina, mille abil leevendada v\u00f5imalikku ebak\u00f5la n\u00f5udluse ja pakkumise vahel.<\/p>\n<\/div><\/div><\/div><\/div><\/div><\/div><\/div><\/div><\/div><\/div><div class=\"vc_row row-internal row-container boomapps_vcrow\"><div class=\"row unequal col-double-gutter row-child\"><div class=\"wpb_row row-inner\"><div class=\"wpb_column pos-top pos-center align_left column_child col-lg-6 boomapps_vccolumn col-md-33 single-internal-gutter\"><div class=\"uncol style-light\" ><div class=\"uncoltable\"><div class=\"uncell  boomapps_vccolumn no-block-padding  unradius-sm\" ><div class=\"uncont\" ><div class=\"icon-box icon-box-left\" ><div class=\"icon-box-icon fa-container\" ><span class=\"text-accent-color btn-disable-hover\"><i class=\"fa fa-toolbox fa-4x fa-fw\"><\/i><\/span><\/div><div class=\"icon-box-content\"><div class=\"icon-box-heading icon-box-fa-4x\"><h3 class=\"h4\">Esmakordselt kehtestatakse  plokiahelaspetsialisti ametiprofiili<\/h3><\/div><p>Kogu ELis kehtivate plokiahelaspetsialistide kutsen\u00f5uete kindlaksm\u00e4\u00e4ramine, et v\u00e4ltida t\u00f6\u00f6turu killustatust, ja \u00fchtsete n\u00f5uete kehtestamine plokiahelaoskuste \u00f5petamisele k\u00f5ikjal ELis.<\/p>\n<\/div><\/div><\/div><\/div><\/div><\/div><\/div><div class=\"wpb_column pos-top pos-center align_left column_child col-lg-6 boomapps_vccolumn col-md-33 single-internal-gutter\"><div class=\"uncol style-light\" ><div class=\"uncoltable\"><div class=\"uncell  boomapps_vccolumn no-block-padding  unradius-sm\" ><div class=\"uncont\" ><div class=\"icon-box icon-box-left\" ><div class=\"icon-box-icon fa-container\" ><span class=\"text-accent-color btn-disable-hover\"><i class=\"fa fa-graduation-hat fa-4x fa-fw\"><\/i><\/span><\/div><div class=\"icon-box-content\"><div class=\"icon-box-heading icon-box-fa-4x\"><h3 class=\"h4\">Uuenduslik, viis semestrit kestev plokiahela kutsehariduse ja -\u00f5ppe programm 11 ELi keeles<\/h3><\/div><p>CHAISE t\u00f6\u00f6tab v\u00e4lja plokiahela  koolitusprogrammi tehniliste, mittetehniliste ja valdkondadevaheliste oskuste tagamiseks. Lisaks tehakse k\u00f5ik \u00f5ppematerjalid k\u00f5igile k\u00e4ttesaadavaks avatud veebikursuse (MOOC) kaudu.<\/p>\n<\/div><\/div><\/div><\/div><\/div><\/div><\/div><\/div><\/div><\/div><div class=\"vc_row row-internal row-container boomapps_vcrow\"><div class=\"row unequal col-double-gutter row-child\"><div class=\"wpb_row row-inner\"><div class=\"wpb_column pos-top pos-center align_left column_child col-lg-6 boomapps_vccolumn col-md-33 single-internal-gutter\"><div class=\"uncol style-light\" ><div class=\"uncoltable\"><div class=\"uncell  boomapps_vccolumn no-block-padding  unradius-sm\" ><div class=\"uncont\" ><div class=\"icon-box icon-box-left\" ><div class=\"icon-box-icon fa-container\" ><span class=\"text-accent-color btn-disable-hover\"><i class=\"fa fa-repeat2 fa-4x fa-fw\"><\/i><\/span><\/div><div class=\"icon-box-content\"><div class=\"icon-box-heading icon-box-fa-4x\"><h3 class=\"h4\">Rahvusvahelised liikuvuskavad plokiahela \u00fcli\u00f5pilastele ja spetsialistidele<\/h3><\/div><p class=\"translation-block\">CHAISE toetab \u00fcli\u00f5pilasi ja erialast piiri\u00fclest liikuvust, tugevdades partnerlust haridus- ja koolitusasutuste ning ettev\u00f5tete vahel ning k\u00e4ivitades plokiahelaspetsialistide  karj\u00e4\u00e4rin\u00f5ustamise ja vilistlaste platvormi.<\/p>\n<\/div><\/div><\/div><\/div><\/div><\/div><\/div><div class=\"wpb_column pos-top pos-center align_left column_child col-lg-6 boomapps_vccolumn col-md-33 single-internal-gutter\"><div class=\"uncol style-light\" ><div class=\"uncoltable\"><div class=\"uncell  boomapps_vccolumn no-block-padding  unradius-sm\" ><div class=\"uncont\" ><div class=\"icon-box icon-box-left\" ><div class=\"icon-box-icon fa-container\" ><span class=\"text-accent-color btn-disable-hover\"><i class=\"fa fa-attachment fa-4x fa-fw\"><\/i><\/span><\/div><div class=\"icon-box-content\"><div class=\"icon-box-heading icon-box-fa-4x\"><h3 class=\"h4\">Euroopa plokiahela \u00f6kos\u00fcsteem<\/h3><\/div><p class=\"translation-block\">CHAISE t\u00f6\u00f6tab v\u00e4lja strateegilise koost\u00f6\u00f6 mehhanismid Euroopa ja riiklikul tasandil, n\u00e4iteks riiklikud plokiahelaoskuste partnerlused, tagamaks, et riiklikud probleemid kajastuksid kogu ELi h\u00f5lmavates lahendustes, rakendab ELi tasandi valdkondlikku oskuste strateegiat riiklikul tasandil ning j\u00e4lgib Euroopa plokiahelaoskuste koost\u00f6\u00f6v\u00f5rgustiku kaudu oskuste strateegia rakendamist.<\/p>\n<\/div><\/div><\/div><\/div><\/div><\/div><\/div><\/div><\/div><\/div><\/div><\/div><\/div><\/div><\/div><script id=\"script-row-unique-2\" data-row=\"script-row-unique-2\" type=\"text\/javascript\" class=\"vc_controls\">UNCODE.initRow(document.getElementById(\"row-unique-2\"));<\/script><\/div><\/div><\/div>\n<\/div>","protected":false},"excerpt":{"rendered":"ObjectivesDelivering blockchain skills for EuropeAmbitious goals to tackle Blockchain skills mismatches in Europe and create a EU Blockchain skills ecosystem [...]","protected":false},"author":3,"featured_media":84001,"parent":0,"menu_order":0,"comment_status":"closed","ping_status":"closed","template":"","meta":{"footnotes":""},"class_list":["post-84345","page","type-page","status-publish","has-post-thumbnail","hentry"],"yoast_head":"<!-- This site is optimized with the Yoast SEO plugin v27.3 - https:\/\/yoast.com\/product\/yoast-seo-wordpress\/ -->\n<title>Objectives - Chaise Blockchainskills<\/title>\n<meta name=\"robots\" content=\"index, follow, max-snippet:-1, max-image-preview:large, max-video-preview:-1\" \/>\n<link rel=\"canonical\" href=\"https:\/\/chaise-blockchainskills.eu\/et\/objectives\/\" \/>\n<meta property=\"og:locale\" content=\"et_EE\" \/>\n<meta property=\"og:type\" content=\"article\" \/>\n<meta property=\"og:title\" content=\"Objectives - Chaise Blockchainskills\" \/>\n<meta property=\"og:url\" content=\"https:\/\/chaise-blockchainskills.eu\/et\/objectives\/\" \/>\n<meta property=\"og:site_name\" content=\"Chaise Blockchainskills\" \/>\n<meta property=\"article:modified_time\" content=\"2021-04-12T14:38:47+00:00\" \/>\n<meta property=\"og:image\" content=\"https:\/\/chaise-blockchainskills.eu\/wp-content\/uploads\/2021\/03\/chaise-smaller-hat.jpg\" \/>\n\t<meta property=\"og:image:width\" content=\"1920\" \/>\n\t<meta property=\"og:image:height\" content=\"1080\" \/>\n\t<meta property=\"og:image:type\" content=\"image\/jpeg\" \/>\n<meta name=\"twitter:card\" content=\"summary_large_image\" \/>\n<meta name=\"twitter:image\" content=\"https:\/\/chaise-blockchainskills.eu\/wp-content\/uploads\/2021\/03\/chaise-smaller-hat.jpg\" \/>\n<meta name=\"twitter:label1\" content=\"Est. reading time\" \/>\n\t<meta name=\"twitter:data1\" content=\"3 minutit\" \/>\n<script type=\"application\/ld+json\" class=\"yoast-schema-graph\">{\"@context\":\"https:\\\/\\\/schema.org\",\"@graph\":[{\"@type\":\"WebPage\",\"@id\":\"https:\\\/\\\/chaise-blockchainskills.eu\\\/objectives\\\/\",\"url\":\"https:\\\/\\\/chaise-blockchainskills.eu\\\/objectives\\\/\",\"name\":\"Objectives - Chaise Blockchainskills\",\"isPartOf\":{\"@id\":\"https:\\\/\\\/chaise-blockchainskills.eu\\\/#website\"},\"primaryImageOfPage\":{\"@id\":\"https:\\\/\\\/chaise-blockchainskills.eu\\\/objectives\\\/#primaryimage\"},\"image\":{\"@id\":\"https:\\\/\\\/chaise-blockchainskills.eu\\\/objectives\\\/#primaryimage\"},\"thumbnailUrl\":\"https:\\\/\\\/chaise-blockchainskills.eu\\\/wp-content\\\/uploads\\\/2021\\\/02\\\/visual-2.png\",\"datePublished\":\"2021-03-04T11:30:54+00:00\",\"dateModified\":\"2021-04-12T14:38:47+00:00\",\"breadcrumb\":{\"@id\":\"https:\\\/\\\/chaise-blockchainskills.eu\\\/objectives\\\/#breadcrumb\"},\"inLanguage\":\"et\",\"potentialAction\":[{\"@type\":\"ReadAction\",\"target\":[\"https:\\\/\\\/chaise-blockchainskills.eu\\\/objectives\\\/\"]}]},{\"@type\":\"ImageObject\",\"inLanguage\":\"et\",\"@id\":\"https:\\\/\\\/chaise-blockchainskills.eu\\\/objectives\\\/#primaryimage\",\"url\":\"https:\\\/\\\/chaise-blockchainskills.eu\\\/wp-content\\\/uploads\\\/2021\\\/02\\\/visual-2.png\",\"contentUrl\":\"https:\\\/\\\/chaise-blockchainskills.eu\\\/wp-content\\\/uploads\\\/2021\\\/02\\\/visual-2.png\",\"width\":1920,\"height\":1080},{\"@type\":\"BreadcrumbList\",\"@id\":\"https:\\\/\\\/chaise-blockchainskills.eu\\\/objectives\\\/#breadcrumb\",\"itemListElement\":[{\"@type\":\"ListItem\",\"position\":1,\"name\":\"Home\",\"item\":\"https:\\\/\\\/chaise-blockchainskills.eu\\\/\"},{\"@type\":\"ListItem\",\"position\":2,\"name\":\"Objectives\"}]},{\"@type\":\"WebSite\",\"@id\":\"https:\\\/\\\/chaise-blockchainskills.eu\\\/#website\",\"url\":\"https:\\\/\\\/chaise-blockchainskills.eu\\\/\",\"name\":\"Chaise Blockchainskills\",\"description\":\"Blockchain Skills for Europe\",\"potentialAction\":[{\"@type\":\"SearchAction\",\"target\":{\"@type\":\"EntryPoint\",\"urlTemplate\":\"https:\\\/\\\/chaise-blockchainskills.eu\\\/?s={search_term_string}\"},\"query-input\":{\"@type\":\"PropertyValueSpecification\",\"valueRequired\":true,\"valueName\":\"search_term_string\"}}],\"inLanguage\":\"et\"}]}<\/script>\n<!-- \/ Yoast SEO plugin. -->","yoast_head_json":{"title":"Eesm\u00e4rgid - Chaise Blockchain oskused","robots":{"index":"index","follow":"follow","max-snippet":"max-snippet:-1","max-image-preview":"max-image-preview:large","max-video-preview":"max-video-preview:-1"},"canonical":"https:\/\/chaise-blockchainskills.eu\/et\/objectives\/","og_locale":"et_EE","og_type":"article","og_title":"Objectives - Chaise Blockchainskills","og_url":"https:\/\/chaise-blockchainskills.eu\/et\/objectives\/","og_site_name":"Chaise Blockchainskills","article_modified_time":"2021-04-12T14:38:47+00:00","og_image":[{"width":1920,"height":1080,"url":"https:\/\/chaise-blockchainskills.eu\/wp-content\/uploads\/2021\/03\/chaise-smaller-hat.jpg","type":"image\/jpeg"}],"twitter_card":"summary_large_image","twitter_image":"https:\/\/chaise-blockchainskills.eu\/wp-content\/uploads\/2021\/03\/chaise-smaller-hat.jpg","twitter_misc":{"Est. reading time":"3 minutit"},"schema":{"@context":"https:\/\/schema.org","@graph":[{"@type":"WebPage","@id":"https:\/\/chaise-blockchainskills.eu\/objectives\/","url":"https:\/\/chaise-blockchainskills.eu\/objectives\/","name":"Eesm\u00e4rgid - Chaise Blockchain oskused","isPartOf":{"@id":"https:\/\/chaise-blockchainskills.eu\/#website"},"primaryImageOfPage":{"@id":"https:\/\/chaise-blockchainskills.eu\/objectives\/#primaryimage"},"image":{"@id":"https:\/\/chaise-blockchainskills.eu\/objectives\/#primaryimage"},"thumbnailUrl":"https:\/\/chaise-blockchainskills.eu\/wp-content\/uploads\/2021\/02\/visual-2.png","datePublished":"2021-03-04T11:30:54+00:00","dateModified":"2021-04-12T14:38:47+00:00","breadcrumb":{"@id":"https:\/\/chaise-blockchainskills.eu\/objectives\/#breadcrumb"},"inLanguage":"et","potentialAction":[{"@type":"ReadAction","target":["https:\/\/chaise-blockchainskills.eu\/objectives\/"]}]},{"@type":"ImageObject","inLanguage":"et","@id":"https:\/\/chaise-blockchainskills.eu\/objectives\/#primaryimage","url":"https:\/\/chaise-blockchainskills.eu\/wp-content\/uploads\/2021\/02\/visual-2.png","contentUrl":"https:\/\/chaise-blockchainskills.eu\/wp-content\/uploads\/2021\/02\/visual-2.png","width":1920,"height":1080},{"@type":"BreadcrumbList","@id":"https:\/\/chaise-blockchainskills.eu\/objectives\/#breadcrumb","itemListElement":[{"@type":"ListItem","position":1,"name":"Home","item":"https:\/\/chaise-blockchainskills.eu\/"},{"@type":"ListItem","position":2,"name":"Objectives"}]},{"@type":"WebSite","@id":"https:\/\/chaise-blockchainskills.eu\/#website","url":"https:\/\/chaise-blockchainskills.eu\/","name":"Chaise Blockchain oskused","description":"Blockchain Skills for Europe","potentialAction":[{"@type":"SearchAction","target":{"@type":"EntryPoint","urlTemplate":"https:\/\/chaise-blockchainskills.eu\/?s={search_term_string}"},"query-input":{"@type":"PropertyValueSpecification","valueRequired":true,"valueName":"search_term_string"}}],"inLanguage":"et"}]}},"_links":{"self":[{"href":"https:\/\/chaise-blockchainskills.eu\/et\/wp-json\/wp\/v2\/pages\/84345","targetHints":{"allow":["GET"]}}],"collection":[{"href":"https:\/\/chaise-blockchainskills.eu\/et\/wp-json\/wp\/v2\/pages"}],"about":[{"href":"https:\/\/chaise-blockchainskills.eu\/et\/wp-json\/wp\/v2\/types\/page"}],"author":[{"embeddable":true,"href":"https:\/\/chaise-blockchainskills.eu\/et\/wp-json\/wp\/v2\/users\/3"}],"replies":[{"embeddable":true,"href":"https:\/\/chaise-blockchainskills.eu\/et\/wp-json\/wp\/v2\/comments?post=84345"}],"version-history":[{"count":0,"href":"https:\/\/chaise-blockchainskills.eu\/et\/wp-json\/wp\/v2\/pages\/84345\/revisions"}],"wp:featuredmedia":[{"embeddable":true,"href":"https:\/\/chaise-blockchainskills.eu\/et\/wp-json\/wp\/v2\/media\/84001"}],"wp:attachment":[{"href":"https:\/\/chaise-blockchainskills.eu\/et\/wp-json\/wp\/v2\/media?parent=84345"}],"curies":[{"name":"wp","href":"https:\/\/api.w.org\/{rel}","templated":true}]}}