{"id":88613,"date":"2024-06-26T12:21:26","date_gmt":"2024-06-26T12:21:26","guid":{"rendered":"https:\/\/chaise-blockchainskills.eu\/?page_id=88613"},"modified":"2024-06-26T12:21:26","modified_gmt":"2024-06-26T12:21:26","slug":"chaise-national-information-day-for-slovenia-event-report","status":"publish","type":"page","link":"https:\/\/chaise-blockchainskills.eu\/et\/chaise-national-information-day-for-slovenia-event-report\/","title":{"rendered":"CHAISE National Information Day for Slovenia &#8211; Event Report"},"content":{"rendered":"<div class=\"wpb-content-wrapper\"><div data-parent=\"true\" class=\"vc_row has-bg need-focus style-color-nhtu-bg row-container boomapps_vcrow\" id=\"row-unique-0\"><div class=\"row limit-width row-parent\"><div class=\"wpb_row row-inner\"><div class=\"wpb_column pos-top pos-center align_left column_parent col-lg-12 boomapps_vccolumn single-internal-gutter\"><div class=\"uncol style-light\"  ><div class=\"uncoltable\"><div class=\"uncell  boomapps_vccolumn no-block-padding\" ><div class=\"uncont\" ><div class=\"vc_custom_heading_wrap\"><div class=\"heading-text el-text\" ><\/p>\n<h4><span style=\"color: #ffffff;\"><strong>Event report: <\/strong>CHAISE National Information Day for Slovenia, <strong>4 June 2024<\/strong><\/span><\/h4>\n<p>\n<\/div><div class=\"clear\"><\/div><\/div><\/div><\/div><\/div><\/div><\/div><script id=\"script-row-unique-0\" data-row=\"script-row-unique-0\" type=\"text\/javascript\" class=\"vc_controls\">UNCODE.initRow(document.getElementById(\"row-unique-0\"));<\/script><\/div><\/div><\/div><div data-parent=\"true\" class=\"vc_row has-bg need-focus style-color-xsdn-bg row-container boomapps_vcrow\" id=\"row-unique-1\"><div class=\"row unequal quad-top-padding quad-bottom-padding single-h-padding limit-width row-parent\"><div class=\"wpb_row row-inner\"><div class=\"wpb_column pos-top pos-center align_left column_parent col-lg-12 boomapps_vccolumn single-internal-gutter\"><div class=\"uncol style-light\"  ><div class=\"uncoltable\"><div class=\"uncell  boomapps_vccolumn single-block-padding style-color-lxmt-bg has-bg\" ><div class=\"uncont\" ><div class=\"uncode_text_column\" ><\/p>\n<h4 style=\"text-align: center;\"><strong>CHAISE National Information Day for Slovenia<\/strong><\/h4>\n<p>\n<\/div><div class=\"uncode_text_column text-color-gyho-color\" ><\/p>\n<p style=\"text-align: center;\"><strong>4 June 2024<\/strong><\/p>\n<p>\n<\/div><div class=\"vc_row row-internal row-container boomapps_vcrow\"><div class=\"row row-child\"><div class=\"wpb_row row-inner\"><div class=\"wpb_column pos-top pos-center align_left column_child col-lg-12 boomapps_vccolumn single-internal-gutter\"><div class=\"uncol style-light\" ><div class=\"uncoltable\"><div class=\"uncell  boomapps_vccolumn no-block-padding\" ><div class=\"uncont\" ><div class=\"uncode-single-media  text-center\"><div class=\"single-wrapper\" style=\"max-width: 54%;\"><div class=\"tmb tmb-light  tmb-media-first tmb-media-last tmb-content-overlay tmb-no-bg\"><div class=\"t-inside\"><div class=\"t-entry-visual\"><div class=\"t-entry-visual-tc\"><div class=\"uncode-single-media-wrapper\"><img decoding=\"async\" class=\"wp-image-88614\" src=\"https:\/\/chaise-blockchainskills.eu\/wp-content\/uploads\/2024\/06\/CHAISE_Slo_national_infoday1.jpg\" width=\"600\" height=\"338\" alt=\"\" srcset=\"https:\/\/chaise-blockchainskills.eu\/wp-content\/uploads\/2024\/06\/CHAISE_Slo_national_infoday1.jpg 600w, https:\/\/chaise-blockchainskills.eu\/wp-content\/uploads\/2024\/06\/CHAISE_Slo_national_infoday1-300x169.jpg 300w, https:\/\/chaise-blockchainskills.eu\/wp-content\/uploads\/2024\/06\/CHAISE_Slo_national_infoday1-18x10.jpg 18w, https:\/\/chaise-blockchainskills.eu\/wp-content\/uploads\/2024\/06\/CHAISE_Slo_national_infoday1-350x197.jpg 350w\" sizes=\"(max-width: 600px) 100vw, 600px\" \/><\/div>\n\t\t\t\t\t<\/div>\n\t\t\t\t<\/div><\/div><\/div><\/div><\/div><\/div><\/div><\/div><\/div><\/div><\/div><\/div><\/div><div class=\"vc_row row-internal row-container boomapps_vcrow\"><div class=\"row row-child\"><div class=\"wpb_row row-inner\"><div class=\"wpb_column pos-top pos-center align_left column_child col-lg-12 boomapps_vccolumn single-internal-gutter\"><div class=\"uncol style-light\" ><div class=\"uncoltable\"><div class=\"uncell  boomapps_vccolumn no-block-padding\" ><div class=\"uncont\" style=\" max-width:80%;\" ><div class=\"uncode_text_column text-color-rgdb-color\" ><p>On June 4, CHAISE National Day for Slovenia was held at the KULT 316 Culinary and Tourism Centre in Ljubljana. The event featured insightful discussions and presentations focused on the CHAISE project\u2019s initiatives and achievements, as well as on the future of AI and blockchain.<\/p>\n<p>A key highlight of the event was the presentation of the CHAISE Blockchain Skills online course curriculum, followed by a discussion moderated by Barbara Kun\u010di\u010d Krape\u017e from the Institute of the Republic of Slovenia for Vocational Education and Training (CPI). Additionally, Lorcan Kelly from the Economic and Social Research Institute (ESRI) presented an approach for monitoring the blockchain labour market, which led to engaging conversations about forecasting methodologies and outcomes.<\/p>\n<p>The event included two significant lectures: one provided by Dr. Samo Bo\u017ei\u010d, who shared insights on blockchain-related professions and the lifecycle of technologies and and another one by\u00a0 Dr. Uro\u0161 Ocepek, who discussed the relationship between AI and Blockchain technology, exploring whether they are digital revolution brothers or technological investment rivals.<\/p>\n<p>Throughout the day, discussions underscored the necessity for significant changes to accommodate new technologies. There was a unanimous call for support from all stakeholders involved in developing and implementing these technologies. Overall, the consensus emphasized the need for training and education of both young and adult populations to meet labour market demands, adhere to sustainability principles, and enhance competitiveness.<\/p>\n<\/div><\/div><\/div><\/div><\/div><\/div><\/div><\/div><\/div><div class=\"vc_row row-internal row-container boomapps_vcrow\"><div class=\"row row-child\"><div class=\"wpb_row row-inner\"><div class=\"wpb_column pos-top pos-center align_left column_child col-lg-4 boomapps_vccolumn single-internal-gutter\"><div class=\"uncol style-light\" ><div class=\"uncoltable\"><div class=\"uncell  boomapps_vccolumn no-block-padding\" ><div class=\"uncont\" ><\/div><\/div><\/div><\/div><\/div><div class=\"wpb_column pos-top pos-center align_left column_child col-lg-4 boomapps_vccolumn single-internal-gutter\"><div class=\"uncol style-light\" ><div class=\"uncoltable\"><div class=\"uncell  boomapps_vccolumn no-block-padding\" ><div class=\"uncont\" ><\/div><\/div><\/div><\/div><\/div><div class=\"wpb_column pos-top pos-center align_left column_child col-lg-4 boomapps_vccolumn single-internal-gutter\"><div class=\"uncol style-light\" ><div class=\"uncoltable\"><div class=\"uncell  boomapps_vccolumn no-block-padding\" ><div class=\"uncont\" ><\/div><\/div><\/div><\/div><\/div><\/div><\/div><\/div><\/div><\/div><\/div><\/div><\/div><script id=\"script-row-unique-1\" data-row=\"script-row-unique-1\" type=\"text\/javascript\" class=\"vc_controls\">UNCODE.initRow(document.getElementById(\"row-unique-1\"));<\/script><\/div><\/div><\/div>\n<\/div>","protected":false},"excerpt":{"rendered":"Event report: CHAISE National Information Day for Slovenia, 4 June 2024 CHAISE National Information Day for Slovenia 4 June 2024 [...]","protected":false},"author":16,"featured_media":88618,"parent":0,"menu_order":0,"comment_status":"closed","ping_status":"closed","template":"","meta":{"footnotes":""},"class_list":["post-88613","page","type-page","status-publish","has-post-thumbnail","hentry"],"yoast_head":"<!-- This site is optimized with the Yoast SEO plugin v27.3 - https:\/\/yoast.com\/product\/yoast-seo-wordpress\/ -->\n<title>CHAISE National Information Day for Slovenia - Event Report - Chaise Blockchainskills<\/title>\n<meta name=\"robots\" content=\"index, follow, max-snippet:-1, max-image-preview:large, max-video-preview:-1\" \/>\n<link rel=\"canonical\" href=\"https:\/\/chaise-blockchainskills.eu\/et\/chaise-national-information-day-for-slovenia-event-report\/\" \/>\n<meta property=\"og:locale\" content=\"et_EE\" \/>\n<meta property=\"og:type\" content=\"article\" \/>\n<meta property=\"og:title\" content=\"CHAISE National Information Day for Slovenia - Event Report - Chaise Blockchainskills\" \/>\n<meta property=\"og:url\" content=\"https:\/\/chaise-blockchainskills.eu\/et\/chaise-national-information-day-for-slovenia-event-report\/\" \/>\n<meta property=\"og:site_name\" content=\"Chaise Blockchainskills\" \/>\n<meta property=\"og:image\" content=\"https:\/\/chaise-blockchainskills.eu\/wp-content\/uploads\/2024\/06\/CHAISE_Slo_national_infoday1-1.jpg\" \/>\n\t<meta property=\"og:image:width\" content=\"600\" \/>\n\t<meta property=\"og:image:height\" content=\"338\" \/>\n\t<meta property=\"og:image:type\" content=\"image\/jpeg\" \/>\n<meta name=\"twitter:card\" content=\"summary_large_image\" \/>\n<meta name=\"twitter:label1\" content=\"Est. reading time\" \/>\n\t<meta name=\"twitter:data1\" content=\"2 minutit\" \/>\n<script type=\"application\/ld+json\" class=\"yoast-schema-graph\">{\"@context\":\"https:\\\/\\\/schema.org\",\"@graph\":[{\"@type\":\"WebPage\",\"@id\":\"https:\\\/\\\/chaise-blockchainskills.eu\\\/chaise-national-information-day-for-slovenia-event-report\\\/\",\"url\":\"https:\\\/\\\/chaise-blockchainskills.eu\\\/chaise-national-information-day-for-slovenia-event-report\\\/\",\"name\":\"CHAISE National Information Day for Slovenia - Event Report - Chaise Blockchainskills\",\"isPartOf\":{\"@id\":\"https:\\\/\\\/chaise-blockchainskills.eu\\\/#website\"},\"primaryImageOfPage\":{\"@id\":\"https:\\\/\\\/chaise-blockchainskills.eu\\\/chaise-national-information-day-for-slovenia-event-report\\\/#primaryimage\"},\"image\":{\"@id\":\"https:\\\/\\\/chaise-blockchainskills.eu\\\/chaise-national-information-day-for-slovenia-event-report\\\/#primaryimage\"},\"thumbnailUrl\":\"https:\\\/\\\/chaise-blockchainskills.eu\\\/wp-content\\\/uploads\\\/2024\\\/06\\\/CHAISE_Slo_national_infoday1-1.jpg\",\"datePublished\":\"2024-06-26T12:21:26+00:00\",\"breadcrumb\":{\"@id\":\"https:\\\/\\\/chaise-blockchainskills.eu\\\/chaise-national-information-day-for-slovenia-event-report\\\/#breadcrumb\"},\"inLanguage\":\"et\",\"potentialAction\":[{\"@type\":\"ReadAction\",\"target\":[\"https:\\\/\\\/chaise-blockchainskills.eu\\\/chaise-national-information-day-for-slovenia-event-report\\\/\"]}]},{\"@type\":\"ImageObject\",\"inLanguage\":\"et\",\"@id\":\"https:\\\/\\\/chaise-blockchainskills.eu\\\/chaise-national-information-day-for-slovenia-event-report\\\/#primaryimage\",\"url\":\"https:\\\/\\\/chaise-blockchainskills.eu\\\/wp-content\\\/uploads\\\/2024\\\/06\\\/CHAISE_Slo_national_infoday1-1.jpg\",\"contentUrl\":\"https:\\\/\\\/chaise-blockchainskills.eu\\\/wp-content\\\/uploads\\\/2024\\\/06\\\/CHAISE_Slo_national_infoday1-1.jpg\",\"width\":600,\"height\":338},{\"@type\":\"BreadcrumbList\",\"@id\":\"https:\\\/\\\/chaise-blockchainskills.eu\\\/chaise-national-information-day-for-slovenia-event-report\\\/#breadcrumb\",\"itemListElement\":[{\"@type\":\"ListItem\",\"position\":1,\"name\":\"Home\",\"item\":\"https:\\\/\\\/chaise-blockchainskills.eu\\\/\"},{\"@type\":\"ListItem\",\"position\":2,\"name\":\"CHAISE National Information Day for Slovenia &#8211; Event Report\"}]},{\"@type\":\"WebSite\",\"@id\":\"https:\\\/\\\/chaise-blockchainskills.eu\\\/#website\",\"url\":\"https:\\\/\\\/chaise-blockchainskills.eu\\\/\",\"name\":\"Chaise Blockchainskills\",\"description\":\"Blockchain Skills for Europe\",\"potentialAction\":[{\"@type\":\"SearchAction\",\"target\":{\"@type\":\"EntryPoint\",\"urlTemplate\":\"https:\\\/\\\/chaise-blockchainskills.eu\\\/?s={search_term_string}\"},\"query-input\":{\"@type\":\"PropertyValueSpecification\",\"valueRequired\":true,\"valueName\":\"search_term_string\"}}],\"inLanguage\":\"et\"}]}<\/script>\n<!-- \/ Yoast SEO plugin. -->","yoast_head_json":{"title":"CHAISE National Information Day for Slovenia - Event Report - Chaise Blockchainskills","robots":{"index":"index","follow":"follow","max-snippet":"max-snippet:-1","max-image-preview":"max-image-preview:large","max-video-preview":"max-video-preview:-1"},"canonical":"https:\/\/chaise-blockchainskills.eu\/et\/chaise-national-information-day-for-slovenia-event-report\/","og_locale":"et_EE","og_type":"article","og_title":"CHAISE National Information Day for Slovenia - Event Report - Chaise Blockchainskills","og_url":"https:\/\/chaise-blockchainskills.eu\/et\/chaise-national-information-day-for-slovenia-event-report\/","og_site_name":"Chaise Blockchainskills","og_image":[{"width":600,"height":338,"url":"https:\/\/chaise-blockchainskills.eu\/wp-content\/uploads\/2024\/06\/CHAISE_Slo_national_infoday1-1.jpg","type":"image\/jpeg"}],"twitter_card":"summary_large_image","twitter_misc":{"Est. reading time":"2 minutit"},"schema":{"@context":"https:\/\/schema.org","@graph":[{"@type":"WebPage","@id":"https:\/\/chaise-blockchainskills.eu\/chaise-national-information-day-for-slovenia-event-report\/","url":"https:\/\/chaise-blockchainskills.eu\/chaise-national-information-day-for-slovenia-event-report\/","name":"CHAISE National Information Day for Slovenia - Event Report - Chaise Blockchainskills","isPartOf":{"@id":"https:\/\/chaise-blockchainskills.eu\/#website"},"primaryImageOfPage":{"@id":"https:\/\/chaise-blockchainskills.eu\/chaise-national-information-day-for-slovenia-event-report\/#primaryimage"},"image":{"@id":"https:\/\/chaise-blockchainskills.eu\/chaise-national-information-day-for-slovenia-event-report\/#primaryimage"},"thumbnailUrl":"https:\/\/chaise-blockchainskills.eu\/wp-content\/uploads\/2024\/06\/CHAISE_Slo_national_infoday1-1.jpg","datePublished":"2024-06-26T12:21:26+00:00","breadcrumb":{"@id":"https:\/\/chaise-blockchainskills.eu\/chaise-national-information-day-for-slovenia-event-report\/#breadcrumb"},"inLanguage":"et","potentialAction":[{"@type":"ReadAction","target":["https:\/\/chaise-blockchainskills.eu\/chaise-national-information-day-for-slovenia-event-report\/"]}]},{"@type":"ImageObject","inLanguage":"et","@id":"https:\/\/chaise-blockchainskills.eu\/chaise-national-information-day-for-slovenia-event-report\/#primaryimage","url":"https:\/\/chaise-blockchainskills.eu\/wp-content\/uploads\/2024\/06\/CHAISE_Slo_national_infoday1-1.jpg","contentUrl":"https:\/\/chaise-blockchainskills.eu\/wp-content\/uploads\/2024\/06\/CHAISE_Slo_national_infoday1-1.jpg","width":600,"height":338},{"@type":"BreadcrumbList","@id":"https:\/\/chaise-blockchainskills.eu\/chaise-national-information-day-for-slovenia-event-report\/#breadcrumb","itemListElement":[{"@type":"ListItem","position":1,"name":"Home","item":"https:\/\/chaise-blockchainskills.eu\/"},{"@type":"ListItem","position":2,"name":"CHAISE National Information Day for Slovenia &#8211; Event Report"}]},{"@type":"WebSite","@id":"https:\/\/chaise-blockchainskills.eu\/#website","url":"https:\/\/chaise-blockchainskills.eu\/","name":"Chaise Blockchain oskused","description":"Blockchain Skills for Europe","potentialAction":[{"@type":"SearchAction","target":{"@type":"EntryPoint","urlTemplate":"https:\/\/chaise-blockchainskills.eu\/?s={search_term_string}"},"query-input":{"@type":"PropertyValueSpecification","valueRequired":true,"valueName":"search_term_string"}}],"inLanguage":"et"}]}},"_links":{"self":[{"href":"https:\/\/chaise-blockchainskills.eu\/et\/wp-json\/wp\/v2\/pages\/88613","targetHints":{"allow":["GET"]}}],"collection":[{"href":"https:\/\/chaise-blockchainskills.eu\/et\/wp-json\/wp\/v2\/pages"}],"about":[{"href":"https:\/\/chaise-blockchainskills.eu\/et\/wp-json\/wp\/v2\/types\/page"}],"author":[{"embeddable":true,"href":"https:\/\/chaise-blockchainskills.eu\/et\/wp-json\/wp\/v2\/users\/16"}],"replies":[{"embeddable":true,"href":"https:\/\/chaise-blockchainskills.eu\/et\/wp-json\/wp\/v2\/comments?post=88613"}],"version-history":[{"count":3,"href":"https:\/\/chaise-blockchainskills.eu\/et\/wp-json\/wp\/v2\/pages\/88613\/revisions"}],"predecessor-version":[{"id":88619,"href":"https:\/\/chaise-blockchainskills.eu\/et\/wp-json\/wp\/v2\/pages\/88613\/revisions\/88619"}],"wp:featuredmedia":[{"embeddable":true,"href":"https:\/\/chaise-blockchainskills.eu\/et\/wp-json\/wp\/v2\/media\/88618"}],"wp:attachment":[{"href":"https:\/\/chaise-blockchainskills.eu\/et\/wp-json\/wp\/v2\/media?parent=88613"}],"curies":[{"name":"wp","href":"https:\/\/api.w.org\/{rel}","templated":true}]}}