{"id":88696,"date":"2024-07-10T15:43:32","date_gmt":"2024-07-10T15:43:32","guid":{"rendered":"https:\/\/chaise-blockchainskills.eu\/?page_id=88696"},"modified":"2024-08-05T09:40:33","modified_gmt":"2024-08-05T09:40:33","slug":"for-employers-attract-top-blockchain-talents","status":"publish","type":"page","link":"https:\/\/chaise-blockchainskills.eu\/et\/for-employers-attract-top-blockchain-talents\/","title":{"rendered":"For Employers &#8211; Attract Top Blockchain Talents"},"content":{"rendered":"<div class=\"wpb-content-wrapper\"><div data-parent=\"true\" class=\"vc_row has-bg need-focus style-color-lxmt-bg row-container boomapps_vcrow\" id=\"row-unique-0\"><div class=\"row-background background-element\">\n\t\t\t\t\t\t\t\t\t\t\t<div class=\"background-wrapper\">\n\t\t\t\t\t\t\t\t\t\t\t\t<div class=\"background-inner\" style=\"background-image: url(https:\/\/chaise-blockchainskills.eu\/wp-content\/uploads\/2024\/07\/1.png);background-repeat: no-repeat;background-position: center top;background-attachment: scroll;background-size: cover;\"><\/div>\n\t\t\t\t\t\t\t\t\t\t\t\t<div class=\"block-bg-overlay style-color-nhtu-bg\" style=\"opacity: 0.5;\"><\/div>\n\t\t\t\t\t\t\t\t\t\t\t<\/div>\n\t\t\t\t\t\t\t\t\t\t<\/div><div class=\"row no-top-padding no-bottom-padding no-h-padding full-width row-parent\" data-height-ratio=\"60\" data-minheight=\"200\"><div class=\"wpb_row row-inner\"><div class=\"wpb_column pos-middle pos-center align_center column_parent col-lg-12 boomapps_vccolumn single-internal-gutter\"><div class=\"uncol style-spec style-dark\"  ><div class=\"uncoltable\"><div class=\"uncell  boomapps_vccolumn no-block-padding\" ><div class=\"uncont\" ><div class=\"vc_custom_heading_wrap\"><div class=\"heading-text el-text\" ><h2 class=\"fontsize-338686\" ><span>Kuidas k\u00f5ige andekamaid plokiahelaspetsialiste ligi meelitada<\/span><\/h2><\/div><div class=\"clear\"><\/div><\/div><\/div><\/div><\/div><\/div><\/div><script id=\"script-row-unique-0\" data-row=\"script-row-unique-0\" type=\"text\/javascript\" class=\"vc_controls\">UNCODE.initRow(document.getElementById(\"row-unique-0\"));<\/script><\/div><\/div><\/div><div data-parent=\"true\" class=\"vc_row row-container boomapps_vcrow\" id=\"row-unique-1\"><div class=\"row limit-width row-parent\"><div class=\"wpb_row row-inner\"><div class=\"wpb_column pos-top pos-center align_left column_parent col-lg-12 boomapps_vccolumn single-internal-gutter\"><div class=\"uncol style-light\"  ><div class=\"uncoltable\"><div class=\"uncell  boomapps_vccolumn no-block-padding\" ><div class=\"uncont\" ><div class=\"vc_custom_heading_wrap\"><div class=\"heading-text el-text\" ><h2 class=\"h2\" ><span><\/p><\/span><span><h1 style=\"text-align: center;\">Juhend t\u00f6\u00f6andjatele andekate plokiahelaspetsialiste t\u00f6\u00f6le meelitamiseks<\/h1><\/span><span><p><\/span><\/h2><\/div><div class=\"clear\"><\/div><\/div><div class=\"uncode_text_column text-lead\" ><p><span style=\"color: #000000;\"><strong>Kuna plokiahela t\u00f6\u00f6stus kasvab j\u00e4tkuvalt, on n\u00f5udlus kvalifitseeritud spetsialistide j\u00e4rele j\u00e4tkuvalt suur. Selleks, et aidata teil selles konkurentsis orienteeruda, koostasime CHAISE\u2019i projektipartnerite kogutud edukate t\u00f6\u00f6kuulutuste p\u00f5hjal peamised j\u00e4reldused ja soovitused. <\/strong><\/span><\/p>\n<p><span style=\"color: #000000;\"><strong>See juhend aitab teil koostada veenvaid t\u00f6\u00f6kuulutusi ja meelitada ligi parimaid talente plokiahela sektoris.<\/strong><\/span><\/p>\n<\/div><\/div><\/div><\/div><\/div><\/div><script id=\"script-row-unique-1\" data-row=\"script-row-unique-1\" type=\"text\/javascript\" class=\"vc_controls\">UNCODE.initRow(document.getElementById(\"row-unique-1\"));<\/script><\/div><\/div><\/div><div data-parent=\"true\" class=\"vc_row row-container boomapps_vcrow\" id=\"row-unique-2\"><div class=\"row limit-width row-parent\"><div class=\"wpb_row row-inner\"><div class=\"wpb_column pos-top pos-center align_left column_parent col-lg-12 boomapps_vccolumn single-internal-gutter\"><div class=\"uncol style-light\"  ><div class=\"uncoltable\"><div class=\"uncell  boomapps_vccolumn no-block-padding\" ><div class=\"uncont\" ><div class=\"vc_custom_heading_wrap\"><div class=\"heading-text el-text\" ><\/p>\n<h2><span style=\"color: #000080;\">T\u00f5husate plokiahela t\u00f6\u00f6kuulutuste p\u00f5hielemendid<\/span><\/h2>\n<p>\n<\/div><div class=\"clear\"><\/div><\/div><\/div><\/div><\/div><\/div><\/div><script id=\"script-row-unique-2\" data-row=\"script-row-unique-2\" type=\"text\/javascript\" class=\"vc_controls\">UNCODE.initRow(document.getElementById(\"row-unique-2\"));<\/script><\/div><\/div><\/div><div data-parent=\"true\" class=\"vc_row row-container boomapps_vcrow\" id=\"row-unique-3\"><div class=\"row limit-width row-parent\"><div class=\"wpb_row row-inner\"><div class=\"wpb_column pos-top pos-center align_left column_parent col-lg-12 boomapps_vccolumn single-internal-gutter\"><div class=\"uncol style-light\"  ><div class=\"uncoltable\"><div class=\"uncell  boomapps_vccolumn single-block-padding style-color-lxmt-bg has-bg\" ><div class=\"uncont\" ><div class=\"vc_custom_heading_wrap\"><div class=\"heading-text el-text\" ><\/p>\n<h3><span style=\"color: #000080;\">Selged ametinimetused ja ametikirjeldused<\/span><\/h3>\n<p>\n<\/div><div class=\"clear\"><\/div><\/div><div class=\"uncode_text_column text-lead\" ><\/p>\n<ul>\n<li class=\"translation-block\"><span style=\"color: #000000\"><strong>T\u00e4psed ametinimetused:<\/strong> kasutage kvalifitseeritud kandidaatide ligimeelitamiseks selgeid ja konkreetseid ametinimetusi, n\u00e4iteks \u201c<strong>plokiahela arendaja<\/strong>,\u201d \u201c<strong>plokiahela arhitekt<\/strong>,\u201d v\u00f5i \u201c<strong>plokiahela projektijuht<\/strong>\u201d .<\/span><\/li>\n<li><span style=\"color: #000000;\"><strong>\u00dcksikasjalikud ametikirjeldused:<\/strong> kirjeldage \u00fcksikasjalikult t\u00f6\u00f6\u00fclesandeid, n\u00f5utavaid oskusi ja kasutatavaid tehnoloogiaid. Mainige konkreetseid plokiahelaplatvorme (nt Ethereum, Hyperledger) ja asjakohaseid programmeerimiskeeli (nt Solidity, Python).<\/span><\/li>\n<\/ul>\n<p>\n<\/div><div class=\"vc_custom_heading_wrap\"><div class=\"heading-text el-text\" ><\/p>\n<h3><span style=\"color: #000080;\">R\u00f5hutage, milliseid oskusi ja kvalifikatsiooni n\u00f5utakse<\/span><\/h3>\n<p>\n<\/div><div class=\"clear\"><\/div><\/div><div class=\"uncode_text_column text-lead\" ><\/p>\n<ul>\n<li><span style=\"color: #000000;\"><strong>Tehnilised oskused:<\/strong> r\u00f5hutage olulisi tehnilisi oskusi, nagu nutilepingute arendamine, kr\u00fcptograafia ja teadmised hajusraamatu tehnoloogiate kohta.<\/span><\/li>\n<li><span style=\"color: #000000;\"><strong>Kogemused:<\/strong> t\u00e4psustage n\u00f5utava kogemuse taset, kas tegemist on algtaseme, kesktaseme v\u00f5i k\u00f5rgema taseme teadmistega plokiahela tehnoloogia valdkonnas.<\/span><\/li>\n<li><span style=\"color: #000000;\"><strong>Sertifikaadid: <\/strong>m\u00e4rkige, milliseid sertifikaate eelistatakse, n\u00e4iteks <strong>Certified Blockchain Expert (CBE)<\/strong> v\u00f5i <strong>Certified Blockchain Developer (CBD).<\/strong>.<strong><br \/>\n<\/strong><\/span><\/li>\n<\/ul>\n<p>\n<\/div><div class=\"vc_custom_heading_wrap\"><div class=\"heading-text el-text\" ><\/p>\n<h3><span style=\"color: #000080;\">Tutvustage ettev\u00f5tte kultuuri ja pakutavaid h\u00fcvesid<\/span><\/h3>\n<p>\n<\/div><div class=\"clear\"><\/div><\/div><div class=\"uncode_text_column text-lead\" ><\/p>\n<ul>\n<li><span style=\"color: #000000;\"><strong>T\u00f6\u00f6keskkond: <\/strong>t\u00f5stke esile oma ettev\u00f5tte t\u00f6\u00f6kultuuri, kaugt\u00f6\u00f6v\u00f5imalusi ja meeskonna d\u00fcnaamikat<\/span><\/li>\n<li><span style=\"color: #000000;\"><strong>Karj\u00e4\u00e4ri edendamine:<\/strong> arutage v\u00f5imalusi karj\u00e4\u00e4ri edendamiseks, ametialaseks arenguks ja pidevaks eneseharimiseks plokiahela tehnoloogia valdkonnas.<\/span><\/li>\n<li><span style=\"color: #000000;\"><strong>H\u00fcved: <\/strong>lisage konkurentsiv\u00f5imelise palga \u00fcksikasjad, tutvustage h\u00fcvede pakette ja k\u00f5iki unikaalseid soodustusi, mis teie ettev\u00f5tet eristavad.<br \/>\n<\/span><\/li>\n<\/ul>\n<p>\n<\/div><div class=\"vc_custom_heading_wrap\"><div class=\"heading-text el-text\" ><\/p>\n<h3><span style=\"color: #000080;\">R\u00f5hutage ettev\u00f5tte m\u00f5ju ja innovatsiooni<\/span><\/h3>\n<p>\n<\/div><div class=\"clear\"><\/div><\/div><div class=\"uncode_text_column text-lead\" ><\/p>\n<ul>\n<li><span style=\"color: #000000;\"><strong>Projekti m\u00f5ju: <\/strong>t\u00f5stke esile oma ettev\u00f5tte t\u00f6\u00f6kultuuri, kaugt\u00f6\u00f6v\u00f5imalusi ja meeskonna d\u00fcnaamikat<\/span><\/li>\n<li><span style=\"color: #000000;\"><strong>Tipptasemel tehnoloogia:<\/strong> t\u00f5stke esile tipptasemel tehnoloogia kasutamist ja t\u00f6\u00f6tajate potentsiaali t\u00f6\u00f6tada teedrajavate projektidega.<\/span><span style=\"color: #000000;\"><br \/>\n<\/span><\/li>\n<\/ul>\n<p>\n<\/div><div class=\"vc_custom_heading_wrap\"><div class=\"heading-text el-text\" ><\/p>\n<h3><span style=\"color: #000080;\">Kaasav ja haarav keelekasutus<\/span><\/h3>\n<p>\n<\/div><div class=\"clear\"><\/div><\/div><div class=\"uncode_text_column text-lead\" ><\/p>\n<ul>\n<li><span style=\"color: #000000;\"><strong>Kaasavus: <\/strong>kasutage kaasavat keelt, et teie t\u00f6\u00f6kuulutus k\u00f5netaks erinevaid kandidaate.<\/span><\/li>\n<li><span style=\"color: #000000;\"><strong>Ligit\u00f5mbavus:<\/strong> koostage haarav sisu, mis vastab potentsiaalsete kandidaatide p\u00fc\u00fcdlustele ja v\u00e4\u00e4rtustele.<\/span><span style=\"color: #000000;\"><br \/>\n<\/span><\/li>\n<\/ul>\n<p>\n<\/div><\/div><\/div><\/div><\/div><\/div><script id=\"script-row-unique-3\" data-row=\"script-row-unique-3\" type=\"text\/javascript\" class=\"vc_controls\">UNCODE.initRow(document.getElementById(\"row-unique-3\"));<\/script><\/div><\/div><\/div><div data-parent=\"true\" class=\"vc_row row-container boomapps_vcrow\" id=\"row-unique-4\"><div class=\"row limit-width row-parent\"><div class=\"wpb_row row-inner\"><div class=\"wpb_column pos-top pos-center align_left column_parent col-lg-12 boomapps_vccolumn single-internal-gutter\"><div class=\"uncol style-light\"  ><div class=\"uncoltable\"><div class=\"uncell  boomapps_vccolumn no-block-padding\" ><div class=\"uncont\" ><div class=\"vc_custom_heading_wrap\"><div class=\"heading-text el-text\" ><\/p>\n<h2><span style=\"color: #000080;\">Kus oma t\u00f6\u00f6kuulutusi avaldada<\/span><\/h2>\n<p>\n<\/div><div class=\"clear\"><\/div><\/div><div class=\"uncode_text_column text-lead\" ><p><span style=\"color: #000000;\">Et j\u00f5uda k\u00f5ige kvalifitseeritumate kandidaatideni, on v\u00e4ga oluline avaldada oma t\u00f6\u00f6kuulutused platvormidel, mida kasutavad plokiahela spetsialistid. Meie t\u00f6\u00f6portaalide andmebaasist leiate \u00fclevaate 27 ELi riigi t\u00f6\u00f6vahendusplatvormidest. See sisaldab nii riigispetsiifilisi portaale kui ka universaalseid platvorme, mis on tuntud oma ulatusliku leviku poolest plokiahela sektoris.<\/span><\/p>\n<\/div><div class=\"vc_row row-internal row-container boomapps_vcrow\"><div class=\"row row-child\"><div class=\"wpb_row row-inner\"><div class=\"wpb_column pos-top pos-center align_left column_child col-lg-4 boomapps_vccolumn single-internal-gutter\"><div class=\"uncol style-light\" ><div class=\"uncoltable\"><div class=\"uncell  boomapps_vccolumn no-block-padding\" ><div class=\"uncont\" ><\/div><\/div><\/div><\/div><\/div><div class=\"wpb_column pos-top pos-center align_left column_child col-lg-4 boomapps_vccolumn single-internal-gutter\"><div class=\"uncol style-light\" ><div class=\"uncoltable\"><div class=\"uncell  boomapps_vccolumn no-block-padding\" ><div class=\"uncont\" ><span class=\"btn-container\" ><a role=\"button\"  href=\"https:\/\/chaise-blockchainskills.eu\/et\/for-job-seekers-kickstart-your-blockchain-career\/\" class=\"custom-link btn border-width-0 btn-default btn-icon-left\" target=\"_blank\">Tutvuge t\u00f6\u00f6portaalide andmebaasiga<\/a><\/span><\/div><\/div><\/div><\/div><\/div><div class=\"wpb_column pos-top pos-center align_left column_child col-lg-4 boomapps_vccolumn single-internal-gutter\"><div class=\"uncol style-light\" ><div class=\"uncoltable\"><div class=\"uncell  boomapps_vccolumn no-block-padding\" ><div class=\"uncont\" ><\/div><\/div><\/div><\/div><\/div><\/div><\/div><\/div><\/div><\/div><\/div><\/div><\/div><script id=\"script-row-unique-4\" data-row=\"script-row-unique-4\" type=\"text\/javascript\" class=\"vc_controls\">UNCODE.initRow(document.getElementById(\"row-unique-4\"));<\/script><\/div><\/div><\/div><div data-parent=\"true\" class=\"vc_row row-container boomapps_vcrow\" id=\"row-unique-5\"><div class=\"row limit-width row-parent\"><div class=\"wpb_row row-inner\"><div class=\"wpb_column pos-top pos-center align_left column_parent col-lg-12 boomapps_vccolumn single-internal-gutter\"><div class=\"uncol style-light\"  ><div class=\"uncoltable\"><div class=\"uncell  boomapps_vccolumn no-block-padding\" ><div class=\"uncont\" ><\/div><\/div><\/div><\/div><\/div><script id=\"script-row-unique-5\" data-row=\"script-row-unique-5\" type=\"text\/javascript\" class=\"vc_controls\">UNCODE.initRow(document.getElementById(\"row-unique-5\"));<\/script><\/div><\/div><\/div>\n<\/div>","protected":false},"excerpt":{"rendered":"Attracting Top Blockchain TalentA guide for employers to attract top Blockchain talentAs the blockchain industry continues to grow, the demand [...]","protected":false},"author":13,"featured_media":88708,"parent":0,"menu_order":0,"comment_status":"closed","ping_status":"closed","template":"","meta":{"footnotes":""},"class_list":["post-88696","page","type-page","status-publish","has-post-thumbnail","hentry"],"yoast_head":"<!-- This site is optimized with the Yoast SEO plugin v27.3 - https:\/\/yoast.com\/product\/yoast-seo-wordpress\/ -->\n<title>For Employers - Attract Top Blockchain Talents - Chaise Blockchainskills<\/title>\n<meta name=\"robots\" content=\"index, follow, max-snippet:-1, max-image-preview:large, max-video-preview:-1\" \/>\n<link rel=\"canonical\" href=\"https:\/\/chaise-blockchainskills.eu\/et\/for-employers-attract-top-blockchain-talents\/\" \/>\n<meta property=\"og:locale\" content=\"et_EE\" \/>\n<meta property=\"og:type\" content=\"article\" \/>\n<meta property=\"og:title\" content=\"For Employers - Attract Top Blockchain Talents - Chaise Blockchainskills\" \/>\n<meta property=\"og:url\" content=\"https:\/\/chaise-blockchainskills.eu\/et\/for-employers-attract-top-blockchain-talents\/\" \/>\n<meta property=\"og:site_name\" content=\"Chaise Blockchainskills\" \/>\n<meta property=\"article:modified_time\" content=\"2024-08-05T09:40:33+00:00\" \/>\n<meta property=\"og:image\" content=\"https:\/\/chaise-blockchainskills.eu\/wp-content\/uploads\/2024\/07\/1.png\" \/>\n\t<meta property=\"og:image:width\" content=\"1500\" \/>\n\t<meta property=\"og:image:height\" content=\"607\" \/>\n\t<meta property=\"og:image:type\" content=\"image\/png\" \/>\n<meta name=\"twitter:card\" content=\"summary_large_image\" \/>\n<meta name=\"twitter:label1\" content=\"Est. reading time\" \/>\n\t<meta name=\"twitter:data1\" content=\"3 minutit\" \/>\n<script type=\"application\/ld+json\" class=\"yoast-schema-graph\">{\"@context\":\"https:\\\/\\\/schema.org\",\"@graph\":[{\"@type\":\"WebPage\",\"@id\":\"https:\\\/\\\/chaise-blockchainskills.eu\\\/for-employers-attract-top-blockchain-talents\\\/\",\"url\":\"https:\\\/\\\/chaise-blockchainskills.eu\\\/for-employers-attract-top-blockchain-talents\\\/\",\"name\":\"For Employers - Attract Top Blockchain Talents - Chaise Blockchainskills\",\"isPartOf\":{\"@id\":\"https:\\\/\\\/chaise-blockchainskills.eu\\\/#website\"},\"primaryImageOfPage\":{\"@id\":\"https:\\\/\\\/chaise-blockchainskills.eu\\\/for-employers-attract-top-blockchain-talents\\\/#primaryimage\"},\"image\":{\"@id\":\"https:\\\/\\\/chaise-blockchainskills.eu\\\/for-employers-attract-top-blockchain-talents\\\/#primaryimage\"},\"thumbnailUrl\":\"https:\\\/\\\/chaise-blockchainskills.eu\\\/wp-content\\\/uploads\\\/2024\\\/07\\\/1.png\",\"datePublished\":\"2024-07-10T15:43:32+00:00\",\"dateModified\":\"2024-08-05T09:40:33+00:00\",\"breadcrumb\":{\"@id\":\"https:\\\/\\\/chaise-blockchainskills.eu\\\/for-employers-attract-top-blockchain-talents\\\/#breadcrumb\"},\"inLanguage\":\"et\",\"potentialAction\":[{\"@type\":\"ReadAction\",\"target\":[\"https:\\\/\\\/chaise-blockchainskills.eu\\\/for-employers-attract-top-blockchain-talents\\\/\"]}]},{\"@type\":\"ImageObject\",\"inLanguage\":\"et\",\"@id\":\"https:\\\/\\\/chaise-blockchainskills.eu\\\/for-employers-attract-top-blockchain-talents\\\/#primaryimage\",\"url\":\"https:\\\/\\\/chaise-blockchainskills.eu\\\/wp-content\\\/uploads\\\/2024\\\/07\\\/1.png\",\"contentUrl\":\"https:\\\/\\\/chaise-blockchainskills.eu\\\/wp-content\\\/uploads\\\/2024\\\/07\\\/1.png\",\"width\":1500,\"height\":607},{\"@type\":\"BreadcrumbList\",\"@id\":\"https:\\\/\\\/chaise-blockchainskills.eu\\\/for-employers-attract-top-blockchain-talents\\\/#breadcrumb\",\"itemListElement\":[{\"@type\":\"ListItem\",\"position\":1,\"name\":\"Home\",\"item\":\"https:\\\/\\\/chaise-blockchainskills.eu\\\/\"},{\"@type\":\"ListItem\",\"position\":2,\"name\":\"For Employers &#8211; Attract Top Blockchain Talents\"}]},{\"@type\":\"WebSite\",\"@id\":\"https:\\\/\\\/chaise-blockchainskills.eu\\\/#website\",\"url\":\"https:\\\/\\\/chaise-blockchainskills.eu\\\/\",\"name\":\"Chaise Blockchainskills\",\"description\":\"Blockchain Skills for Europe\",\"potentialAction\":[{\"@type\":\"SearchAction\",\"target\":{\"@type\":\"EntryPoint\",\"urlTemplate\":\"https:\\\/\\\/chaise-blockchainskills.eu\\\/?s={search_term_string}\"},\"query-input\":{\"@type\":\"PropertyValueSpecification\",\"valueRequired\":true,\"valueName\":\"search_term_string\"}}],\"inLanguage\":\"et\"}]}<\/script>\n<!-- \/ Yoast SEO plugin. -->","yoast_head_json":{"title":"For Employers - Attract Top Blockchain Talents - Chaise Blockchainskills","robots":{"index":"index","follow":"follow","max-snippet":"max-snippet:-1","max-image-preview":"max-image-preview:large","max-video-preview":"max-video-preview:-1"},"canonical":"https:\/\/chaise-blockchainskills.eu\/et\/for-employers-attract-top-blockchain-talents\/","og_locale":"et_EE","og_type":"article","og_title":"For Employers - Attract Top Blockchain Talents - Chaise Blockchainskills","og_url":"https:\/\/chaise-blockchainskills.eu\/et\/for-employers-attract-top-blockchain-talents\/","og_site_name":"Chaise Blockchainskills","article_modified_time":"2024-08-05T09:40:33+00:00","og_image":[{"width":1500,"height":607,"url":"https:\/\/chaise-blockchainskills.eu\/wp-content\/uploads\/2024\/07\/1.png","type":"image\/png"}],"twitter_card":"summary_large_image","twitter_misc":{"Est. reading time":"3 minutit"},"schema":{"@context":"https:\/\/schema.org","@graph":[{"@type":"WebPage","@id":"https:\/\/chaise-blockchainskills.eu\/for-employers-attract-top-blockchain-talents\/","url":"https:\/\/chaise-blockchainskills.eu\/for-employers-attract-top-blockchain-talents\/","name":"For Employers - Attract Top Blockchain Talents - Chaise Blockchainskills","isPartOf":{"@id":"https:\/\/chaise-blockchainskills.eu\/#website"},"primaryImageOfPage":{"@id":"https:\/\/chaise-blockchainskills.eu\/for-employers-attract-top-blockchain-talents\/#primaryimage"},"image":{"@id":"https:\/\/chaise-blockchainskills.eu\/for-employers-attract-top-blockchain-talents\/#primaryimage"},"thumbnailUrl":"https:\/\/chaise-blockchainskills.eu\/wp-content\/uploads\/2024\/07\/1.png","datePublished":"2024-07-10T15:43:32+00:00","dateModified":"2024-08-05T09:40:33+00:00","breadcrumb":{"@id":"https:\/\/chaise-blockchainskills.eu\/for-employers-attract-top-blockchain-talents\/#breadcrumb"},"inLanguage":"et","potentialAction":[{"@type":"ReadAction","target":["https:\/\/chaise-blockchainskills.eu\/for-employers-attract-top-blockchain-talents\/"]}]},{"@type":"ImageObject","inLanguage":"et","@id":"https:\/\/chaise-blockchainskills.eu\/for-employers-attract-top-blockchain-talents\/#primaryimage","url":"https:\/\/chaise-blockchainskills.eu\/wp-content\/uploads\/2024\/07\/1.png","contentUrl":"https:\/\/chaise-blockchainskills.eu\/wp-content\/uploads\/2024\/07\/1.png","width":1500,"height":607},{"@type":"BreadcrumbList","@id":"https:\/\/chaise-blockchainskills.eu\/for-employers-attract-top-blockchain-talents\/#breadcrumb","itemListElement":[{"@type":"ListItem","position":1,"name":"Home","item":"https:\/\/chaise-blockchainskills.eu\/"},{"@type":"ListItem","position":2,"name":"For Employers &#8211; Attract Top Blockchain Talents"}]},{"@type":"WebSite","@id":"https:\/\/chaise-blockchainskills.eu\/#website","url":"https:\/\/chaise-blockchainskills.eu\/","name":"Chaise Blockchain oskused","description":"Blockchain Skills for Europe","potentialAction":[{"@type":"SearchAction","target":{"@type":"EntryPoint","urlTemplate":"https:\/\/chaise-blockchainskills.eu\/?s={search_term_string}"},"query-input":{"@type":"PropertyValueSpecification","valueRequired":true,"valueName":"search_term_string"}}],"inLanguage":"et"}]}},"_links":{"self":[{"href":"https:\/\/chaise-blockchainskills.eu\/et\/wp-json\/wp\/v2\/pages\/88696","targetHints":{"allow":["GET"]}}],"collection":[{"href":"https:\/\/chaise-blockchainskills.eu\/et\/wp-json\/wp\/v2\/pages"}],"about":[{"href":"https:\/\/chaise-blockchainskills.eu\/et\/wp-json\/wp\/v2\/types\/page"}],"author":[{"embeddable":true,"href":"https:\/\/chaise-blockchainskills.eu\/et\/wp-json\/wp\/v2\/users\/13"}],"replies":[{"embeddable":true,"href":"https:\/\/chaise-blockchainskills.eu\/et\/wp-json\/wp\/v2\/comments?post=88696"}],"version-history":[{"count":3,"href":"https:\/\/chaise-blockchainskills.eu\/et\/wp-json\/wp\/v2\/pages\/88696\/revisions"}],"predecessor-version":[{"id":88764,"href":"https:\/\/chaise-blockchainskills.eu\/et\/wp-json\/wp\/v2\/pages\/88696\/revisions\/88764"}],"wp:featuredmedia":[{"embeddable":true,"href":"https:\/\/chaise-blockchainskills.eu\/et\/wp-json\/wp\/v2\/media\/88708"}],"wp:attachment":[{"href":"https:\/\/chaise-blockchainskills.eu\/et\/wp-json\/wp\/v2\/media?parent=88696"}],"curies":[{"name":"wp","href":"https:\/\/api.w.org\/{rel}","templated":true}]}}