{"id":83971,"date":"2021-02-21T17:46:24","date_gmt":"2021-02-21T17:46:24","guid":{"rendered":"https:\/\/chaise-blockchainskills.eu\/?page_id=83971"},"modified":"2023-02-01T08:50:20","modified_gmt":"2023-02-01T08:50:20","slug":"about-the-project","status":"publish","type":"page","link":"https:\/\/chaise-blockchainskills.eu\/fr\/about-the-project\/","title":{"rendered":"\u00c0 propos du projet"},"content":{"rendered":"<div class=\"wpb-content-wrapper\"><div data-parent=\"true\" class=\"vc_row has-bg need-focus style-accent-bg row-container boomapps_vcrow\" id=\"row-unique-0\"><div class=\"row-background background-element\">\n\t\t\t\t\t\t\t\t\t\t\t<div class=\"background-wrapper\">\n\t\t\t\t\t\t\t\t\t\t\t\t<div class=\"background-inner\" style=\"background-image: url(https:\/\/chaise-blockchainskills.eu\/wp-content\/uploads\/2021\/03\/chaise-smaller-hat.jpg);background-repeat: no-repeat;background-position: center center;background-attachment: scroll;background-size: cover;\"><\/div>\n\t\t\t\t\t\t\t\t\t\t\t\t<div class=\"block-bg-overlay style-color-nhtu-bg\" style=\"opacity: 0.56;\"><\/div>\n\t\t\t\t\t\t\t\t\t\t\t<\/div>\n\t\t\t\t\t\t\t\t\t\t<\/div><div class=\"row unequal single-top-padding one-bottom-padding single-h-padding full-width row-parent\" data-height-ratio=\"60\" data-minheight=\"350\"><div class=\"wpb_row row-inner\"><div class=\"wpb_column pos-bottom pos-center align_left column_parent col-lg-12 boomapps_vccolumn single-internal-gutter\"><div class=\"uncol style-spec style-dark\"  ><div class=\"uncoltable\"><div class=\"uncell  boomapps_vccolumn no-block-padding\" ><div class=\"uncont\" ><div class=\"vc_row row-internal row-container boomapps_vcrow\"><div class=\"row row-child\"><div class=\"wpb_row row-inner\"><div class=\"wpb_column pos-bottom pos-center align_center column_child col-lg-12 boomapps_vccolumn single-internal-gutter\"><div class=\"uncol style-spec style-dark animate_when_almost_visible alpha-anim\" data-delay=\"200\"><div class=\"uncoltable\"><div class=\"uncell  boomapps_vccolumn no-block-padding\" ><div class=\"uncont\" ><div class=\"vc_custom_heading_wrap\"><div class=\"heading-text el-text\" ><h2 class=\"fontsize-338686\" ><span>\u00c0 propos du projet<\/span><\/h2><\/div><div class=\"clear\"><\/div><\/div><\/div><\/div><\/div><\/div><\/div><\/div><\/div><\/div><\/div><\/div><\/div><\/div><\/div><script id=\"script-row-unique-0\" data-row=\"script-row-unique-0\" type=\"text\/javascript\" class=\"vc_controls\">UNCODE.initRow(document.getElementById(\"row-unique-0\"));<\/script><\/div><\/div><\/div><div data-parent=\"true\" class=\"vc_row row-container boomapps_vcrow\" id=\"row-unique-1\"><div class=\"row quad-top-padding quad-bottom-padding single-h-padding limit-width row-parent\"><div class=\"wpb_row row-inner\"><div class=\"wpb_column pos-top pos-center align_center column_parent col-lg-12 boomapps_vccolumn single-internal-gutter\"><div class=\"uncol style-light\"  ><div class=\"uncoltable\"><div class=\"uncell  boomapps_vccolumn\" ><div class=\"uncont no-block-padding col-custom-width\" style=\" max-width:600px;\" ><div class=\"vc_custom_heading_wrap\"><div class=\"heading-text el-text\" ><h6 class=\"h1 fontspace-210350 text-color-wayh-color text-uppercase\" ><span>Une approche europ\u00e9enne<\/span><\/h6><\/div><div class=\"clear\"><\/div><\/div><div class=\"vc_row row-internal row-container boomapps_vcrow\"><div class=\"row row-child\"><div class=\"wpb_row row-inner\"><div class=\"wpb_column pos-top pos-left align_center column_child col-lg-12 boomapps_vccolumn single-internal-gutter\"><div class=\"uncol style-light\" ><div class=\"uncoltable\"><div class=\"uncell  boomapps_vccolumn no-block-padding\" ><div class=\"uncont\" ><div class=\"vc_custom_heading_wrap\"><div class=\"heading-text el-text\" ><\/p>\n<h3><span class=\"font-377884\">En tant qu&#039;alliance sectorielle pour les comp\u00e9tences, CHAISE r\u00e9pond \u00e0 la demande croissante de comp\u00e9tences en mati\u00e8re de blockchain et de technologies de registres distribu\u00e9s (DLT) en Europe<\/span><\/h3>\n<p>\n<\/div><div class=\"clear\"><\/div><\/div><\/div><\/div><\/div><\/div><\/div><\/div><\/div><\/div><div class=\"uncode_text_column text-lead\" ><p>L'Europe occupe une position de leader dans de nombreux secteurs qui peuvent appliquer avec succ\u00e8s la blockchain ou d'autres technologies de registres distribu\u00e9s. En parall\u00e8le, le manque de comp\u00e9tences num\u00e9riques dans toute l'Europe risque d'entraver et de ralentir l'innovation.<\/p>\n<\/div><div class=\"uncode_text_column text-lead\" ><p>Dans ce contexte, la mission principale de CHAISE est de d\u00e9velopper une approche strat\u00e9gique sur le d\u00e9veloppement des comp\u00e9tences blockchain pour l'Europe. CHAISE fournira des solutions de formation \u00e0 \u00e9volutives, afin de faire face \u00e0 l\u2019insuffisance de comp\u00e9tences dans la blockchain et de r\u00e9pondre aux besoins de comp\u00e9tences actuels et futurs de la main-d'\u0153uvre europ\u00e9enne dans le domaine de la blockchain.<\/p>\n<\/div><\/div><\/div><\/div><\/div><\/div><script id=\"script-row-unique-1\" data-row=\"script-row-unique-1\" type=\"text\/javascript\" class=\"vc_controls\">UNCODE.initRow(document.getElementById(\"row-unique-1\"));<\/script><\/div><\/div><\/div><div data-parent=\"true\" class=\"vc_row has-bg need-focus style-color-wayh-bg row-container boomapps_vcrow\" id=\"row-unique-2\"><div class=\"row-background background-element\" style=\"opacity: 1;\">\n\t\t\t\t\t\t\t\t\t\t\t<div class=\"background-wrapper\">\n\t\t\t\t\t\t\t\t\t\t\t\t<div class=\"background-inner\"><\/div>\n\t\t\t\t\t\t\t\t\t\t\t\t<div class=\"block-bg-overlay block-bg-blend-mode for-ie style-color-gyho-bg\" style=\"opacity: 0.13;\"><\/div><div class=\"block-bg-overlay block-bg-blend-mode not-ie style-color-gyho-bg\" style=\"mix-blend-mode:darken;\"><\/div>\n\t\t\t\t\t\t\t\t\t\t\t<\/div>\n\t\t\t\t\t\t\t\t\t\t<\/div><div class=\"row quad-top-padding quad-bottom-padding single-h-padding limit-width row-parent\"><div class=\"wpb_row row-inner\"><div class=\"wpb_column pos-top pos-center align_center column_parent col-lg-12 boomapps_vccolumn single-internal-gutter\"><div class=\"uncol style-light\"  ><div class=\"uncoltable\"><div class=\"uncell  boomapps_vccolumn\" ><div class=\"uncont no-block-padding col-custom-width\" style=\" max-width:600px;\" ><div class=\"vc_custom_heading_wrap\"><div class=\"heading-text el-text\" ><h2 class=\"h2 text-color-xsdn-color\" ><span>Une approche europ\u00e9enne pour r\u00e9pondre aux d\u00e9fis de comp\u00e9tences et de formation actuels auxquels est confront\u00e9 le secteur de la blockchain<\/span><\/h2><\/div><div class=\"clear\"><\/div><\/div><\/div><\/div><\/div><\/div><\/div><script id=\"script-row-unique-2\" data-row=\"script-row-unique-2\" type=\"text\/javascript\" class=\"vc_controls\">UNCODE.initRow(document.getElementById(\"row-unique-2\"));<\/script><\/div><\/div><\/div><div data-parent=\"true\" class=\"vc_row has-bg need-focus style-color-wayh-bg row-next-to-blend row-container with-parallax boomapps_vcrow\" id=\"row-unique-3\"><div class=\"row-background background-element\">\n\t\t\t\t\t\t\t\t\t\t\t<div class=\"background-wrapper\">\n\t\t\t\t\t\t\t\t\t\t\t\t<div class=\"background-inner\" style=\"background-image: url(https:\/\/chaise-blockchainskills.eu\/wp-content\/uploads\/2021\/03\/people-on-laptop-chaise.jpg);background-repeat: no-repeat;background-position: center center;background-size: cover;\"><\/div>\n\t\t\t\t\t\t\t\t\t\t\t\t<div class=\"block-bg-overlay style-color-wayh-bg\" style=\"opacity: 0.8;\"><\/div>\n\t\t\t\t\t\t\t\t\t\t\t<\/div>\n\t\t\t\t\t\t\t\t\t\t<\/div><div class=\"row quad-top-padding quad-bottom-padding single-h-padding limit-width row-parent\" data-height-ratio=\"50\"><div class=\"wpb_row row-inner\"><div class=\"wpb_column pos-middle pos-center align_center column_parent col-lg-12 boomapps_vccolumn single-internal-gutter\"><div class=\"uncol style-spec style-dark\"  ><div class=\"uncoltable\"><div class=\"uncell  boomapps_vccolumn no-block-padding\" ><div class=\"uncont\" ><div class=\"vc_row row-internal row-container boomapps_vcrow\"><div class=\"row col-double-gutter row-child\"><div class=\"wpb_row row-inner\"><div class=\"wpb_column pos-top pos-center align_center column_child col-lg-4 boomapps_vccolumn single-internal-gutter\"><div class=\"uncol style-spec style-dark\" ><div class=\"uncoltable\"><div class=\"uncell  boomapps_vccolumn no-block-padding\" ><div class=\"uncont\" ><div class=\"icon-box icon-box-top\" ><div class=\"icon-box-icon fa-container\" ><span class=\"text-default-color btn-disable-hover\"><i class=\"fa fa-edit fa-4x fa-fw\"><\/i><\/span><\/div><div class=\"icon-box-content\"><div class=\"icon-box-heading icon-box-fa-4x\"><h3 class=\"h4\">Une strat\u00e9gie europ\u00e9enne de comp\u00e9tences en mati\u00e8re de blockchain<\/h3><\/div><\/div><\/div><div class=\"divider-wrapper\"  >\n    <hr class=\"unseparator border-,Default-color separator-no-padding\"  \/>\n<\/div>\n<div class=\"icon-box icon-box-top\" ><div class=\"icon-box-icon fa-container\" ><span class=\"text-default-color btn-disable-hover\"><i class=\"fa fa-chain fa-4x fa-fw\"><\/i><\/span><\/div><div class=\"icon-box-content\"><div class=\"icon-box-heading icon-box-fa-4x\"><h3 class=\"h4\">Un \u00e9cosyst\u00e8me europ\u00e9en de comp\u00e9tences Blockchain<\/h3><\/div><\/div><\/div><\/div><\/div><\/div><\/div><\/div><div class=\"wpb_column pos-top pos-center align_center column_child col-lg-4 boomapps_vccolumn single-internal-gutter\"><div class=\"uncol style-spec style-dark\" ><div class=\"uncoltable\"><div class=\"uncell  boomapps_vccolumn no-block-padding\" ><div class=\"uncont\" ><div class=\"icon-box icon-box-top\" ><div class=\"icon-box-icon fa-container\" ><span class=\"text-default-color btn-disable-hover\"><i class=\"fa fa-graduation-hat fa-4x fa-fw\"><\/i><\/span><\/div><div class=\"icon-box-content\"><div class=\"icon-box-heading icon-box-fa-4x\"><h3 class=\"h4\">Un programme d&#039;EFP Blockchain de 5 semestres<\/h3><\/div><\/div><\/div><div class=\"divider-wrapper\"  >\n    <hr class=\"unseparator border-,Default-color separator-no-padding\"  \/>\n<\/div>\n<div class=\"icon-box icon-box-top\" ><div class=\"icon-box-icon fa-container\" ><span class=\"text-default-color btn-disable-hover\"><i class=\"fa fa-refresh fa-4x fa-fw\"><\/i><\/span><\/div><div class=\"icon-box-content\"><div class=\"icon-box-heading icon-box-fa-4x\"><h3 class=\"h4\">Programmes de mobilit\u00e9 transnationale pour les \u00e9tudiants et les professionnels de la blockchain<\/h3><\/div><\/div><\/div><\/div><\/div><\/div><\/div><\/div><div class=\"wpb_column pos-top pos-center align_center column_child col-lg-4 boomapps_vccolumn single-internal-gutter\"><div class=\"uncol style-spec style-dark\" ><div class=\"uncoltable\"><div class=\"uncell  boomapps_vccolumn no-block-padding\" ><div class=\"uncont\" ><div class=\"icon-box icon-box-top\" ><div class=\"icon-box-icon fa-container\" ><span class=\"text-default-color btn-disable-hover\"><i class=\"fa fa-briefcase fa-4x fa-fw\"><\/i><\/span><\/div><div class=\"icon-box-content\"><div class=\"icon-box-heading icon-box-fa-4x\"><h3 class=\"h4\">Le tout premier profil professionnel de \u00absp\u00e9cialiste de la blockchain\u00bb<\/h3><\/div><\/div><\/div><div class=\"divider-wrapper\"  >\n    <hr class=\"unseparator border-,Default-color separator-no-padding\"  \/>\n<\/div>\n<div class=\"icon-box icon-box-top\" ><div class=\"icon-box-icon fa-container\" ><span class=\"text-default-color btn-disable-hover\"><i class=\"fa fa-magnifying-glass fa-4x fa-fw\"><\/i><\/span><\/div><div class=\"icon-box-content\"><div class=\"icon-box-heading icon-box-fa-4x\"><h3 class=\"h4\">Un m\u00e9canisme de pr\u00e9vision pour anticiper les futurs besoins en comp\u00e9tences de la blockchain<\/h3><\/div><\/div><\/div><\/div><\/div><\/div><\/div><\/div><\/div><\/div><\/div><div class=\"empty-space empty-single\" ><span class=\"empty-space-inner\"><\/span><\/div>\n<span class=\"btn-container\" ><a role=\"button\"  href=\"https:\/\/chaise-blockchainskills.eu\/fr\/objectives\/\" class=\"custom-link btn border-width-0 btn-default btn-round btn-icon-left\" title=\"Objectifs\">Learn more about CHAISE&#8217;s objectives<\/a><\/span><\/div><\/div><\/div><\/div><\/div><script id=\"script-row-unique-3\" data-row=\"script-row-unique-3\" type=\"text\/javascript\" class=\"vc_controls\">UNCODE.initRow(document.getElementById(\"row-unique-3\"));<\/script><\/div><\/div><\/div>\n<\/div>","protected":false},"excerpt":{"rendered":"About the ProjectA European approachAs a Sector Skills Alliance, CHAISE addresses the growing demand for blockchain and distributed ledger technologies [...]","protected":false},"author":1,"featured_media":84925,"parent":0,"menu_order":0,"comment_status":"closed","ping_status":"closed","template":"","meta":{"footnotes":""},"class_list":["post-83971","page","type-page","status-publish","has-post-thumbnail","hentry"],"yoast_head":"<!-- This site is optimized with the Yoast SEO plugin v27.3 - https:\/\/yoast.com\/product\/yoast-seo-wordpress\/ -->\n<title>About the Project - Chaise Blockchainskills<\/title>\n<meta name=\"robots\" content=\"index, follow, max-snippet:-1, max-image-preview:large, max-video-preview:-1\" \/>\n<link rel=\"canonical\" href=\"https:\/\/chaise-blockchainskills.eu\/fr\/about-the-project\/\" \/>\n<meta property=\"og:locale\" content=\"fr_FR\" \/>\n<meta property=\"og:type\" content=\"article\" \/>\n<meta property=\"og:title\" content=\"About the Project - Chaise Blockchainskills\" \/>\n<meta property=\"og:url\" content=\"https:\/\/chaise-blockchainskills.eu\/fr\/about-the-project\/\" \/>\n<meta property=\"og:site_name\" content=\"Chaise Blockchainskills\" \/>\n<meta property=\"article:modified_time\" content=\"2023-02-01T08:50:20+00:00\" \/>\n<meta property=\"og:image\" content=\"https:\/\/chaise-blockchainskills.eu\/wp-content\/uploads\/2021\/03\/chaise-smaller-hat.jpg\" \/>\n\t<meta property=\"og:image:width\" content=\"1920\" \/>\n\t<meta property=\"og:image:height\" content=\"1080\" \/>\n\t<meta property=\"og:image:type\" content=\"image\/jpeg\" \/>\n<meta name=\"twitter:card\" content=\"summary_large_image\" \/>\n<meta name=\"twitter:label1\" content=\"Dur\u00e9e de lecture estim\u00e9e\" \/>\n\t<meta name=\"twitter:data1\" content=\"2 minutes\" \/>\n<script type=\"application\/ld+json\" class=\"yoast-schema-graph\">{\"@context\":\"https:\\\/\\\/schema.org\",\"@graph\":[{\"@type\":\"WebPage\",\"@id\":\"https:\\\/\\\/chaise-blockchainskills.eu\\\/about-the-project\\\/\",\"url\":\"https:\\\/\\\/chaise-blockchainskills.eu\\\/about-the-project\\\/\",\"name\":\"About the Project - Chaise Blockchainskills\",\"isPartOf\":{\"@id\":\"https:\\\/\\\/chaise-blockchainskills.eu\\\/#website\"},\"primaryImageOfPage\":{\"@id\":\"https:\\\/\\\/chaise-blockchainskills.eu\\\/about-the-project\\\/#primaryimage\"},\"image\":{\"@id\":\"https:\\\/\\\/chaise-blockchainskills.eu\\\/about-the-project\\\/#primaryimage\"},\"thumbnailUrl\":\"https:\\\/\\\/chaise-blockchainskills.eu\\\/wp-content\\\/uploads\\\/2021\\\/03\\\/chaise-smaller-hat.jpg\",\"datePublished\":\"2021-02-21T17:46:24+00:00\",\"dateModified\":\"2023-02-01T08:50:20+00:00\",\"breadcrumb\":{\"@id\":\"https:\\\/\\\/chaise-blockchainskills.eu\\\/about-the-project\\\/#breadcrumb\"},\"inLanguage\":\"fr-FR\",\"potentialAction\":[{\"@type\":\"ReadAction\",\"target\":[\"https:\\\/\\\/chaise-blockchainskills.eu\\\/about-the-project\\\/\"]}]},{\"@type\":\"ImageObject\",\"inLanguage\":\"fr-FR\",\"@id\":\"https:\\\/\\\/chaise-blockchainskills.eu\\\/about-the-project\\\/#primaryimage\",\"url\":\"https:\\\/\\\/chaise-blockchainskills.eu\\\/wp-content\\\/uploads\\\/2021\\\/03\\\/chaise-smaller-hat.jpg\",\"contentUrl\":\"https:\\\/\\\/chaise-blockchainskills.eu\\\/wp-content\\\/uploads\\\/2021\\\/03\\\/chaise-smaller-hat.jpg\",\"width\":1920,\"height\":1080},{\"@type\":\"BreadcrumbList\",\"@id\":\"https:\\\/\\\/chaise-blockchainskills.eu\\\/about-the-project\\\/#breadcrumb\",\"itemListElement\":[{\"@type\":\"ListItem\",\"position\":1,\"name\":\"Home\",\"item\":\"https:\\\/\\\/chaise-blockchainskills.eu\\\/\"},{\"@type\":\"ListItem\",\"position\":2,\"name\":\"About the Project\"}]},{\"@type\":\"WebSite\",\"@id\":\"https:\\\/\\\/chaise-blockchainskills.eu\\\/#website\",\"url\":\"https:\\\/\\\/chaise-blockchainskills.eu\\\/\",\"name\":\"Chaise Blockchainskills\",\"description\":\"Blockchain Skills for Europe\",\"potentialAction\":[{\"@type\":\"SearchAction\",\"target\":{\"@type\":\"EntryPoint\",\"urlTemplate\":\"https:\\\/\\\/chaise-blockchainskills.eu\\\/?s={search_term_string}\"},\"query-input\":{\"@type\":\"PropertyValueSpecification\",\"valueRequired\":true,\"valueName\":\"search_term_string\"}}],\"inLanguage\":\"fr-FR\"}]}<\/script>\n<!-- \/ Yoast SEO plugin. -->","yoast_head_json":{"title":"\u00c0 propos du projet - Chaise Blockchainskills","robots":{"index":"index","follow":"follow","max-snippet":"max-snippet:-1","max-image-preview":"max-image-preview:large","max-video-preview":"max-video-preview:-1"},"canonical":"https:\/\/chaise-blockchainskills.eu\/fr\/about-the-project\/","og_locale":"fr_FR","og_type":"article","og_title":"About the Project - Chaise Blockchainskills","og_url":"https:\/\/chaise-blockchainskills.eu\/fr\/about-the-project\/","og_site_name":"Chaise Blockchainskills","article_modified_time":"2023-02-01T08:50:20+00:00","og_image":[{"width":1920,"height":1080,"url":"https:\/\/chaise-blockchainskills.eu\/wp-content\/uploads\/2021\/03\/chaise-smaller-hat.jpg","type":"image\/jpeg"}],"twitter_card":"summary_large_image","twitter_misc":{"Dur\u00e9e de lecture estim\u00e9e":"2 minutes"},"schema":{"@context":"https:\/\/schema.org","@graph":[{"@type":"WebPage","@id":"https:\/\/chaise-blockchainskills.eu\/about-the-project\/","url":"https:\/\/chaise-blockchainskills.eu\/about-the-project\/","name":"\u00c0 propos du projet - Chaise Blockchainskills","isPartOf":{"@id":"https:\/\/chaise-blockchainskills.eu\/#website"},"primaryImageOfPage":{"@id":"https:\/\/chaise-blockchainskills.eu\/about-the-project\/#primaryimage"},"image":{"@id":"https:\/\/chaise-blockchainskills.eu\/about-the-project\/#primaryimage"},"thumbnailUrl":"https:\/\/chaise-blockchainskills.eu\/wp-content\/uploads\/2021\/03\/chaise-smaller-hat.jpg","datePublished":"2021-02-21T17:46:24+00:00","dateModified":"2023-02-01T08:50:20+00:00","breadcrumb":{"@id":"https:\/\/chaise-blockchainskills.eu\/about-the-project\/#breadcrumb"},"inLanguage":"fr-FR","potentialAction":[{"@type":"ReadAction","target":["https:\/\/chaise-blockchainskills.eu\/about-the-project\/"]}]},{"@type":"ImageObject","inLanguage":"fr-FR","@id":"https:\/\/chaise-blockchainskills.eu\/about-the-project\/#primaryimage","url":"https:\/\/chaise-blockchainskills.eu\/wp-content\/uploads\/2021\/03\/chaise-smaller-hat.jpg","contentUrl":"https:\/\/chaise-blockchainskills.eu\/wp-content\/uploads\/2021\/03\/chaise-smaller-hat.jpg","width":1920,"height":1080},{"@type":"BreadcrumbList","@id":"https:\/\/chaise-blockchainskills.eu\/about-the-project\/#breadcrumb","itemListElement":[{"@type":"ListItem","position":1,"name":"Home","item":"https:\/\/chaise-blockchainskills.eu\/"},{"@type":"ListItem","position":2,"name":"About the Project"}]},{"@type":"WebSite","@id":"https:\/\/chaise-blockchainskills.eu\/#website","url":"https:\/\/chaise-blockchainskills.eu\/","name":"Chaise Blockchainskills","description":"Comp\u00e9tences Blockchain pour l&#039;Europe","potentialAction":[{"@type":"SearchAction","target":{"@type":"EntryPoint","urlTemplate":"https:\/\/chaise-blockchainskills.eu\/?s={search_term_string}"},"query-input":{"@type":"PropertyValueSpecification","valueRequired":true,"valueName":"search_term_string"}}],"inLanguage":"fr-FR"}]}},"_links":{"self":[{"href":"https:\/\/chaise-blockchainskills.eu\/fr\/wp-json\/wp\/v2\/pages\/83971","targetHints":{"allow":["GET"]}}],"collection":[{"href":"https:\/\/chaise-blockchainskills.eu\/fr\/wp-json\/wp\/v2\/pages"}],"about":[{"href":"https:\/\/chaise-blockchainskills.eu\/fr\/wp-json\/wp\/v2\/types\/page"}],"author":[{"embeddable":true,"href":"https:\/\/chaise-blockchainskills.eu\/fr\/wp-json\/wp\/v2\/users\/1"}],"replies":[{"embeddable":true,"href":"https:\/\/chaise-blockchainskills.eu\/fr\/wp-json\/wp\/v2\/comments?post=83971"}],"version-history":[{"count":0,"href":"https:\/\/chaise-blockchainskills.eu\/fr\/wp-json\/wp\/v2\/pages\/83971\/revisions"}],"wp:featuredmedia":[{"embeddable":true,"href":"https:\/\/chaise-blockchainskills.eu\/fr\/wp-json\/wp\/v2\/media\/84925"}],"wp:attachment":[{"href":"https:\/\/chaise-blockchainskills.eu\/fr\/wp-json\/wp\/v2\/media?parent=83971"}],"curies":[{"name":"wp","href":"https:\/\/api.w.org\/{rel}","templated":true}]}}