{"id":84967,"date":"2021-03-15T14:37:12","date_gmt":"2021-03-15T14:37:12","guid":{"rendered":"https:\/\/chaise-blockchainskills.eu\/?page_id=84967"},"modified":"2021-03-31T08:49:31","modified_gmt":"2021-03-31T08:49:31","slug":"expert-advisory-board","status":"publish","type":"page","link":"https:\/\/chaise-blockchainskills.eu\/fr\/expert-advisory-board\/","title":{"rendered":"Comit\u00e9 consultatif d&#039;experts"},"content":{"rendered":"<div class=\"wpb-content-wrapper\"><div data-parent=\"true\" class=\"vc_row row-container boomapps_vcrow\" id=\"row-unique-0\"><div class=\"row-background background-element\">\n\t\t\t\t\t\t\t\t\t\t\t<div class=\"background-wrapper\">\n\t\t\t\t\t\t\t\t\t\t\t\t<div class=\"background-inner\" style=\"background-image: url(https:\/\/chaise-blockchainskills.eu\/wp-content\/uploads\/2021\/03\/expert-gears.jpg);background-repeat: no-repeat;background-position: center center;background-attachment: scroll;background-size: cover;\"><\/div>\n\t\t\t\t\t\t\t\t\t\t\t\t<div class=\"block-bg-overlay style-color-uydo-bg\" style=\"opacity: 0.05;\"><\/div>\n\t\t\t\t\t\t\t\t\t\t\t<\/div>\n\t\t\t\t\t\t\t\t\t\t<\/div><div class=\"row no-top-padding no-bottom-padding no-h-padding full-width row-parent\" data-height-ratio=\"60\" data-minheight=\"200\"><div class=\"wpb_row row-inner\"><div class=\"wpb_column pos-middle pos-center align_center column_parent col-lg-12 boomapps_vccolumn single-internal-gutter\"><div class=\"uncol style-spec style-dark\"  ><div class=\"uncoltable\"><div class=\"uncell  boomapps_vccolumn no-block-padding\" ><div class=\"uncont\" ><div class=\"vc_custom_heading_wrap\"><div class=\"heading-text el-text\" ><h2 class=\"fontsize-338686\" ><span>Comit\u00e9 consultatif d&#039;experts<\/span><\/h2><\/div><div class=\"clear\"><\/div><\/div><\/div><\/div><\/div><\/div><\/div><script id=\"script-row-unique-0\" data-row=\"script-row-unique-0\" type=\"text\/javascript\" class=\"vc_controls\">UNCODE.initRow(document.getElementById(\"row-unique-0\"));<\/script><\/div><\/div><\/div><div data-parent=\"true\" class=\"vc_row row-container boomapps_vcrow\" id=\"row-unique-1\"><div class=\"row limit-width row-parent\"><div class=\"wpb_row row-inner\"><div class=\"wpb_column pos-top pos-center align_left column_parent col-lg-12 boomapps_vccolumn single-internal-gutter\"><div class=\"uncol style-light\"  ><div class=\"uncoltable\"><div class=\"uncell  boomapps_vccolumn\" ><div class=\"uncont no-block-padding col-custom-width\" style=\" max-width:71%;\" ><div class=\"uncode_text_column\" ><\/p>\n<h3><strong>R\u00f4le<\/strong><\/h3>\n<p>Le comit\u00e9 consultatif d'experts de CHAISE est un groupe d'experts dans le domaine de la blockchain, nomm\u00e9 par les organisations partenaires de CHAISE, pour fournir un soutien technique et scientifique \u00e0 l'Alliance sur la base de leurs connaissances sp\u00e9cialis\u00e9es et de leurs capacit\u00e9s institutionnelles, avec pour mission principale de suivre et d'\u00e9valuer les progr\u00e8s et les r\u00e9sultats de la strat\u00e9gie europ\u00e9enne des comp\u00e9tences en mati\u00e8re de blockchain.<\/p>\n<p>Le comit\u00e9 consultatif d&#039;experts a pour mission de:<\/p>\n<ul>\n<li>Aider \u00e0 d\u00e9limiter le secteur de la blockchain et d\u00e9finir les orientations des activit\u00e9s de recherche sur les comp\u00e9tences<\/li>\n<li>Discuter des tendances sectorielles et des d\u00e9veloppements macro-environnementaux<\/li>\n<li>Valider les preuves issues des activit\u00e9s de recherche sur les comp\u00e9tences (y compris les r\u00e9sultats des pr\u00e9visions)<\/li>\n<li>Fournir des conseils sur la personnalisation du m\u00e9canisme de pr\u00e9vision de CHAISE<\/li>\n<li>Suivre et discuter des progr\u00e8s de la strat\u00e9gie europ\u00e9enne des comp\u00e9tences Blockchain<\/li>\n<li>Mettre \u00e0 jour \/ r\u00e9viser la strat\u00e9gie europ\u00e9enne des comp\u00e9tences Blockchain en fonction de l&#039;\u00e9volution des besoins et des priorit\u00e9s de d\u00e9veloppement sectorielles<\/li>\n<\/ul>\n<p>Le comit\u00e9 consultatif d'experts de CHAISE est compos\u00e9 de 17 experts et repr\u00e9sentants de l'industrie, de l'\u00e9ducation, des instances politiques, de la soci\u00e9t\u00e9 civile et des communaut\u00e9s scientifiques de 15 pays europ\u00e9ens.<\/p>\n<h4><strong>Composition du conseil<\/strong><\/h4>\n<table width=\"224\">\n<thead>\n<tr>\n<td width=\"112\">Organisation<\/td>\n<td width=\"112\">De campagne<\/td>\n<\/tr>\n<\/thead>\n<tbody>\n<tr>\n<td width=\"112\">Universit\u00e9 Claude Bernard Lyon 1<\/td>\n<td width=\"112\">France<\/td>\n<\/tr>\n<tr>\n<td width=\"112\">INATBA<\/td>\n<td width=\"112\">Royaume-Uni<\/td>\n<\/tr>\n<tr>\n<td width=\"112\">EU Blockchain Observatory and Forum<\/td>\n<td width=\"112\">Gr\u00e8ce<\/td>\n<\/tr>\n<tr>\n<td width=\"112\">Universit\u00e9 d&#039;\u00c9tat du Bade-Wurtemberg<\/td>\n<td width=\"112\">Allemagne<\/td>\n<\/tr>\n<tr>\n<td width=\"112\">Italia4Blockchain<\/td>\n<td width=\"112\">Italie<\/td>\n<\/tr>\n<tr>\n<td width=\"112\">European Certification and Qualification Association<\/td>\n<td width=\"112\">Autriche<\/td>\n<\/tr>\n<tr>\n<td width=\"112\">Universit\u00e9 de Tartu<\/td>\n<td width=\"112\">Estonie<\/td>\n<\/tr>\n<tr>\n<td width=\"112\">BERCHAIN<\/td>\n<td width=\"112\">Allemagne<\/td>\n<\/tr>\n<tr>\n<td width=\"112\">Economic and Social Research Institute<\/td>\n<td width=\"112\">Irlande<\/td>\n<\/tr>\n<tr>\n<td width=\"112\">Autorit\u00e9 nationale des qualifications de Roumanie<\/td>\n<td width=\"112\">Roumanie<\/td>\n<\/tr>\n<tr>\n<td width=\"112\">Universit\u00e9 de Ljubljana<\/td>\n<td width=\"112\">Slov\u00e9nie<\/td>\n<\/tr>\n<tr>\n<td width=\"112\">\u00c9cole publique de formation professionnelle \u00abIEK Aigaleo\u00bb<\/td>\n<td width=\"112\">Gr\u00e8ce<\/td>\n<\/tr>\n<tr>\n<td width=\"112\">Fujitsu, Belgique<\/td>\n<td width=\"112\">Belgique<\/td>\n<\/tr>\n<tr>\n<td width=\"112\">INDUSTRIA Technology<\/td>\n<td width=\"112\">Bulgarie<\/td>\n<\/tr>\n<tr>\n<td width=\"112\">Universit\u00e9 polytechnique de Catalogne<\/td>\n<td width=\"112\">Espagne<\/td>\n<\/tr>\n<tr>\n<td width=\"112\">Cluster TIC portugais<\/td>\n<td width=\"112\">le Portugal<\/td>\n<\/tr>\n<tr>\n<td width=\"112\">Universit\u00e9 de technologie et d&#039;\u00e9conomie de Budapest<\/td>\n<td width=\"112\">Hongrie<\/td>\n<\/tr>\n<\/tbody>\n<\/table>\n<p>\n<\/div><\/div><\/div><\/div><\/div><\/div><script id=\"script-row-unique-1\" data-row=\"script-row-unique-1\" type=\"text\/javascript\" class=\"vc_controls\">UNCODE.initRow(document.getElementById(\"row-unique-1\"));<\/script><\/div><\/div><\/div>\n<\/div>","protected":false},"excerpt":{"rendered":"Expert Advisory BoardRole The CHAISE Expert Advisory Board is a group of experts in the Blockchain field, nominated by CHAISE [...]","protected":false},"author":3,"featured_media":84971,"parent":0,"menu_order":0,"comment_status":"closed","ping_status":"closed","template":"","meta":{"footnotes":""},"class_list":["post-84967","page","type-page","status-publish","has-post-thumbnail","hentry"],"yoast_head":"<!-- This site is optimized with the Yoast SEO plugin v27.3 - https:\/\/yoast.com\/product\/yoast-seo-wordpress\/ -->\n<title>Expert Advisory Board - Chaise Blockchainskills<\/title>\n<meta name=\"robots\" content=\"index, follow, max-snippet:-1, max-image-preview:large, max-video-preview:-1\" \/>\n<link rel=\"canonical\" href=\"https:\/\/chaise-blockchainskills.eu\/fr\/expert-advisory-board\/\" \/>\n<meta property=\"og:locale\" content=\"fr_FR\" \/>\n<meta property=\"og:type\" content=\"article\" \/>\n<meta property=\"og:title\" content=\"Expert Advisory Board - Chaise Blockchainskills\" \/>\n<meta property=\"og:url\" content=\"https:\/\/chaise-blockchainskills.eu\/fr\/expert-advisory-board\/\" \/>\n<meta property=\"og:site_name\" content=\"Chaise Blockchainskills\" \/>\n<meta property=\"article:modified_time\" content=\"2021-03-31T08:49:31+00:00\" \/>\n<meta property=\"og:image\" content=\"https:\/\/chaise-blockchainskills.eu\/wp-content\/uploads\/2021\/03\/expert-gears.jpg\" \/>\n\t<meta property=\"og:image:width\" content=\"1920\" \/>\n\t<meta property=\"og:image:height\" content=\"1080\" \/>\n\t<meta property=\"og:image:type\" content=\"image\/jpeg\" \/>\n<meta name=\"twitter:card\" content=\"summary_large_image\" \/>\n<meta name=\"twitter:label1\" content=\"Dur\u00e9e de lecture estim\u00e9e\" \/>\n\t<meta name=\"twitter:data1\" content=\"2 minutes\" \/>\n<script type=\"application\/ld+json\" class=\"yoast-schema-graph\">{\"@context\":\"https:\\\/\\\/schema.org\",\"@graph\":[{\"@type\":\"WebPage\",\"@id\":\"https:\\\/\\\/chaise-blockchainskills.eu\\\/expert-advisory-board\\\/\",\"url\":\"https:\\\/\\\/chaise-blockchainskills.eu\\\/expert-advisory-board\\\/\",\"name\":\"Expert Advisory Board - Chaise Blockchainskills\",\"isPartOf\":{\"@id\":\"https:\\\/\\\/chaise-blockchainskills.eu\\\/#website\"},\"primaryImageOfPage\":{\"@id\":\"https:\\\/\\\/chaise-blockchainskills.eu\\\/expert-advisory-board\\\/#primaryimage\"},\"image\":{\"@id\":\"https:\\\/\\\/chaise-blockchainskills.eu\\\/expert-advisory-board\\\/#primaryimage\"},\"thumbnailUrl\":\"https:\\\/\\\/chaise-blockchainskills.eu\\\/wp-content\\\/uploads\\\/2021\\\/03\\\/expert-gears.jpg\",\"datePublished\":\"2021-03-15T14:37:12+00:00\",\"dateModified\":\"2021-03-31T08:49:31+00:00\",\"breadcrumb\":{\"@id\":\"https:\\\/\\\/chaise-blockchainskills.eu\\\/expert-advisory-board\\\/#breadcrumb\"},\"inLanguage\":\"fr-FR\",\"potentialAction\":[{\"@type\":\"ReadAction\",\"target\":[\"https:\\\/\\\/chaise-blockchainskills.eu\\\/expert-advisory-board\\\/\"]}]},{\"@type\":\"ImageObject\",\"inLanguage\":\"fr-FR\",\"@id\":\"https:\\\/\\\/chaise-blockchainskills.eu\\\/expert-advisory-board\\\/#primaryimage\",\"url\":\"https:\\\/\\\/chaise-blockchainskills.eu\\\/wp-content\\\/uploads\\\/2021\\\/03\\\/expert-gears.jpg\",\"contentUrl\":\"https:\\\/\\\/chaise-blockchainskills.eu\\\/wp-content\\\/uploads\\\/2021\\\/03\\\/expert-gears.jpg\",\"width\":1920,\"height\":1080},{\"@type\":\"BreadcrumbList\",\"@id\":\"https:\\\/\\\/chaise-blockchainskills.eu\\\/expert-advisory-board\\\/#breadcrumb\",\"itemListElement\":[{\"@type\":\"ListItem\",\"position\":1,\"name\":\"Home\",\"item\":\"https:\\\/\\\/chaise-blockchainskills.eu\\\/\"},{\"@type\":\"ListItem\",\"position\":2,\"name\":\"Expert Advisory Board\"}]},{\"@type\":\"WebSite\",\"@id\":\"https:\\\/\\\/chaise-blockchainskills.eu\\\/#website\",\"url\":\"https:\\\/\\\/chaise-blockchainskills.eu\\\/\",\"name\":\"Chaise Blockchainskills\",\"description\":\"Blockchain Skills for Europe\",\"potentialAction\":[{\"@type\":\"SearchAction\",\"target\":{\"@type\":\"EntryPoint\",\"urlTemplate\":\"https:\\\/\\\/chaise-blockchainskills.eu\\\/?s={search_term_string}\"},\"query-input\":{\"@type\":\"PropertyValueSpecification\",\"valueRequired\":true,\"valueName\":\"search_term_string\"}}],\"inLanguage\":\"fr-FR\"}]}<\/script>\n<!-- \/ Yoast SEO plugin. -->","yoast_head_json":{"title":"Expert Advisory Board - Chaise Blockchainskills","robots":{"index":"index","follow":"follow","max-snippet":"max-snippet:-1","max-image-preview":"max-image-preview:large","max-video-preview":"max-video-preview:-1"},"canonical":"https:\/\/chaise-blockchainskills.eu\/fr\/expert-advisory-board\/","og_locale":"fr_FR","og_type":"article","og_title":"Expert Advisory Board - Chaise Blockchainskills","og_url":"https:\/\/chaise-blockchainskills.eu\/fr\/expert-advisory-board\/","og_site_name":"Chaise Blockchainskills","article_modified_time":"2021-03-31T08:49:31+00:00","og_image":[{"width":1920,"height":1080,"url":"https:\/\/chaise-blockchainskills.eu\/wp-content\/uploads\/2021\/03\/expert-gears.jpg","type":"image\/jpeg"}],"twitter_card":"summary_large_image","twitter_misc":{"Dur\u00e9e de lecture estim\u00e9e":"2 minutes"},"schema":{"@context":"https:\/\/schema.org","@graph":[{"@type":"WebPage","@id":"https:\/\/chaise-blockchainskills.eu\/expert-advisory-board\/","url":"https:\/\/chaise-blockchainskills.eu\/expert-advisory-board\/","name":"Expert Advisory Board - Chaise Blockchainskills","isPartOf":{"@id":"https:\/\/chaise-blockchainskills.eu\/#website"},"primaryImageOfPage":{"@id":"https:\/\/chaise-blockchainskills.eu\/expert-advisory-board\/#primaryimage"},"image":{"@id":"https:\/\/chaise-blockchainskills.eu\/expert-advisory-board\/#primaryimage"},"thumbnailUrl":"https:\/\/chaise-blockchainskills.eu\/wp-content\/uploads\/2021\/03\/expert-gears.jpg","datePublished":"2021-03-15T14:37:12+00:00","dateModified":"2021-03-31T08:49:31+00:00","breadcrumb":{"@id":"https:\/\/chaise-blockchainskills.eu\/expert-advisory-board\/#breadcrumb"},"inLanguage":"fr-FR","potentialAction":[{"@type":"ReadAction","target":["https:\/\/chaise-blockchainskills.eu\/expert-advisory-board\/"]}]},{"@type":"ImageObject","inLanguage":"fr-FR","@id":"https:\/\/chaise-blockchainskills.eu\/expert-advisory-board\/#primaryimage","url":"https:\/\/chaise-blockchainskills.eu\/wp-content\/uploads\/2021\/03\/expert-gears.jpg","contentUrl":"https:\/\/chaise-blockchainskills.eu\/wp-content\/uploads\/2021\/03\/expert-gears.jpg","width":1920,"height":1080},{"@type":"BreadcrumbList","@id":"https:\/\/chaise-blockchainskills.eu\/expert-advisory-board\/#breadcrumb","itemListElement":[{"@type":"ListItem","position":1,"name":"Home","item":"https:\/\/chaise-blockchainskills.eu\/"},{"@type":"ListItem","position":2,"name":"Expert Advisory Board"}]},{"@type":"WebSite","@id":"https:\/\/chaise-blockchainskills.eu\/#website","url":"https:\/\/chaise-blockchainskills.eu\/","name":"Chaise Blockchainskills","description":"Comp\u00e9tences Blockchain pour l&#039;Europe","potentialAction":[{"@type":"SearchAction","target":{"@type":"EntryPoint","urlTemplate":"https:\/\/chaise-blockchainskills.eu\/?s={search_term_string}"},"query-input":{"@type":"PropertyValueSpecification","valueRequired":true,"valueName":"search_term_string"}}],"inLanguage":"fr-FR"}]}},"_links":{"self":[{"href":"https:\/\/chaise-blockchainskills.eu\/fr\/wp-json\/wp\/v2\/pages\/84967","targetHints":{"allow":["GET"]}}],"collection":[{"href":"https:\/\/chaise-blockchainskills.eu\/fr\/wp-json\/wp\/v2\/pages"}],"about":[{"href":"https:\/\/chaise-blockchainskills.eu\/fr\/wp-json\/wp\/v2\/types\/page"}],"author":[{"embeddable":true,"href":"https:\/\/chaise-blockchainskills.eu\/fr\/wp-json\/wp\/v2\/users\/3"}],"replies":[{"embeddable":true,"href":"https:\/\/chaise-blockchainskills.eu\/fr\/wp-json\/wp\/v2\/comments?post=84967"}],"version-history":[{"count":0,"href":"https:\/\/chaise-blockchainskills.eu\/fr\/wp-json\/wp\/v2\/pages\/84967\/revisions"}],"wp:featuredmedia":[{"embeddable":true,"href":"https:\/\/chaise-blockchainskills.eu\/fr\/wp-json\/wp\/v2\/media\/84971"}],"wp:attachment":[{"href":"https:\/\/chaise-blockchainskills.eu\/fr\/wp-json\/wp\/v2\/media?parent=84967"}],"curies":[{"name":"wp","href":"https:\/\/api.w.org\/{rel}","templated":true}]}}