{"id":86459,"date":"2022-07-06T09:11:00","date_gmt":"2022-07-06T09:11:00","guid":{"rendered":"https:\/\/chaise-blockchainskills.eu\/?page_id=86459"},"modified":"2022-07-06T09:12:39","modified_gmt":"2022-07-06T09:12:39","slug":"blockchain-conference-2022-in-thessaloniki-event-report","status":"publish","type":"page","link":"https:\/\/chaise-blockchainskills.eu\/fr\/blockchain-conference-2022-in-thessaloniki-event-report\/","title":{"rendered":"Blockchain Conference 2022 in Thessaloniki: Event report"},"content":{"rendered":"<div class=\"wpb-content-wrapper\"><div data-parent=\"true\" class=\"vc_row has-bg need-focus style-color-nhtu-bg row-container boomapps_vcrow\" id=\"row-unique-0\"><div class=\"row limit-width row-parent\"><div class=\"wpb_row row-inner\"><div class=\"wpb_column pos-top pos-center align_left column_parent col-lg-12 boomapps_vccolumn single-internal-gutter\"><div class=\"uncol style-light\"  ><div class=\"uncoltable\"><div class=\"uncell  boomapps_vccolumn no-block-padding\" ><div class=\"uncont\" ><div class=\"vc_custom_heading_wrap\"><div class=\"heading-text el-text\" ><h2 class=\"h2 text-color-xsdn-color\" ><span><strong>Rapport d&#039;\u00e9v\u00e9nement\u00a0: 1\u00e8re conf\u00e9rence Blockchain \u00e0 Thessalonique, 21 juin 2022<\/strong><\/span><\/h2><\/div><div class=\"clear\"><\/div><\/div><\/div><\/div><\/div><\/div><\/div><script id=\"script-row-unique-0\" data-row=\"script-row-unique-0\" type=\"text\/javascript\" class=\"vc_controls\">UNCODE.initRow(document.getElementById(\"row-unique-0\"));<\/script><\/div><\/div><\/div><div data-parent=\"true\" class=\"vc_row has-bg need-focus style-color-xsdn-bg row-container boomapps_vcrow\" id=\"row-unique-1\"><div class=\"row unequal quad-top-padding quad-bottom-padding single-h-padding limit-width row-parent\"><div class=\"wpb_row row-inner\"><div class=\"wpb_column pos-top pos-center align_left column_parent col-lg-12 boomapps_vccolumn single-internal-gutter\"><div class=\"uncol style-light\"  ><div class=\"uncoltable\"><div class=\"uncell  boomapps_vccolumn single-block-padding style-color-lxmt-bg has-bg\" ><div class=\"uncont\" ><div class=\"vc_row row-internal row-container boomapps_vcrow\"><div class=\"row row-child\"><div class=\"wpb_row row-inner\"><div class=\"wpb_column pos-top pos-center align_left column_child col-lg-4 boomapps_vccolumn single-internal-gutter\"><div class=\"uncol style-light\" ><div class=\"uncoltable\"><div class=\"uncell  boomapps_vccolumn no-block-padding\" ><div class=\"uncont\" ><\/div><\/div><\/div><\/div><\/div><div class=\"wpb_column pos-top pos-center align_left column_child col-lg-4 boomapps_vccolumn single-internal-gutter\"><div class=\"uncol style-light\" ><div class=\"uncoltable\"><div class=\"uncell  boomapps_vccolumn no-block-padding\" ><div class=\"uncont\" ><div class=\"uncode-single-media  text-left\"><div class=\"single-wrapper\" style=\"max-width: 100%;\"><div class=\"tmb tmb-light  tmb-media-first tmb-media-last tmb-content-overlay tmb-no-bg\"><div class=\"t-inside\"><div class=\"t-entry-visual\"><div class=\"t-entry-visual-tc\"><div class=\"uncode-single-media-wrapper\"><img decoding=\"async\" class=\"wp-image-86277\" src=\"https:\/\/chaise-blockchainskills.eu\/wp-content\/uploads\/2022\/05\/1st-Blockchain-conference.png\" width=\"640\" height=\"360\" alt=\"\" srcset=\"https:\/\/chaise-blockchainskills.eu\/wp-content\/uploads\/2022\/05\/1st-Blockchain-conference.png 640w, https:\/\/chaise-blockchainskills.eu\/wp-content\/uploads\/2022\/05\/1st-Blockchain-conference-300x169.png 300w, https:\/\/chaise-blockchainskills.eu\/wp-content\/uploads\/2022\/05\/1st-Blockchain-conference-18x10.png 18w\" sizes=\"(max-width: 640px) 100vw, 640px\" \/><\/div>\n\t\t\t\t\t<\/div>\n\t\t\t\t<\/div><\/div><\/div><\/div><\/div><\/div><\/div><\/div><\/div><\/div><div class=\"wpb_column pos-top pos-center align_left column_child col-lg-4 boomapps_vccolumn single-internal-gutter\"><div class=\"uncol style-light\" ><div class=\"uncoltable\"><div class=\"uncell  boomapps_vccolumn no-block-padding\" ><div class=\"uncont\" ><\/div><\/div><\/div><\/div><\/div><\/div><\/div><\/div><div class=\"uncode_text_column\" ><\/p>\n<h4 style=\"text-align: center;\"><strong>1\u00e8re Conf\u00e9rence Blockchain 2022\u00a0: D\u00e9verrouiller la Blockchain<\/strong><\/h4>\n<p>\n<\/div><div class=\"uncode_text_column text-color-gyho-color\" ><\/p>\n<p style=\"text-align: center;\"><strong>21 juin 2022<\/strong><\/p>\n<p>\n<\/div><div class=\"vc_row row-internal row-container boomapps_vcrow\"><div class=\"row row-child\"><div class=\"wpb_row row-inner\"><div class=\"wpb_column pos-top pos-center align_left column_child col-lg-12 boomapps_vccolumn single-internal-gutter\"><div class=\"uncol style-light\" ><div class=\"uncoltable\"><div class=\"uncell  boomapps_vccolumn no-block-padding\" ><div class=\"uncont\" ><div class=\"uncode-single-media  text-center\"><div class=\"single-wrapper\" style=\"max-width: 54%;\"><div class=\"tmb tmb-light  tmb-media-first tmb-media-last tmb-content-overlay tmb-no-bg\"><div class=\"t-inside\"><div class=\"t-entry-visual\"><div class=\"t-entry-visual-tc\"><div class=\"uncode-single-media-wrapper\"><img decoding=\"async\" class=\"wp-image-86463\" src=\"https:\/\/chaise-blockchainskills.eu\/wp-content\/uploads\/2022\/07\/MASt-387-scaled.jpg\" width=\"2560\" height=\"1703\" alt=\"\" srcset=\"https:\/\/chaise-blockchainskills.eu\/wp-content\/uploads\/2022\/07\/MASt-387-scaled.jpg 2560w, https:\/\/chaise-blockchainskills.eu\/wp-content\/uploads\/2022\/07\/MASt-387-300x200.jpg 300w, https:\/\/chaise-blockchainskills.eu\/wp-content\/uploads\/2022\/07\/MASt-387-1024x681.jpg 1024w, https:\/\/chaise-blockchainskills.eu\/wp-content\/uploads\/2022\/07\/MASt-387-768x511.jpg 768w, https:\/\/chaise-blockchainskills.eu\/wp-content\/uploads\/2022\/07\/MASt-387-1536x1022.jpg 1536w, https:\/\/chaise-blockchainskills.eu\/wp-content\/uploads\/2022\/07\/MASt-387-2048x1362.jpg 2048w, https:\/\/chaise-blockchainskills.eu\/wp-content\/uploads\/2022\/07\/MASt-387-18x12.jpg 18w\" sizes=\"(max-width: 2560px) 100vw, 2560px\" \/><\/div>\n\t\t\t\t\t<\/div>\n\t\t\t\t<\/div><\/div><\/div><\/div><\/div><\/div><\/div><\/div><\/div><\/div><\/div><\/div><\/div><div class=\"vc_row row-internal row-container boomapps_vcrow\"><div class=\"row row-child\"><div class=\"wpb_row row-inner\"><div class=\"wpb_column pos-top pos-center align_left column_child col-lg-12 boomapps_vccolumn single-internal-gutter\"><div class=\"uncol style-light\" ><div class=\"uncoltable\"><div class=\"uncell  boomapps_vccolumn no-block-padding\" ><div class=\"uncont\" style=\" max-width:80%;\" ><div class=\"uncode_text_column text-color-rgdb-color\" ><\/p>\n<h4><strong>\u00a0<\/strong><strong>Les technologies Blockchain au c\u0153ur de Thessalonique - La 1\u00e8re conf\u00e9rence Blockchain s&#039;est tenue avec une grande participation<\/strong><\/h4>\n<p><em>La premi\u00e8re conf\u00e9rence en pr\u00e9sence sur les technologies Blockchain en Gr\u00e8ce est d\u00e9sormais un fait ! Avec sa devise centrale &quot;Unlocking Blockchain&quot;, la 1\u00e8re Conf\u00e9rence Blockchain a cherch\u00e9 \u00e0 d\u00e9bloquer les technologies du futur, \u00e9tant un point de r\u00e9f\u00e9rence pour le monde du cryptage. Le projet CHAISE \u00e9tait partenaire de la conf\u00e9rence.<\/em><\/p>\n<p>Le <a href=\"https:\/\/blockchainconference2022.gr\/\">1<sup>St<\/sup> en pr\u00e9sence Conf\u00e9rence sur la Blockchain<\/a> technologies en Gr\u00e8ce, s&#039;est tenue le mardi 21 juin 2022 au Grand Hotel Palace, \u00e0 Thessalonique, avec un grand succ\u00e8s et la participation de centaines de professionnels, chercheurs et \u00e9tudiants.<\/p>\n<p>Le <a href=\"https:\/\/insuranceinnovation.gr\/\">Innovation en assurance<\/a> La conf\u00e9rence a \u00e9t\u00e9 l&#039;occasion de rencontrer plus de 240 passionn\u00e9s de technologie de monnaie num\u00e9rique et de NFT qui ont assist\u00e9 avec impatience aux discours int\u00e9ressants et complets des 18 intervenants. Les participants ont eu l&#039;occasion d&#039;\u00eatre inform\u00e9s sur les nouvelles tendances du march\u00e9 mais aussi d&#039;entrer en contact direct, d&#039;\u00e9changer des points de vue et des connaissances avec des experts internationaux et grecs. Dans le m\u00eame temps, 1350 participants en ligne ont regard\u00e9 la conf\u00e9rence en direct, commentant et posant des questions aux conf\u00e9renciers.<\/p>\n<p>Dans la section sp\u00e9ciale de la conf\u00e9rence \u00ab <strong>Blockchain dans l&#039;\u00e9ducation<\/strong>\u201d, <strong>M. Dimitris<\/strong> <strong>Kiriakos, directeur de DIEK Egaleo<\/strong>, a pr\u00e9sent\u00e9 le <strong>CHAISE \u2013 Consortium Blockchain<\/strong>, un <strong>Sector Skills Alliance, financ\u00e9 par le programme Erasmus+<\/strong>, qui r\u00e9pond \u00e0 la demande croissante de formation sur la Blockchain et de comp\u00e9tences technologiques dans les technologies de grand livre distribu\u00e9 (DLT) \u00e0 travers l&#039;Europe. Comme l&#039;a expliqu\u00e9 M. Kiriakos, la mission principale du projet CHAISE est de d\u00e9velopper une approche strat\u00e9gique sur le d\u00e9veloppement des comp\u00e9tences blockchain pour l&#039;Europe. CHAISE fournira des solutions de formation \u00e0 l&#039;\u00e9preuve du temps, afin de rem\u00e9dier aux p\u00e9nuries de comp\u00e9tences dans la blockchain et de r\u00e9pondre aux besoins actuels et futurs en comp\u00e9tences de la main-d&#039;\u0153uvre europ\u00e9enne de la blockchain.<\/p>\n<p><strong>La Conf\u00e9rence s&#039;est tenue sous les auspices de <\/strong>:\u00a0 <a href=\"https:\/\/www.uowm.gr\/\">Universit\u00e9 de Mac\u00e9doine occidentale (Thessalonique)<\/a>, <a href=\"https:\/\/trikalacity.gr\/\">Municipalit\u00e9 de Trikala<\/a><\/p>\n<p><strong>La Conf\u00e9rence s&#039;est tenue avec son soutien de : <\/strong>Usine de blockchain, <a href=\"https:\/\/chaise-blockchainskills.eu\/fr\/\">Chaise Blockchain Skills pour l&#039;Europe<\/a><\/p>\n<\/div><\/div><\/div><\/div><\/div><\/div><\/div><\/div><\/div><div class=\"vc_row row-internal row-container boomapps_vcrow\"><div class=\"row row-child\"><div class=\"wpb_row row-inner\"><div class=\"wpb_column pos-top pos-center align_left column_child col-lg-4 boomapps_vccolumn single-internal-gutter\"><div class=\"uncol style-light\" ><div class=\"uncoltable\"><div class=\"uncell  boomapps_vccolumn no-block-padding\" ><div class=\"uncont\" ><\/div><\/div><\/div><\/div><\/div><div class=\"wpb_column pos-top pos-center align_left column_child col-lg-4 boomapps_vccolumn single-internal-gutter\"><div class=\"uncol style-light\" ><div class=\"uncoltable\"><div class=\"uncell  boomapps_vccolumn no-block-padding\" ><div class=\"uncont\" ><span class=\"btn-container\" ><a role=\"button\"  href=\"https:\/\/blockchainconference2022.gr\/\" class=\"custom-link btn border-width-0 btn-color-nhtu btn-icon-left\" target=\"_blank\" rel=\"nofollow\">Plus d&#039;informations<\/a><\/span><\/div><\/div><\/div><\/div><\/div><div class=\"wpb_column pos-top pos-center align_left column_child col-lg-4 boomapps_vccolumn single-internal-gutter\"><div class=\"uncol style-light\" ><div class=\"uncoltable\"><div class=\"uncell  boomapps_vccolumn no-block-padding\" ><div class=\"uncont\" ><\/div><\/div><\/div><\/div><\/div><\/div><\/div><\/div><\/div><\/div><\/div><\/div><\/div><script id=\"script-row-unique-1\" data-row=\"script-row-unique-1\" type=\"text\/javascript\" class=\"vc_controls\">UNCODE.initRow(document.getElementById(\"row-unique-1\"));<\/script><\/div><\/div><\/div>\n<\/div>","protected":false},"excerpt":{"rendered":"Event report: 1st Blockchain Conference in Thessaloniki, 21 June 2022 1st Blockchain Conference 2022: Unlocking Blockchain 21 June 2022 \u00a0The [...]","protected":false},"author":3,"featured_media":86463,"parent":0,"menu_order":0,"comment_status":"closed","ping_status":"closed","template":"","meta":{"footnotes":""},"class_list":["post-86459","page","type-page","status-publish","has-post-thumbnail","hentry"],"yoast_head":"<!-- This site is optimized with the Yoast SEO plugin v27.4 - https:\/\/yoast.com\/product\/yoast-seo-wordpress\/ -->\n<title>Blockchain Conference 2022 in Thessaloniki: Event report - Chaise Blockchainskills<\/title>\n<meta name=\"robots\" content=\"index, follow, max-snippet:-1, max-image-preview:large, max-video-preview:-1\" \/>\n<link rel=\"canonical\" href=\"https:\/\/chaise-blockchainskills.eu\/fr\/blockchain-conference-2022-in-thessaloniki-event-report\/\" \/>\n<meta property=\"og:locale\" content=\"fr_FR\" \/>\n<meta property=\"og:type\" content=\"article\" \/>\n<meta property=\"og:title\" content=\"Blockchain Conference 2022 in Thessaloniki: Event report - Chaise Blockchainskills\" \/>\n<meta property=\"og:url\" content=\"https:\/\/chaise-blockchainskills.eu\/fr\/blockchain-conference-2022-in-thessaloniki-event-report\/\" \/>\n<meta property=\"og:site_name\" content=\"Chaise Blockchainskills\" \/>\n<meta property=\"article:modified_time\" content=\"2022-07-06T09:12:39+00:00\" \/>\n<meta property=\"og:image\" content=\"https:\/\/chaise-blockchainskills.eu\/wp-content\/uploads\/2022\/07\/MASt-387-scaled.jpg\" \/>\n\t<meta property=\"og:image:width\" content=\"2560\" \/>\n\t<meta property=\"og:image:height\" content=\"1703\" \/>\n\t<meta property=\"og:image:type\" content=\"image\/jpeg\" \/>\n<meta name=\"twitter:card\" content=\"summary_large_image\" \/>\n<meta name=\"twitter:label1\" content=\"Dur\u00e9e de lecture estim\u00e9e\" \/>\n\t<meta name=\"twitter:data1\" content=\"2 minutes\" \/>\n<script type=\"application\/ld+json\" class=\"yoast-schema-graph\">{\"@context\":\"https:\\\/\\\/schema.org\",\"@graph\":[{\"@type\":\"WebPage\",\"@id\":\"https:\\\/\\\/chaise-blockchainskills.eu\\\/blockchain-conference-2022-in-thessaloniki-event-report\\\/\",\"url\":\"https:\\\/\\\/chaise-blockchainskills.eu\\\/blockchain-conference-2022-in-thessaloniki-event-report\\\/\",\"name\":\"Blockchain Conference 2022 in Thessaloniki: Event report - Chaise Blockchainskills\",\"isPartOf\":{\"@id\":\"https:\\\/\\\/chaise-blockchainskills.eu\\\/#website\"},\"primaryImageOfPage\":{\"@id\":\"https:\\\/\\\/chaise-blockchainskills.eu\\\/blockchain-conference-2022-in-thessaloniki-event-report\\\/#primaryimage\"},\"image\":{\"@id\":\"https:\\\/\\\/chaise-blockchainskills.eu\\\/blockchain-conference-2022-in-thessaloniki-event-report\\\/#primaryimage\"},\"thumbnailUrl\":\"https:\\\/\\\/chaise-blockchainskills.eu\\\/wp-content\\\/uploads\\\/2022\\\/07\\\/MASt-387-scaled.jpg\",\"datePublished\":\"2022-07-06T09:11:00+00:00\",\"dateModified\":\"2022-07-06T09:12:39+00:00\",\"breadcrumb\":{\"@id\":\"https:\\\/\\\/chaise-blockchainskills.eu\\\/blockchain-conference-2022-in-thessaloniki-event-report\\\/#breadcrumb\"},\"inLanguage\":\"fr-FR\",\"potentialAction\":[{\"@type\":\"ReadAction\",\"target\":[\"https:\\\/\\\/chaise-blockchainskills.eu\\\/blockchain-conference-2022-in-thessaloniki-event-report\\\/\"]}]},{\"@type\":\"ImageObject\",\"inLanguage\":\"fr-FR\",\"@id\":\"https:\\\/\\\/chaise-blockchainskills.eu\\\/blockchain-conference-2022-in-thessaloniki-event-report\\\/#primaryimage\",\"url\":\"https:\\\/\\\/chaise-blockchainskills.eu\\\/wp-content\\\/uploads\\\/2022\\\/07\\\/MASt-387-scaled.jpg\",\"contentUrl\":\"https:\\\/\\\/chaise-blockchainskills.eu\\\/wp-content\\\/uploads\\\/2022\\\/07\\\/MASt-387-scaled.jpg\",\"width\":2560,\"height\":1703},{\"@type\":\"BreadcrumbList\",\"@id\":\"https:\\\/\\\/chaise-blockchainskills.eu\\\/blockchain-conference-2022-in-thessaloniki-event-report\\\/#breadcrumb\",\"itemListElement\":[{\"@type\":\"ListItem\",\"position\":1,\"name\":\"Home\",\"item\":\"https:\\\/\\\/chaise-blockchainskills.eu\\\/\"},{\"@type\":\"ListItem\",\"position\":2,\"name\":\"Blockchain Conference 2022 in Thessaloniki: Event report\"}]},{\"@type\":\"WebSite\",\"@id\":\"https:\\\/\\\/chaise-blockchainskills.eu\\\/#website\",\"url\":\"https:\\\/\\\/chaise-blockchainskills.eu\\\/\",\"name\":\"Chaise Blockchainskills\",\"description\":\"Blockchain Skills for Europe\",\"potentialAction\":[{\"@type\":\"SearchAction\",\"target\":{\"@type\":\"EntryPoint\",\"urlTemplate\":\"https:\\\/\\\/chaise-blockchainskills.eu\\\/?s={search_term_string}\"},\"query-input\":{\"@type\":\"PropertyValueSpecification\",\"valueRequired\":true,\"valueName\":\"search_term_string\"}}],\"inLanguage\":\"fr-FR\"}]}<\/script>\n<!-- \/ Yoast SEO plugin. -->","yoast_head_json":{"title":"Blockchain Conference 2022 in Thessaloniki: Event report - Chaise Blockchainskills","robots":{"index":"index","follow":"follow","max-snippet":"max-snippet:-1","max-image-preview":"max-image-preview:large","max-video-preview":"max-video-preview:-1"},"canonical":"https:\/\/chaise-blockchainskills.eu\/fr\/blockchain-conference-2022-in-thessaloniki-event-report\/","og_locale":"fr_FR","og_type":"article","og_title":"Blockchain Conference 2022 in Thessaloniki: Event report - Chaise Blockchainskills","og_url":"https:\/\/chaise-blockchainskills.eu\/fr\/blockchain-conference-2022-in-thessaloniki-event-report\/","og_site_name":"Chaise Blockchainskills","article_modified_time":"2022-07-06T09:12:39+00:00","og_image":[{"width":2560,"height":1703,"url":"https:\/\/chaise-blockchainskills.eu\/wp-content\/uploads\/2022\/07\/MASt-387-scaled.jpg","type":"image\/jpeg"}],"twitter_card":"summary_large_image","twitter_misc":{"Dur\u00e9e de lecture estim\u00e9e":"2 minutes"},"schema":{"@context":"https:\/\/schema.org","@graph":[{"@type":"WebPage","@id":"https:\/\/chaise-blockchainskills.eu\/blockchain-conference-2022-in-thessaloniki-event-report\/","url":"https:\/\/chaise-blockchainskills.eu\/blockchain-conference-2022-in-thessaloniki-event-report\/","name":"Blockchain Conference 2022 in Thessaloniki: Event report - Chaise Blockchainskills","isPartOf":{"@id":"https:\/\/chaise-blockchainskills.eu\/#website"},"primaryImageOfPage":{"@id":"https:\/\/chaise-blockchainskills.eu\/blockchain-conference-2022-in-thessaloniki-event-report\/#primaryimage"},"image":{"@id":"https:\/\/chaise-blockchainskills.eu\/blockchain-conference-2022-in-thessaloniki-event-report\/#primaryimage"},"thumbnailUrl":"https:\/\/chaise-blockchainskills.eu\/wp-content\/uploads\/2022\/07\/MASt-387-scaled.jpg","datePublished":"2022-07-06T09:11:00+00:00","dateModified":"2022-07-06T09:12:39+00:00","breadcrumb":{"@id":"https:\/\/chaise-blockchainskills.eu\/blockchain-conference-2022-in-thessaloniki-event-report\/#breadcrumb"},"inLanguage":"fr-FR","potentialAction":[{"@type":"ReadAction","target":["https:\/\/chaise-blockchainskills.eu\/blockchain-conference-2022-in-thessaloniki-event-report\/"]}]},{"@type":"ImageObject","inLanguage":"fr-FR","@id":"https:\/\/chaise-blockchainskills.eu\/blockchain-conference-2022-in-thessaloniki-event-report\/#primaryimage","url":"https:\/\/chaise-blockchainskills.eu\/wp-content\/uploads\/2022\/07\/MASt-387-scaled.jpg","contentUrl":"https:\/\/chaise-blockchainskills.eu\/wp-content\/uploads\/2022\/07\/MASt-387-scaled.jpg","width":2560,"height":1703},{"@type":"BreadcrumbList","@id":"https:\/\/chaise-blockchainskills.eu\/blockchain-conference-2022-in-thessaloniki-event-report\/#breadcrumb","itemListElement":[{"@type":"ListItem","position":1,"name":"Home","item":"https:\/\/chaise-blockchainskills.eu\/"},{"@type":"ListItem","position":2,"name":"Blockchain Conference 2022 in Thessaloniki: Event report"}]},{"@type":"WebSite","@id":"https:\/\/chaise-blockchainskills.eu\/#website","url":"https:\/\/chaise-blockchainskills.eu\/","name":"Chaise Blockchainskills","description":"Comp\u00e9tences Blockchain pour l&#039;Europe","potentialAction":[{"@type":"SearchAction","target":{"@type":"EntryPoint","urlTemplate":"https:\/\/chaise-blockchainskills.eu\/?s={search_term_string}"},"query-input":{"@type":"PropertyValueSpecification","valueRequired":true,"valueName":"search_term_string"}}],"inLanguage":"fr-FR"}]}},"_links":{"self":[{"href":"https:\/\/chaise-blockchainskills.eu\/fr\/wp-json\/wp\/v2\/pages\/86459","targetHints":{"allow":["GET"]}}],"collection":[{"href":"https:\/\/chaise-blockchainskills.eu\/fr\/wp-json\/wp\/v2\/pages"}],"about":[{"href":"https:\/\/chaise-blockchainskills.eu\/fr\/wp-json\/wp\/v2\/types\/page"}],"author":[{"embeddable":true,"href":"https:\/\/chaise-blockchainskills.eu\/fr\/wp-json\/wp\/v2\/users\/3"}],"replies":[{"embeddable":true,"href":"https:\/\/chaise-blockchainskills.eu\/fr\/wp-json\/wp\/v2\/comments?post=86459"}],"version-history":[{"count":0,"href":"https:\/\/chaise-blockchainskills.eu\/fr\/wp-json\/wp\/v2\/pages\/86459\/revisions"}],"wp:featuredmedia":[{"embeddable":true,"href":"https:\/\/chaise-blockchainskills.eu\/fr\/wp-json\/wp\/v2\/media\/86463"}],"wp:attachment":[{"href":"https:\/\/chaise-blockchainskills.eu\/fr\/wp-json\/wp\/v2\/media?parent=86459"}],"curies":[{"name":"wp","href":"https:\/\/api.w.org\/{rel}","templated":true}]}}