{"id":88696,"date":"2024-07-10T15:43:32","date_gmt":"2024-07-10T15:43:32","guid":{"rendered":"https:\/\/chaise-blockchainskills.eu\/?page_id=88696"},"modified":"2024-08-05T09:40:33","modified_gmt":"2024-08-05T09:40:33","slug":"for-employers-attract-top-blockchain-talents","status":"publish","type":"page","link":"https:\/\/chaise-blockchainskills.eu\/fr\/for-employers-attract-top-blockchain-talents\/","title":{"rendered":"For Employers &#8211; Attract Top Blockchain Talents"},"content":{"rendered":"<div class=\"wpb-content-wrapper\"><div data-parent=\"true\" class=\"vc_row has-bg need-focus style-color-lxmt-bg row-container boomapps_vcrow\" id=\"row-unique-0\"><div class=\"row-background background-element\">\n\t\t\t\t\t\t\t\t\t\t\t<div class=\"background-wrapper\">\n\t\t\t\t\t\t\t\t\t\t\t\t<div class=\"background-inner\" style=\"background-image: url(https:\/\/chaise-blockchainskills.eu\/wp-content\/uploads\/2024\/07\/1.png);background-repeat: no-repeat;background-position: center top;background-attachment: scroll;background-size: cover;\"><\/div>\n\t\t\t\t\t\t\t\t\t\t\t\t<div class=\"block-bg-overlay style-color-nhtu-bg\" style=\"opacity: 0.5;\"><\/div>\n\t\t\t\t\t\t\t\t\t\t\t<\/div>\n\t\t\t\t\t\t\t\t\t\t<\/div><div class=\"row no-top-padding no-bottom-padding no-h-padding full-width row-parent\" data-height-ratio=\"60\" data-minheight=\"200\"><div class=\"wpb_row row-inner\"><div class=\"wpb_column pos-middle pos-center align_center column_parent col-lg-12 boomapps_vccolumn single-internal-gutter\"><div class=\"uncol style-spec style-dark\"  ><div class=\"uncoltable\"><div class=\"uncell  boomapps_vccolumn no-block-padding\" ><div class=\"uncont\" ><div class=\"vc_custom_heading_wrap\"><div class=\"heading-text el-text\" ><h2 class=\"fontsize-338686\" ><span>Attirer les meilleurs talents de la blockchain<\/span><\/h2><\/div><div class=\"clear\"><\/div><\/div><\/div><\/div><\/div><\/div><\/div><script id=\"script-row-unique-0\" data-row=\"script-row-unique-0\" type=\"text\/javascript\" class=\"vc_controls\">UNCODE.initRow(document.getElementById(\"row-unique-0\"));<\/script><\/div><\/div><\/div><div data-parent=\"true\" class=\"vc_row row-container boomapps_vcrow\" id=\"row-unique-1\"><div class=\"row limit-width row-parent\"><div class=\"wpb_row row-inner\"><div class=\"wpb_column pos-top pos-center align_left column_parent col-lg-12 boomapps_vccolumn single-internal-gutter\"><div class=\"uncol style-light\"  ><div class=\"uncoltable\"><div class=\"uncell  boomapps_vccolumn no-block-padding\" ><div class=\"uncont\" ><div class=\"vc_custom_heading_wrap\"><div class=\"heading-text el-text\" ><h2 class=\"h2\" ><span><\/p><\/span><span><h1 style=\"text-align: center;\">Un guide pour les employeurs afin d'attirer les meilleurs talents de la blockchain<\/h1><\/span><span><p><\/span><\/h2><\/div><div class=\"clear\"><\/div><\/div><div class=\"uncode_text_column text-lead\" ><p><span style=\"color: #000000;\"><strong>Alors que l'industrie de la blockchain continue de cro\u00eetre, la demande de professionnels qualifi\u00e9s reste \u00e9lev\u00e9e. Pour vous aider \u00e0 g\u00e9rer cet environnement concurrentiel, nous avons compil\u00e9 des informations et des recommandations cl\u00e9s bas\u00e9es sur les \u00e9l\u00e9ments communs trouv\u00e9s dans les offres d'emploi r\u00e9ussies collect\u00e9es par les partenaires du projet CHAISE. <\/strong><\/span><\/p>\n<p><span style=\"color: #000000;\"><strong>Ce guide vous aidera \u00e0 r\u00e9diger des offres d'emploi convaincantes et \u00e0 attirer les meilleurs talents dans le secteur de la blockchain.<\/strong><\/span><\/p>\n<\/div><\/div><\/div><\/div><\/div><\/div><script id=\"script-row-unique-1\" data-row=\"script-row-unique-1\" type=\"text\/javascript\" class=\"vc_controls\">UNCODE.initRow(document.getElementById(\"row-unique-1\"));<\/script><\/div><\/div><\/div><div data-parent=\"true\" class=\"vc_row row-container boomapps_vcrow\" id=\"row-unique-2\"><div class=\"row limit-width row-parent\"><div class=\"wpb_row row-inner\"><div class=\"wpb_column pos-top pos-center align_left column_parent col-lg-12 boomapps_vccolumn single-internal-gutter\"><div class=\"uncol style-light\"  ><div class=\"uncoltable\"><div class=\"uncell  boomapps_vccolumn no-block-padding\" ><div class=\"uncont\" ><div class=\"vc_custom_heading_wrap\"><div class=\"heading-text el-text\" ><\/p>\n<h2><span style=\"color: #000080;\">\u00c9l\u00e9ments cl\u00e9s d'une offre d'emploi efficace dans le domaine de la Blockchain<\/span><\/h2>\n<p>\n<\/div><div class=\"clear\"><\/div><\/div><\/div><\/div><\/div><\/div><\/div><script id=\"script-row-unique-2\" data-row=\"script-row-unique-2\" type=\"text\/javascript\" class=\"vc_controls\">UNCODE.initRow(document.getElementById(\"row-unique-2\"));<\/script><\/div><\/div><\/div><div data-parent=\"true\" class=\"vc_row row-container boomapps_vcrow\" id=\"row-unique-3\"><div class=\"row limit-width row-parent\"><div class=\"wpb_row row-inner\"><div class=\"wpb_column pos-top pos-center align_left column_parent col-lg-12 boomapps_vccolumn single-internal-gutter\"><div class=\"uncol style-light\"  ><div class=\"uncoltable\"><div class=\"uncell  boomapps_vccolumn single-block-padding style-color-lxmt-bg has-bg\" ><div class=\"uncont\" ><div class=\"vc_custom_heading_wrap\"><div class=\"heading-text el-text\" ><\/p>\n<h3><span style=\"color: #000080;\">Titres et descriptions de poste clairs<\/span><\/h3>\n<p>\n<\/div><div class=\"clear\"><\/div><\/div><div class=\"uncode_text_column text-lead\" ><\/p>\n<ul>\n<li class=\"translation-block\"><span style=\"color: #000000\"><strong>Pr\u00e9cision dans les titres: <\/strong> utilisez des titres de poste clairs et pr\u00e9cis tels que  \u201c<strong>D\u00e9veloppeur Blockchain <\/strong>,\u201d \u201c<strong>Architecte Blockchain<\/strong>,\u201d ou  \u201c<strong>Chef de projet Blockchain<\/strong>\u201d pour attirer des candidats qualifi\u00e9s.<\/span><\/li>\n<li><span style=\"color: #000000;\"><strong>Descriptions d\u00e9taill\u00e9es :<\/strong> fournissez des descriptions d\u00e9taill\u00e9es des responsabilit\u00e9s du poste, des comp\u00e9tences requises et des technologies utilis\u00e9es. Mentionnez des plateformes blockchain sp\u00e9cifiques (par exemple, Ethereum, Hyperledger) et des langages de programmation pertinents (par exemple, Solidity, Python).<\/span><\/li>\n<\/ul>\n<p>\n<\/div><div class=\"vc_custom_heading_wrap\"><div class=\"heading-text el-text\" ><\/p>\n<h3><span style=\"color: #000080;\">Mettre en \u00e9vidence les comp\u00e9tences et qualifications requises<\/span><\/h3>\n<p>\n<\/div><div class=\"clear\"><\/div><\/div><div class=\"uncode_text_column text-lead\" ><\/p>\n<ul>\n<li><span style=\"color: #000000;\"><strong>Comp\u00e9tences techniques :<\/strong> mettez l'accent sur les comp\u00e9tences techniques essentielles telles que le d\u00e9veloppement de smart contract, la cryptographie et la connaissance des technologies de registre distribu\u00e9.<\/span><\/li>\n<li><span style=\"color: #000000;\"><strong>Exp\u00e9rience :<\/strong> pr\u00e9cisez le niveau d'exp\u00e9rience requis, qu'il s'agisse d'une expertise de niveau d\u00e9butant, interm\u00e9diaire ou confirm\u00e9 dans la technologie blockchain.<\/span><\/li>\n<li><span style=\"color: #000000;\"><strong>Certifications : <\/strong>mentionnez les certifications souhait\u00e9es, telles que <strong>Certified Blockchain Expert (CBE)<\/strong> ou <strong>Certified Blockchain Developer (CBD).<\/strong>.<strong><br \/>\n<\/strong><\/span><\/li>\n<\/ul>\n<p>\n<\/div><div class=\"vc_custom_heading_wrap\"><div class=\"heading-text el-text\" ><\/p>\n<h3><span style=\"color: #000080;\">Vitrine de la culture et des avantages de l'entreprise<\/span><\/h3>\n<p>\n<\/div><div class=\"clear\"><\/div><\/div><div class=\"uncode_text_column text-lead\" ><\/p>\n<ul>\n<li><span style=\"color: #000000;\"><strong>Environnement de travail : <\/strong>mettez en avant votre culture d'entreprise, les possibilit\u00e9s de travail \u00e0 distance et la dynamique d'\u00e9quipe.<\/span><\/li>\n<li><span style=\"color: #000000;\"><strong>Evolution de carri\u00e8re :<\/strong> discutez des possibilit\u00e9s d'avancement professionnel, de d\u00e9veloppement professionnel et de formation continue dans la technologie blockchain.<\/span><\/li>\n<li><span style=\"color: #000000;\"><strong>Avantages : <\/strong>incluez des informations salariales comp\u00e9titives, des avantages sociaux et tous les avantages uniques qui distinguent votre entreprise.<br \/>\n<\/span><\/li>\n<\/ul>\n<p>\n<\/div><div class=\"vc_custom_heading_wrap\"><div class=\"heading-text el-text\" ><\/p>\n<h3><span style=\"color: #000080;\">Mettre l'accent sur l'impact et l'innovation<\/span><\/h3>\n<p>\n<\/div><div class=\"clear\"><\/div><\/div><div class=\"uncode_text_column text-lead\" ><\/p>\n<ul>\n<li><span style=\"color: #000000;\"><strong>Impact du projet: <\/strong>mettez en avant votre culture d'entreprise, les possibilit\u00e9s de travail \u00e0 distance et la dynamique d'\u00e9quipe.<\/span><\/li>\n<li><span style=\"color: #000000;\"><strong>Technologie de pointe :<\/strong> mettez en \u00e9vidence l'utilisation de technologies de pointe et le potentiel des employ\u00e9s \u00e0 travailler sur des projets r\u00e9volutionnaires.<\/span><span style=\"color: #000000;\"><br \/>\n<\/span><\/li>\n<\/ul>\n<p>\n<\/div><div class=\"vc_custom_heading_wrap\"><div class=\"heading-text el-text\" ><\/p>\n<h3><span style=\"color: #000080;\">Langage inclusif et engageant<\/span><\/h3>\n<p>\n<\/div><div class=\"clear\"><\/div><\/div><div class=\"uncode_text_column text-lead\" ><\/p>\n<ul>\n<li><span style=\"color: #000000;\"><strong>Inclusivit\u00e9 <\/strong>utilisez un langage inclusif pour vous assurer que votre offre d'emploi s'adresse \u00e0 un large \u00e9ventail de candidats.<\/span><\/li>\n<li><span style=\"color: #000000;\"><strong>Engagement :<\/strong> cr\u00e9ez un contenu attrayant qui cadre avec les aspirations et les valeurs des candidats potentiels.<\/span><span style=\"color: #000000;\"><br \/>\n<\/span><\/li>\n<\/ul>\n<p>\n<\/div><\/div><\/div><\/div><\/div><\/div><script id=\"script-row-unique-3\" data-row=\"script-row-unique-3\" type=\"text\/javascript\" class=\"vc_controls\">UNCODE.initRow(document.getElementById(\"row-unique-3\"));<\/script><\/div><\/div><\/div><div data-parent=\"true\" class=\"vc_row row-container boomapps_vcrow\" id=\"row-unique-4\"><div class=\"row limit-width row-parent\"><div class=\"wpb_row row-inner\"><div class=\"wpb_column pos-top pos-center align_left column_parent col-lg-12 boomapps_vccolumn single-internal-gutter\"><div class=\"uncol style-light\"  ><div class=\"uncoltable\"><div class=\"uncell  boomapps_vccolumn no-block-padding\" ><div class=\"uncont\" ><div class=\"vc_custom_heading_wrap\"><div class=\"heading-text el-text\" ><\/p>\n<h2><span style=\"color: #000080;\">O\u00f9 publier vos offres d'emploi<\/span><\/h2>\n<p>\n<\/div><div class=\"clear\"><\/div><\/div><div class=\"uncode_text_column text-lead\" ><p><span style=\"color: #000000;\">Pour toucher les candidats les plus qualifi\u00e9s, il est crucial de publier vos offres d'emploi sur des plateformes fr\u00e9quent\u00e9es par les professionnels de la blockchain. Dans notre cartographie des portails d'emploi, vous trouverez un aper\u00e7u des sites d'emploi de 27 pays de l'UE. Il propose \u00e0 la fois des portails sp\u00e9cifiques \u00e0 chaque pays et des plateformes universelles connues pour leur vaste port\u00e9e dans l'industrie de la blockchain.<\/span><\/p>\n<\/div><div class=\"vc_row row-internal row-container boomapps_vcrow\"><div class=\"row row-child\"><div class=\"wpb_row row-inner\"><div class=\"wpb_column pos-top pos-center align_left column_child col-lg-4 boomapps_vccolumn single-internal-gutter\"><div class=\"uncol style-light\" ><div class=\"uncoltable\"><div class=\"uncell  boomapps_vccolumn no-block-padding\" ><div class=\"uncont\" ><\/div><\/div><\/div><\/div><\/div><div class=\"wpb_column pos-top pos-center align_left column_child col-lg-4 boomapps_vccolumn single-internal-gutter\"><div class=\"uncol style-light\" ><div class=\"uncoltable\"><div class=\"uncell  boomapps_vccolumn no-block-padding\" ><div class=\"uncont\" ><span class=\"btn-container\" ><a role=\"button\"  href=\"https:\/\/chaise-blockchainskills.eu\/fr\/for-job-seekers-kickstart-your-blockchain-career\/\" class=\"custom-link btn border-width-0 btn-default btn-icon-left\" target=\"_blank\">Parcourir la carte des portails d\u2019offre d\u2019emploi<\/a><\/span><\/div><\/div><\/div><\/div><\/div><div class=\"wpb_column pos-top pos-center align_left column_child col-lg-4 boomapps_vccolumn single-internal-gutter\"><div class=\"uncol style-light\" ><div class=\"uncoltable\"><div class=\"uncell  boomapps_vccolumn no-block-padding\" ><div class=\"uncont\" ><\/div><\/div><\/div><\/div><\/div><\/div><\/div><\/div><\/div><\/div><\/div><\/div><\/div><script id=\"script-row-unique-4\" data-row=\"script-row-unique-4\" type=\"text\/javascript\" class=\"vc_controls\">UNCODE.initRow(document.getElementById(\"row-unique-4\"));<\/script><\/div><\/div><\/div><div data-parent=\"true\" class=\"vc_row row-container boomapps_vcrow\" id=\"row-unique-5\"><div class=\"row limit-width row-parent\"><div class=\"wpb_row row-inner\"><div class=\"wpb_column pos-top pos-center align_left column_parent col-lg-12 boomapps_vccolumn single-internal-gutter\"><div class=\"uncol style-light\"  ><div class=\"uncoltable\"><div class=\"uncell  boomapps_vccolumn no-block-padding\" ><div class=\"uncont\" ><\/div><\/div><\/div><\/div><\/div><script id=\"script-row-unique-5\" data-row=\"script-row-unique-5\" type=\"text\/javascript\" class=\"vc_controls\">UNCODE.initRow(document.getElementById(\"row-unique-5\"));<\/script><\/div><\/div><\/div>\n<\/div>","protected":false},"excerpt":{"rendered":"Attracting Top Blockchain TalentA guide for employers to attract top Blockchain talentAs the blockchain industry continues to grow, the demand [...]","protected":false},"author":13,"featured_media":88708,"parent":0,"menu_order":0,"comment_status":"closed","ping_status":"closed","template":"","meta":{"footnotes":""},"class_list":["post-88696","page","type-page","status-publish","has-post-thumbnail","hentry"],"yoast_head":"<!-- This site is optimized with the Yoast SEO plugin v27.3 - https:\/\/yoast.com\/product\/yoast-seo-wordpress\/ -->\n<title>For Employers - Attract Top Blockchain Talents - Chaise Blockchainskills<\/title>\n<meta name=\"robots\" content=\"index, follow, max-snippet:-1, max-image-preview:large, max-video-preview:-1\" \/>\n<link rel=\"canonical\" href=\"https:\/\/chaise-blockchainskills.eu\/fr\/for-employers-attract-top-blockchain-talents\/\" \/>\n<meta property=\"og:locale\" content=\"fr_FR\" \/>\n<meta property=\"og:type\" content=\"article\" \/>\n<meta property=\"og:title\" content=\"For Employers - Attract Top Blockchain Talents - Chaise Blockchainskills\" \/>\n<meta property=\"og:url\" content=\"https:\/\/chaise-blockchainskills.eu\/fr\/for-employers-attract-top-blockchain-talents\/\" \/>\n<meta property=\"og:site_name\" content=\"Chaise Blockchainskills\" \/>\n<meta property=\"article:modified_time\" content=\"2024-08-05T09:40:33+00:00\" \/>\n<meta property=\"og:image\" content=\"https:\/\/chaise-blockchainskills.eu\/wp-content\/uploads\/2024\/07\/1.png\" \/>\n\t<meta property=\"og:image:width\" content=\"1500\" \/>\n\t<meta property=\"og:image:height\" content=\"607\" \/>\n\t<meta property=\"og:image:type\" content=\"image\/png\" \/>\n<meta name=\"twitter:card\" content=\"summary_large_image\" \/>\n<meta name=\"twitter:label1\" content=\"Dur\u00e9e de lecture estim\u00e9e\" \/>\n\t<meta name=\"twitter:data1\" content=\"3 minutes\" \/>\n<script type=\"application\/ld+json\" class=\"yoast-schema-graph\">{\"@context\":\"https:\\\/\\\/schema.org\",\"@graph\":[{\"@type\":\"WebPage\",\"@id\":\"https:\\\/\\\/chaise-blockchainskills.eu\\\/for-employers-attract-top-blockchain-talents\\\/\",\"url\":\"https:\\\/\\\/chaise-blockchainskills.eu\\\/for-employers-attract-top-blockchain-talents\\\/\",\"name\":\"For Employers - Attract Top Blockchain Talents - Chaise Blockchainskills\",\"isPartOf\":{\"@id\":\"https:\\\/\\\/chaise-blockchainskills.eu\\\/#website\"},\"primaryImageOfPage\":{\"@id\":\"https:\\\/\\\/chaise-blockchainskills.eu\\\/for-employers-attract-top-blockchain-talents\\\/#primaryimage\"},\"image\":{\"@id\":\"https:\\\/\\\/chaise-blockchainskills.eu\\\/for-employers-attract-top-blockchain-talents\\\/#primaryimage\"},\"thumbnailUrl\":\"https:\\\/\\\/chaise-blockchainskills.eu\\\/wp-content\\\/uploads\\\/2024\\\/07\\\/1.png\",\"datePublished\":\"2024-07-10T15:43:32+00:00\",\"dateModified\":\"2024-08-05T09:40:33+00:00\",\"breadcrumb\":{\"@id\":\"https:\\\/\\\/chaise-blockchainskills.eu\\\/for-employers-attract-top-blockchain-talents\\\/#breadcrumb\"},\"inLanguage\":\"fr-FR\",\"potentialAction\":[{\"@type\":\"ReadAction\",\"target\":[\"https:\\\/\\\/chaise-blockchainskills.eu\\\/for-employers-attract-top-blockchain-talents\\\/\"]}]},{\"@type\":\"ImageObject\",\"inLanguage\":\"fr-FR\",\"@id\":\"https:\\\/\\\/chaise-blockchainskills.eu\\\/for-employers-attract-top-blockchain-talents\\\/#primaryimage\",\"url\":\"https:\\\/\\\/chaise-blockchainskills.eu\\\/wp-content\\\/uploads\\\/2024\\\/07\\\/1.png\",\"contentUrl\":\"https:\\\/\\\/chaise-blockchainskills.eu\\\/wp-content\\\/uploads\\\/2024\\\/07\\\/1.png\",\"width\":1500,\"height\":607},{\"@type\":\"BreadcrumbList\",\"@id\":\"https:\\\/\\\/chaise-blockchainskills.eu\\\/for-employers-attract-top-blockchain-talents\\\/#breadcrumb\",\"itemListElement\":[{\"@type\":\"ListItem\",\"position\":1,\"name\":\"Home\",\"item\":\"https:\\\/\\\/chaise-blockchainskills.eu\\\/\"},{\"@type\":\"ListItem\",\"position\":2,\"name\":\"For Employers &#8211; Attract Top Blockchain Talents\"}]},{\"@type\":\"WebSite\",\"@id\":\"https:\\\/\\\/chaise-blockchainskills.eu\\\/#website\",\"url\":\"https:\\\/\\\/chaise-blockchainskills.eu\\\/\",\"name\":\"Chaise Blockchainskills\",\"description\":\"Blockchain Skills for Europe\",\"potentialAction\":[{\"@type\":\"SearchAction\",\"target\":{\"@type\":\"EntryPoint\",\"urlTemplate\":\"https:\\\/\\\/chaise-blockchainskills.eu\\\/?s={search_term_string}\"},\"query-input\":{\"@type\":\"PropertyValueSpecification\",\"valueRequired\":true,\"valueName\":\"search_term_string\"}}],\"inLanguage\":\"fr-FR\"}]}<\/script>\n<!-- \/ Yoast SEO plugin. -->","yoast_head_json":{"title":"For Employers - Attract Top Blockchain Talents - Chaise Blockchainskills","robots":{"index":"index","follow":"follow","max-snippet":"max-snippet:-1","max-image-preview":"max-image-preview:large","max-video-preview":"max-video-preview:-1"},"canonical":"https:\/\/chaise-blockchainskills.eu\/fr\/for-employers-attract-top-blockchain-talents\/","og_locale":"fr_FR","og_type":"article","og_title":"For Employers - Attract Top Blockchain Talents - Chaise Blockchainskills","og_url":"https:\/\/chaise-blockchainskills.eu\/fr\/for-employers-attract-top-blockchain-talents\/","og_site_name":"Chaise Blockchainskills","article_modified_time":"2024-08-05T09:40:33+00:00","og_image":[{"width":1500,"height":607,"url":"https:\/\/chaise-blockchainskills.eu\/wp-content\/uploads\/2024\/07\/1.png","type":"image\/png"}],"twitter_card":"summary_large_image","twitter_misc":{"Dur\u00e9e de lecture estim\u00e9e":"3 minutes"},"schema":{"@context":"https:\/\/schema.org","@graph":[{"@type":"WebPage","@id":"https:\/\/chaise-blockchainskills.eu\/for-employers-attract-top-blockchain-talents\/","url":"https:\/\/chaise-blockchainskills.eu\/for-employers-attract-top-blockchain-talents\/","name":"For Employers - Attract Top Blockchain Talents - Chaise Blockchainskills","isPartOf":{"@id":"https:\/\/chaise-blockchainskills.eu\/#website"},"primaryImageOfPage":{"@id":"https:\/\/chaise-blockchainskills.eu\/for-employers-attract-top-blockchain-talents\/#primaryimage"},"image":{"@id":"https:\/\/chaise-blockchainskills.eu\/for-employers-attract-top-blockchain-talents\/#primaryimage"},"thumbnailUrl":"https:\/\/chaise-blockchainskills.eu\/wp-content\/uploads\/2024\/07\/1.png","datePublished":"2024-07-10T15:43:32+00:00","dateModified":"2024-08-05T09:40:33+00:00","breadcrumb":{"@id":"https:\/\/chaise-blockchainskills.eu\/for-employers-attract-top-blockchain-talents\/#breadcrumb"},"inLanguage":"fr-FR","potentialAction":[{"@type":"ReadAction","target":["https:\/\/chaise-blockchainskills.eu\/for-employers-attract-top-blockchain-talents\/"]}]},{"@type":"ImageObject","inLanguage":"fr-FR","@id":"https:\/\/chaise-blockchainskills.eu\/for-employers-attract-top-blockchain-talents\/#primaryimage","url":"https:\/\/chaise-blockchainskills.eu\/wp-content\/uploads\/2024\/07\/1.png","contentUrl":"https:\/\/chaise-blockchainskills.eu\/wp-content\/uploads\/2024\/07\/1.png","width":1500,"height":607},{"@type":"BreadcrumbList","@id":"https:\/\/chaise-blockchainskills.eu\/for-employers-attract-top-blockchain-talents\/#breadcrumb","itemListElement":[{"@type":"ListItem","position":1,"name":"Home","item":"https:\/\/chaise-blockchainskills.eu\/"},{"@type":"ListItem","position":2,"name":"For Employers &#8211; Attract Top Blockchain Talents"}]},{"@type":"WebSite","@id":"https:\/\/chaise-blockchainskills.eu\/#website","url":"https:\/\/chaise-blockchainskills.eu\/","name":"Chaise Blockchainskills","description":"Comp\u00e9tences Blockchain pour l&#039;Europe","potentialAction":[{"@type":"SearchAction","target":{"@type":"EntryPoint","urlTemplate":"https:\/\/chaise-blockchainskills.eu\/?s={search_term_string}"},"query-input":{"@type":"PropertyValueSpecification","valueRequired":true,"valueName":"search_term_string"}}],"inLanguage":"fr-FR"}]}},"_links":{"self":[{"href":"https:\/\/chaise-blockchainskills.eu\/fr\/wp-json\/wp\/v2\/pages\/88696","targetHints":{"allow":["GET"]}}],"collection":[{"href":"https:\/\/chaise-blockchainskills.eu\/fr\/wp-json\/wp\/v2\/pages"}],"about":[{"href":"https:\/\/chaise-blockchainskills.eu\/fr\/wp-json\/wp\/v2\/types\/page"}],"author":[{"embeddable":true,"href":"https:\/\/chaise-blockchainskills.eu\/fr\/wp-json\/wp\/v2\/users\/13"}],"replies":[{"embeddable":true,"href":"https:\/\/chaise-blockchainskills.eu\/fr\/wp-json\/wp\/v2\/comments?post=88696"}],"version-history":[{"count":3,"href":"https:\/\/chaise-blockchainskills.eu\/fr\/wp-json\/wp\/v2\/pages\/88696\/revisions"}],"predecessor-version":[{"id":88764,"href":"https:\/\/chaise-blockchainskills.eu\/fr\/wp-json\/wp\/v2\/pages\/88696\/revisions\/88764"}],"wp:featuredmedia":[{"embeddable":true,"href":"https:\/\/chaise-blockchainskills.eu\/fr\/wp-json\/wp\/v2\/media\/88708"}],"wp:attachment":[{"href":"https:\/\/chaise-blockchainskills.eu\/fr\/wp-json\/wp\/v2\/media?parent=88696"}],"curies":[{"name":"wp","href":"https:\/\/api.w.org\/{rel}","templated":true}]}}