{"id":84967,"date":"2021-03-15T14:37:12","date_gmt":"2021-03-15T14:37:12","guid":{"rendered":"https:\/\/chaise-blockchainskills.eu\/?page_id=84967"},"modified":"2021-03-31T08:49:31","modified_gmt":"2021-03-31T08:49:31","slug":"expert-advisory-board","status":"publish","type":"page","link":"https:\/\/chaise-blockchainskills.eu\/ro\/expert-advisory-board\/","title":{"rendered":"Comitetul consultativ al exper\u021bilor"},"content":{"rendered":"<div class=\"wpb-content-wrapper\"><div data-parent=\"true\" class=\"vc_row row-container boomapps_vcrow\" id=\"row-unique-0\"><div class=\"row-background background-element\">\n\t\t\t\t\t\t\t\t\t\t\t<div class=\"background-wrapper\">\n\t\t\t\t\t\t\t\t\t\t\t\t<div class=\"background-inner\" style=\"background-image: url(https:\/\/chaise-blockchainskills.eu\/wp-content\/uploads\/2021\/03\/expert-gears.jpg);background-repeat: no-repeat;background-position: center center;background-attachment: scroll;background-size: cover;\"><\/div>\n\t\t\t\t\t\t\t\t\t\t\t\t<div class=\"block-bg-overlay style-color-uydo-bg\" style=\"opacity: 0.05;\"><\/div>\n\t\t\t\t\t\t\t\t\t\t\t<\/div>\n\t\t\t\t\t\t\t\t\t\t<\/div><div class=\"row no-top-padding no-bottom-padding no-h-padding full-width row-parent\" data-height-ratio=\"60\" data-minheight=\"200\"><div class=\"wpb_row row-inner\"><div class=\"wpb_column pos-middle pos-center align_center column_parent col-lg-12 boomapps_vccolumn single-internal-gutter\"><div class=\"uncol style-spec style-dark\"  ><div class=\"uncoltable\"><div class=\"uncell  boomapps_vccolumn no-block-padding\" ><div class=\"uncont\" ><div class=\"vc_custom_heading_wrap\"><div class=\"heading-text el-text\" ><h2 class=\"fontsize-338686\" ><span>Comitetul consultativ al exper\u021bilor<\/span><\/h2><\/div><div class=\"clear\"><\/div><\/div><\/div><\/div><\/div><\/div><\/div><script id=\"script-row-unique-0\" data-row=\"script-row-unique-0\" type=\"text\/javascript\" class=\"vc_controls\">UNCODE.initRow(document.getElementById(\"row-unique-0\"));<\/script><\/div><\/div><\/div><div data-parent=\"true\" class=\"vc_row row-container boomapps_vcrow\" id=\"row-unique-1\"><div class=\"row limit-width row-parent\"><div class=\"wpb_row row-inner\"><div class=\"wpb_column pos-top pos-center align_left column_parent col-lg-12 boomapps_vccolumn single-internal-gutter\"><div class=\"uncol style-light\"  ><div class=\"uncoltable\"><div class=\"uncell  boomapps_vccolumn\" ><div class=\"uncont no-block-padding col-custom-width\" style=\" max-width:71%;\" ><div class=\"uncode_text_column\" ><\/p>\n<h3><strong>Rol<\/strong><\/h3>\n<p>Comitetul consultativ al exper\u021bilor CHAISE este un grup de exper\u021bi \u00een domeniul Blockchain, nominalizat de organiza\u021biile partenere \u00een cadrul CHAISE, pentru a oferi sprijin tehnic \u0219i \u0219tiin\u021bific Alian\u021bei pe baza cuno\u0219tin\u021belor exper\u021bilor \u0219i a capacit\u0103\u021bii institu\u021bionale, cu misiunea principal\u0103 de a superviza \u0219i de a evalua progresul \u0219i rezultatele Strategiei Europene pentru competen\u021bele blockchain.<\/p>\n<p>Comitetul consultativ de exper\u021bi are misiunea de a:<\/p>\n<ul>\n<li>Ajuta la delimitarea sectorului blockchain \u0219i la stabilirea direc\u021biillor pentru activit\u0103\u021bile de colectare a informa\u021biilor despre competen\u021be<\/li>\n<li>Discuta tendin\u021bele sectoriale \u0219i evolu\u021biile macro-mediului<\/li>\n<li>Valida dovezile din activit\u0103\u021bile de colectare a informa\u021biilor despre competen\u021be (inclusiv rezultatele prognoz\u0103rii)<\/li>\n<li>Oferi sfaturi cu privire la personalizarea mecanismului de prognozare CHAISE<\/li>\n<li>Monitoriza \u0219i discuta progresul Strategiei Europene pentru competen\u021bele blockchain<\/li>\n<li>Actualiza\/ revizui Strategia European\u0103 pentru competen\u021bele blockchain pe baza nevoilor \u00een evolu\u021bie \u0219i a priorit\u0103\u021bilor de dezvoltare sectorial\u0103<\/li>\n<\/ul>\n<p>Comitetul consultativ al exper\u021bilor CHAISE este format din 17 exper\u021bi \u0219i reprezentan\u021bi din industrie, educa\u021bie, elaborarea politicilor, societatea civil\u0103 \u0219i comunit\u0103\u021bi \u0219tiin\u021bifice din 15 \u021b\u0103ri europene.<\/p>\n<h4><strong>Componen\u021ba Comitetului<\/strong><\/h4>\n<table width=\"224\">\n<thead>\n<tr>\n<td width=\"112\">Organizare<\/td>\n<td width=\"112\">\u021aar\u0103<\/td>\n<\/tr>\n<\/thead>\n<tbody>\n<tr>\n<td width=\"112\">Blockchain \u0219i Cloud Computing Dept., Universitatea Lyon 1<\/td>\n<td width=\"112\">Fran\u021ba<\/td>\n<\/tr>\n<tr>\n<td width=\"112\">INATBA<\/td>\n<td width=\"112\">Regatul Unit<\/td>\n<\/tr>\n<tr>\n<td width=\"112\">EU Blockchain Observatory and Forum<\/td>\n<td width=\"112\">Grecia<\/td>\n<\/tr>\n<tr>\n<td width=\"112\">Baden Wurttemberg-State University<\/td>\n<td width=\"112\">Germania<\/td>\n<\/tr>\n<tr>\n<td width=\"112\">Italia4Blockchain<\/td>\n<td width=\"112\">Italia<\/td>\n<\/tr>\n<tr>\n<td width=\"112\">European Certification and Qualification Association<\/td>\n<td width=\"112\">Austria<\/td>\n<\/tr>\n<tr>\n<td width=\"112\">Universitatea din Tartu<\/td>\n<td width=\"112\">Estonia<\/td>\n<\/tr>\n<tr>\n<td width=\"112\">BERCHAIN<\/td>\n<td width=\"112\">Germania<\/td>\n<\/tr>\n<tr>\n<td width=\"112\">Institutul pentru Cercetare Economic\u0103 \u0219i Social\u0103<\/td>\n<td width=\"112\">Irlanda<\/td>\n<\/tr>\n<tr>\n<td width=\"112\">Autoritatea Na\u021bional\u0103 a Calific\u0103rilor din Rom\u00e2nia<\/td>\n<td width=\"112\">Rom\u00e2nia<\/td>\n<\/tr>\n<tr>\n<td width=\"112\">Universitatea din Ljubljana<\/td>\n<td width=\"112\">Slovenia<\/td>\n<\/tr>\n<tr>\n<td width=\"112\">\u0218coala public\u0103 de EFP \u201eIEK Aigaleo\u201d<\/td>\n<td width=\"112\">Grecia<\/td>\n<\/tr>\n<tr>\n<td width=\"112\">Fujitsu, Belgia<\/td>\n<td width=\"112\">Belgium<\/td>\n<\/tr>\n<tr>\n<td width=\"112\">INDUSTRIA Technology<\/td>\n<td width=\"112\">Bulgaria<\/td>\n<\/tr>\n<tr>\n<td width=\"112\">Universitatea Politehnica din Catalonia<\/td>\n<td width=\"112\">Spania<\/td>\n<\/tr>\n<tr>\n<td width=\"112\">Clusterul TIC portughez<\/td>\n<td width=\"112\">Portugalia<\/td>\n<\/tr>\n<tr>\n<td width=\"112\">Universitatea de Tehnologie \u0219i Economie din Budapesta<\/td>\n<td width=\"112\">Ungaria<\/td>\n<\/tr>\n<\/tbody>\n<\/table>\n<p>\n<\/div><\/div><\/div><\/div><\/div><\/div><script id=\"script-row-unique-1\" data-row=\"script-row-unique-1\" type=\"text\/javascript\" class=\"vc_controls\">UNCODE.initRow(document.getElementById(\"row-unique-1\"));<\/script><\/div><\/div><\/div>\n<\/div>","protected":false},"excerpt":{"rendered":"Expert Advisory BoardRole The CHAISE Expert Advisory Board is a group of experts in the Blockchain field, nominated by CHAISE [...]","protected":false},"author":3,"featured_media":84971,"parent":0,"menu_order":0,"comment_status":"closed","ping_status":"closed","template":"","meta":{"footnotes":""},"class_list":["post-84967","page","type-page","status-publish","has-post-thumbnail","hentry"],"yoast_head":"<!-- This site is optimized with the Yoast SEO plugin v27.4 - https:\/\/yoast.com\/product\/yoast-seo-wordpress\/ -->\n<title>Expert Advisory Board - Chaise Blockchainskills<\/title>\n<meta name=\"robots\" content=\"index, follow, max-snippet:-1, max-image-preview:large, max-video-preview:-1\" \/>\n<link rel=\"canonical\" href=\"https:\/\/chaise-blockchainskills.eu\/ro\/expert-advisory-board\/\" \/>\n<meta property=\"og:locale\" content=\"ro_RO\" \/>\n<meta property=\"og:type\" content=\"article\" \/>\n<meta property=\"og:title\" content=\"Expert Advisory Board - Chaise Blockchainskills\" \/>\n<meta property=\"og:url\" content=\"https:\/\/chaise-blockchainskills.eu\/ro\/expert-advisory-board\/\" \/>\n<meta property=\"og:site_name\" content=\"Chaise Blockchainskills\" \/>\n<meta property=\"article:modified_time\" content=\"2021-03-31T08:49:31+00:00\" \/>\n<meta property=\"og:image\" content=\"https:\/\/chaise-blockchainskills.eu\/wp-content\/uploads\/2021\/03\/expert-gears.jpg\" \/>\n\t<meta property=\"og:image:width\" content=\"1920\" \/>\n\t<meta property=\"og:image:height\" content=\"1080\" \/>\n\t<meta property=\"og:image:type\" content=\"image\/jpeg\" \/>\n<meta name=\"twitter:card\" content=\"summary_large_image\" \/>\n<meta name=\"twitter:label1\" content=\"Timp estimat pentru citire\" \/>\n\t<meta name=\"twitter:data1\" content=\"2 minute\" \/>\n<script type=\"application\/ld+json\" class=\"yoast-schema-graph\">{\"@context\":\"https:\\\/\\\/schema.org\",\"@graph\":[{\"@type\":\"WebPage\",\"@id\":\"https:\\\/\\\/chaise-blockchainskills.eu\\\/expert-advisory-board\\\/\",\"url\":\"https:\\\/\\\/chaise-blockchainskills.eu\\\/expert-advisory-board\\\/\",\"name\":\"Expert Advisory Board - Chaise Blockchainskills\",\"isPartOf\":{\"@id\":\"https:\\\/\\\/chaise-blockchainskills.eu\\\/#website\"},\"primaryImageOfPage\":{\"@id\":\"https:\\\/\\\/chaise-blockchainskills.eu\\\/expert-advisory-board\\\/#primaryimage\"},\"image\":{\"@id\":\"https:\\\/\\\/chaise-blockchainskills.eu\\\/expert-advisory-board\\\/#primaryimage\"},\"thumbnailUrl\":\"https:\\\/\\\/chaise-blockchainskills.eu\\\/wp-content\\\/uploads\\\/2021\\\/03\\\/expert-gears.jpg\",\"datePublished\":\"2021-03-15T14:37:12+00:00\",\"dateModified\":\"2021-03-31T08:49:31+00:00\",\"breadcrumb\":{\"@id\":\"https:\\\/\\\/chaise-blockchainskills.eu\\\/expert-advisory-board\\\/#breadcrumb\"},\"inLanguage\":\"ro-RO\",\"potentialAction\":[{\"@type\":\"ReadAction\",\"target\":[\"https:\\\/\\\/chaise-blockchainskills.eu\\\/expert-advisory-board\\\/\"]}]},{\"@type\":\"ImageObject\",\"inLanguage\":\"ro-RO\",\"@id\":\"https:\\\/\\\/chaise-blockchainskills.eu\\\/expert-advisory-board\\\/#primaryimage\",\"url\":\"https:\\\/\\\/chaise-blockchainskills.eu\\\/wp-content\\\/uploads\\\/2021\\\/03\\\/expert-gears.jpg\",\"contentUrl\":\"https:\\\/\\\/chaise-blockchainskills.eu\\\/wp-content\\\/uploads\\\/2021\\\/03\\\/expert-gears.jpg\",\"width\":1920,\"height\":1080},{\"@type\":\"BreadcrumbList\",\"@id\":\"https:\\\/\\\/chaise-blockchainskills.eu\\\/expert-advisory-board\\\/#breadcrumb\",\"itemListElement\":[{\"@type\":\"ListItem\",\"position\":1,\"name\":\"Home\",\"item\":\"https:\\\/\\\/chaise-blockchainskills.eu\\\/\"},{\"@type\":\"ListItem\",\"position\":2,\"name\":\"Expert Advisory Board\"}]},{\"@type\":\"WebSite\",\"@id\":\"https:\\\/\\\/chaise-blockchainskills.eu\\\/#website\",\"url\":\"https:\\\/\\\/chaise-blockchainskills.eu\\\/\",\"name\":\"Chaise Blockchainskills\",\"description\":\"Blockchain Skills for Europe\",\"potentialAction\":[{\"@type\":\"SearchAction\",\"target\":{\"@type\":\"EntryPoint\",\"urlTemplate\":\"https:\\\/\\\/chaise-blockchainskills.eu\\\/?s={search_term_string}\"},\"query-input\":{\"@type\":\"PropertyValueSpecification\",\"valueRequired\":true,\"valueName\":\"search_term_string\"}}],\"inLanguage\":\"ro-RO\"}]}<\/script>\n<!-- \/ Yoast SEO plugin. -->","yoast_head_json":{"title":"Expert Advisory Board - Chaise Blockchainskills","robots":{"index":"index","follow":"follow","max-snippet":"max-snippet:-1","max-image-preview":"max-image-preview:large","max-video-preview":"max-video-preview:-1"},"canonical":"https:\/\/chaise-blockchainskills.eu\/ro\/expert-advisory-board\/","og_locale":"ro_RO","og_type":"article","og_title":"Expert Advisory Board - Chaise Blockchainskills","og_url":"https:\/\/chaise-blockchainskills.eu\/ro\/expert-advisory-board\/","og_site_name":"Chaise Blockchainskills","article_modified_time":"2021-03-31T08:49:31+00:00","og_image":[{"width":1920,"height":1080,"url":"https:\/\/chaise-blockchainskills.eu\/wp-content\/uploads\/2021\/03\/expert-gears.jpg","type":"image\/jpeg"}],"twitter_card":"summary_large_image","twitter_misc":{"Timp estimat pentru citire":"2 minute"},"schema":{"@context":"https:\/\/schema.org","@graph":[{"@type":"WebPage","@id":"https:\/\/chaise-blockchainskills.eu\/expert-advisory-board\/","url":"https:\/\/chaise-blockchainskills.eu\/expert-advisory-board\/","name":"Expert Advisory Board - Chaise Blockchainskills","isPartOf":{"@id":"https:\/\/chaise-blockchainskills.eu\/#website"},"primaryImageOfPage":{"@id":"https:\/\/chaise-blockchainskills.eu\/expert-advisory-board\/#primaryimage"},"image":{"@id":"https:\/\/chaise-blockchainskills.eu\/expert-advisory-board\/#primaryimage"},"thumbnailUrl":"https:\/\/chaise-blockchainskills.eu\/wp-content\/uploads\/2021\/03\/expert-gears.jpg","datePublished":"2021-03-15T14:37:12+00:00","dateModified":"2021-03-31T08:49:31+00:00","breadcrumb":{"@id":"https:\/\/chaise-blockchainskills.eu\/expert-advisory-board\/#breadcrumb"},"inLanguage":"ro-RO","potentialAction":[{"@type":"ReadAction","target":["https:\/\/chaise-blockchainskills.eu\/expert-advisory-board\/"]}]},{"@type":"ImageObject","inLanguage":"ro-RO","@id":"https:\/\/chaise-blockchainskills.eu\/expert-advisory-board\/#primaryimage","url":"https:\/\/chaise-blockchainskills.eu\/wp-content\/uploads\/2021\/03\/expert-gears.jpg","contentUrl":"https:\/\/chaise-blockchainskills.eu\/wp-content\/uploads\/2021\/03\/expert-gears.jpg","width":1920,"height":1080},{"@type":"BreadcrumbList","@id":"https:\/\/chaise-blockchainskills.eu\/expert-advisory-board\/#breadcrumb","itemListElement":[{"@type":"ListItem","position":1,"name":"Home","item":"https:\/\/chaise-blockchainskills.eu\/"},{"@type":"ListItem","position":2,"name":"Expert Advisory Board"}]},{"@type":"WebSite","@id":"https:\/\/chaise-blockchainskills.eu\/#website","url":"https:\/\/chaise-blockchainskills.eu\/","name":"Chaise Blockchainskills","description":"Abilit\u0103\u021bi Blockchain pentru Europa","potentialAction":[{"@type":"SearchAction","target":{"@type":"EntryPoint","urlTemplate":"https:\/\/chaise-blockchainskills.eu\/?s={search_term_string}"},"query-input":{"@type":"PropertyValueSpecification","valueRequired":true,"valueName":"search_term_string"}}],"inLanguage":"ro-RO"}]}},"_links":{"self":[{"href":"https:\/\/chaise-blockchainskills.eu\/ro\/wp-json\/wp\/v2\/pages\/84967","targetHints":{"allow":["GET"]}}],"collection":[{"href":"https:\/\/chaise-blockchainskills.eu\/ro\/wp-json\/wp\/v2\/pages"}],"about":[{"href":"https:\/\/chaise-blockchainskills.eu\/ro\/wp-json\/wp\/v2\/types\/page"}],"author":[{"embeddable":true,"href":"https:\/\/chaise-blockchainskills.eu\/ro\/wp-json\/wp\/v2\/users\/3"}],"replies":[{"embeddable":true,"href":"https:\/\/chaise-blockchainskills.eu\/ro\/wp-json\/wp\/v2\/comments?post=84967"}],"version-history":[{"count":0,"href":"https:\/\/chaise-blockchainskills.eu\/ro\/wp-json\/wp\/v2\/pages\/84967\/revisions"}],"wp:featuredmedia":[{"embeddable":true,"href":"https:\/\/chaise-blockchainskills.eu\/ro\/wp-json\/wp\/v2\/media\/84971"}],"wp:attachment":[{"href":"https:\/\/chaise-blockchainskills.eu\/ro\/wp-json\/wp\/v2\/media?parent=84967"}],"curies":[{"name":"wp","href":"https:\/\/api.w.org\/{rel}","templated":true}]}}