{"id":88696,"date":"2024-07-10T15:43:32","date_gmt":"2024-07-10T15:43:32","guid":{"rendered":"https:\/\/chaise-blockchainskills.eu\/?page_id=88696"},"modified":"2024-08-05T09:40:33","modified_gmt":"2024-08-05T09:40:33","slug":"for-employers-attract-top-blockchain-talents","status":"publish","type":"page","link":"https:\/\/chaise-blockchainskills.eu\/ro\/for-employers-attract-top-blockchain-talents\/","title":{"rendered":"For Employers &#8211; Attract Top Blockchain Talents"},"content":{"rendered":"<div class=\"wpb-content-wrapper\"><div data-parent=\"true\" class=\"vc_row has-bg need-focus style-color-lxmt-bg row-container boomapps_vcrow\" id=\"row-unique-0\"><div class=\"row-background background-element\">\n\t\t\t\t\t\t\t\t\t\t\t<div class=\"background-wrapper\">\n\t\t\t\t\t\t\t\t\t\t\t\t<div class=\"background-inner\" style=\"background-image: url(https:\/\/chaise-blockchainskills.eu\/wp-content\/uploads\/2024\/07\/1.png);background-repeat: no-repeat;background-position: center top;background-attachment: scroll;background-size: cover;\"><\/div>\n\t\t\t\t\t\t\t\t\t\t\t\t<div class=\"block-bg-overlay style-color-nhtu-bg\" style=\"opacity: 0.5;\"><\/div>\n\t\t\t\t\t\t\t\t\t\t\t<\/div>\n\t\t\t\t\t\t\t\t\t\t<\/div><div class=\"row no-top-padding no-bottom-padding no-h-padding full-width row-parent\" data-height-ratio=\"60\" data-minheight=\"200\"><div class=\"wpb_row row-inner\"><div class=\"wpb_column pos-middle pos-center align_center column_parent col-lg-12 boomapps_vccolumn single-internal-gutter\"><div class=\"uncol style-spec style-dark\"  ><div class=\"uncoltable\"><div class=\"uncell  boomapps_vccolumn no-block-padding\" ><div class=\"uncont\" ><div class=\"vc_custom_heading_wrap\"><div class=\"heading-text el-text\" ><h2 class=\"fontsize-338686\" ><span>Atragerea de talent \u00een domeniul Blockchain<\/span><\/h2><\/div><div class=\"clear\"><\/div><\/div><\/div><\/div><\/div><\/div><\/div><script id=\"script-row-unique-0\" data-row=\"script-row-unique-0\" type=\"text\/javascript\" class=\"vc_controls\">UNCODE.initRow(document.getElementById(\"row-unique-0\"));<\/script><\/div><\/div><\/div><div data-parent=\"true\" class=\"vc_row row-container boomapps_vcrow\" id=\"row-unique-1\"><div class=\"row limit-width row-parent\"><div class=\"wpb_row row-inner\"><div class=\"wpb_column pos-top pos-center align_left column_parent col-lg-12 boomapps_vccolumn single-internal-gutter\"><div class=\"uncol style-light\"  ><div class=\"uncoltable\"><div class=\"uncell  boomapps_vccolumn no-block-padding\" ><div class=\"uncont\" ><div class=\"vc_custom_heading_wrap\"><div class=\"heading-text el-text\" ><h2 class=\"h2\" ><span><\/p><\/span><span><h1 style=\"text-align: center;\">Un ghid pentru angajatori pentru a atrage talentele de top Blockchain<\/h1><\/span><span><p><\/span><\/h2><\/div><div class=\"clear\"><\/div><\/div><div class=\"uncode_text_column text-lead\" ><p><span style=\"color: #000000;\"><strong>Pe m\u0103sur\u0103 ce industria blockchain continu\u0103 s\u0103 creasc\u0103, cererea de profesioni\u0219ti califica\u021bi r\u0103m\u00e2ne ridicat\u0103. Pentru a v\u0103 ajuta s\u0103 naviga\u021bi \u00een acest peisaj competitiv, am compilat informa\u021bii cheie \u0219i recomand\u0103ri bazate pe elementele comune g\u0103site \u00een anun\u021burile de angajare de succes colectate de partenerii proiectului CHAISE. <\/strong><\/span><\/p>\n<p><span style=\"color: #000000;\"><strong>Acest ghid v\u0103 va ajuta s\u0103 crea\u021bi post\u0103ri de locuri de munc\u0103 conving\u0103toare \u0219i s\u0103 atrage\u021bi cei mai talenta\u021bi profesioni\u0219ti din sectorul blockchain.<\/strong><\/span><\/p>\n<\/div><\/div><\/div><\/div><\/div><\/div><script id=\"script-row-unique-1\" data-row=\"script-row-unique-1\" type=\"text\/javascript\" class=\"vc_controls\">UNCODE.initRow(document.getElementById(\"row-unique-1\"));<\/script><\/div><\/div><\/div><div data-parent=\"true\" class=\"vc_row row-container boomapps_vcrow\" id=\"row-unique-2\"><div class=\"row limit-width row-parent\"><div class=\"wpb_row row-inner\"><div class=\"wpb_column pos-top pos-center align_left column_parent col-lg-12 boomapps_vccolumn single-internal-gutter\"><div class=\"uncol style-light\"  ><div class=\"uncoltable\"><div class=\"uncell  boomapps_vccolumn no-block-padding\" ><div class=\"uncont\" ><div class=\"vc_custom_heading_wrap\"><div class=\"heading-text el-text\" ><\/p>\n<h2><span style=\"color: #000080;\">Elemente cheie ale anun\u021burilor de locuri de munc\u0103 blockchain eficiente<\/span><\/h2>\n<p>\n<\/div><div class=\"clear\"><\/div><\/div><\/div><\/div><\/div><\/div><\/div><script id=\"script-row-unique-2\" data-row=\"script-row-unique-2\" type=\"text\/javascript\" class=\"vc_controls\">UNCODE.initRow(document.getElementById(\"row-unique-2\"));<\/script><\/div><\/div><\/div><div data-parent=\"true\" class=\"vc_row row-container boomapps_vcrow\" id=\"row-unique-3\"><div class=\"row limit-width row-parent\"><div class=\"wpb_row row-inner\"><div class=\"wpb_column pos-top pos-center align_left column_parent col-lg-12 boomapps_vccolumn single-internal-gutter\"><div class=\"uncol style-light\"  ><div class=\"uncoltable\"><div class=\"uncell  boomapps_vccolumn single-block-padding style-color-lxmt-bg has-bg\" ><div class=\"uncont\" ><div class=\"vc_custom_heading_wrap\"><div class=\"heading-text el-text\" ><\/p>\n<h3><span style=\"color: #000080;\">\u0218terge\u021bi titlurile \u0219i descrierile postului<\/span><\/h3>\n<p>\n<\/div><div class=\"clear\"><\/div><\/div><div class=\"uncode_text_column text-lead\" ><\/p>\n<ul>\n<li class=\"translation-block\"><span style=\"color: #000000\"><strong>Precizie \u00een titluri:<\/strong> uutiliza\u021bi titluri de post clare \u0219i specifice, cum ar fi \u201c<strong>Dezvoltator Blockchain<\/strong>,\u201d \u201c<strong>Arhitect Blockchain<\/strong>,\u201d sau \u201c<strong>Manager de proiect Blockchain<\/strong>\u201d pentru a atrage candida\u021bi califica\u021bi.\n<\/span><\/li>\n<li><span style=\"color: #000000;\"><strong>Descrieri detaliate:<\/strong> furniza\u021bi descrieri detaliate ale responsabilit\u0103\u021bilor postului, abilit\u0103\u021bilor necesare \u0219i tehnologiilor utilizate. Men\u021biona\u021bi platforme blockchain specifice (de exemplu, Ethereum, Hyperledger) \u0219i limbaje de programare relevante (de exemplu, Solidity, Python).<\/span><\/li>\n<\/ul>\n<p>\n<\/div><div class=\"vc_custom_heading_wrap\"><div class=\"heading-text el-text\" ><\/p>\n<h3><span style=\"color: #000080;\">Eviden\u021bia\u021bi abilit\u0103\u021bile \u0219i calific\u0103rile necesare<\/span><\/h3>\n<p>\n<\/div><div class=\"clear\"><\/div><\/div><div class=\"uncode_text_column text-lead\" ><\/p>\n<ul>\n<li><span style=\"color: #000000;\"><strong>Abilit\u0103\u021bi tehnice:<\/strong> sublinia\u021bi abilit\u0103\u021bile tehnice esen\u021biale, cum ar fi dezvoltarea unui contract inteligent, criptografia \u0219i cuno\u0219tin\u021bele despre tehnologiile contabile distribuite.<\/span><\/li>\n<li><span style=\"color: #000000;\"><strong>Experien\u021b\u0103:<\/strong> specifica\u021bi nivelul de experien\u021b\u0103 necesar, fie c\u0103 este vorba de expertiz\u0103 de nivel de intrare, de nivel mediu sau de nivel superior \u00een tehnologia blockchain.<\/span><\/li>\n<li><span style=\"color: #000000;\"><strong>Certific\u0103ri: <\/strong>men\u021biona\u021bi certific\u0103rile preferate, cum ar fi <strong>Certified Blockchain Expert (CBE)<\/strong> sau <strong>Certified Blockchain Developer (CBD).<\/strong>.<strong><br \/>\n<\/strong><\/span><\/li>\n<\/ul>\n<p>\n<\/div><div class=\"vc_custom_heading_wrap\"><div class=\"heading-text el-text\" ><\/p>\n<h3><span style=\"color: #000080;\">Prezenta\u021bi cultura \u0219i beneficiile companiei<\/span><\/h3>\n<p>\n<\/div><div class=\"clear\"><\/div><\/div><div class=\"uncode_text_column text-lead\" ><\/p>\n<ul>\n<li><span style=\"color: #000000;\"><strong>Mediul de lucru: <\/strong>eviden\u021bia\u021bi cultura companiei dvs., op\u021biunile de lucru la distan\u021b\u0103 \u0219i dinamica echipei.<\/span><\/li>\n<li><span style=\"color: #000000;\"><strong>Cre\u0219terea carierei:<\/strong> discuta\u021bi despre oportunit\u0103\u021bile de avansare \u00een carier\u0103, dezvoltare profesional\u0103 \u0219i educa\u021bie continu\u0103 \u00een tehnologia blockchain.<\/span><\/li>\n<li><span style=\"color: #000000;\"><strong>Beneficii: <\/strong>include\u021bi detaliile salariale competitive, pachete de beneficii \u0219i orice avantaje unice care v\u0103 deosebesc compania.<br \/>\n<\/span><\/li>\n<\/ul>\n<p>\n<\/div><div class=\"vc_custom_heading_wrap\"><div class=\"heading-text el-text\" ><\/p>\n<h3><span style=\"color: #000080;\">Sublinia\u021bi impactul \u0219i inova\u021bia<\/span><\/h3>\n<p>\n<\/div><div class=\"clear\"><\/div><\/div><div class=\"uncode_text_column text-lead\" ><\/p>\n<ul>\n<li><span style=\"color: #000000;\"><strong>Impactul proiectului: <\/strong>eviden\u021bia\u021bi cultura companiei dvs., op\u021biunile de lucru la distan\u021b\u0103 \u0219i dinamica echipei.<\/span><\/li>\n<li><span style=\"color: #000000;\"><strong>Tehnologie de ultim\u0103 or\u0103:<\/strong> eviden\u021bia\u021bi utilizarea tehnologiei de ultim\u0103 or\u0103 \u0219i poten\u021bialul angaja\u021bilor de a lucra la proiecte inovatoare.<\/span><span style=\"color: #000000;\"><br \/>\n<\/span><\/li>\n<\/ul>\n<p>\n<\/div><div class=\"vc_custom_heading_wrap\"><div class=\"heading-text el-text\" ><\/p>\n<h3><span style=\"color: #000080;\">Limbaj incluziv \u0219i antrenant<\/span><\/h3>\n<p>\n<\/div><div class=\"clear\"><\/div><\/div><div class=\"uncode_text_column text-lead\" ><\/p>\n<ul>\n<li><span style=\"color: #000000;\"><strong>Inclusivitate: <\/strong>utiliza\u021bi un limbaj incluziv pentru a v\u0103 asigura c\u0103 anun\u021bul dvs. de angajare atrage o gam\u0103 variat\u0103 de candida\u021bi.<\/span><\/li>\n<li><span style=\"color: #000000;\"><strong>Implicare:<\/strong> crea\u021bi con\u021binut captivant care rezoneaz\u0103 cu aspira\u021biile \u0219i valorile poten\u021bialilor candida\u021bi.<\/span><span style=\"color: #000000;\"><br \/>\n<\/span><\/li>\n<\/ul>\n<p>\n<\/div><\/div><\/div><\/div><\/div><\/div><script id=\"script-row-unique-3\" data-row=\"script-row-unique-3\" type=\"text\/javascript\" class=\"vc_controls\">UNCODE.initRow(document.getElementById(\"row-unique-3\"));<\/script><\/div><\/div><\/div><div data-parent=\"true\" class=\"vc_row row-container boomapps_vcrow\" id=\"row-unique-4\"><div class=\"row limit-width row-parent\"><div class=\"wpb_row row-inner\"><div class=\"wpb_column pos-top pos-center align_left column_parent col-lg-12 boomapps_vccolumn single-internal-gutter\"><div class=\"uncol style-light\"  ><div class=\"uncoltable\"><div class=\"uncell  boomapps_vccolumn no-block-padding\" ><div class=\"uncont\" ><div class=\"vc_custom_heading_wrap\"><div class=\"heading-text el-text\" ><\/p>\n<h2><span style=\"color: #000080;\">Unde s\u0103 posta\u021bi anun\u021burile dvs. de locuri de munc\u0103<\/span><\/h2>\n<p>\n<\/div><div class=\"clear\"><\/div><\/div><div class=\"uncode_text_column text-lead\" ><p><span style=\"color: #000000;\">Pentru a ajunge la cei mai califica\u021bi candida\u021bi, este esen\u021bial s\u0103 v\u0103 posta\u021bi anun\u021burile de angajare pe platforme frecventate de profesioni\u0219ti din blockchain. \u00cen maparea portalului nostru de locuri de munc\u0103 ve\u021bi g\u0103si o prezentare general\u0103 a panourilor de locuri de munc\u0103 din 27 de \u021b\u0103ri UE. Dispune at\u00e2t de portaluri specifice \u021b\u0103rii, c\u00e2t \u0219i de platforme universale cunoscute pentru extinderea lor \u00een industria blockchain.<\/span><\/p>\n<\/div><div class=\"vc_row row-internal row-container boomapps_vcrow\"><div class=\"row row-child\"><div class=\"wpb_row row-inner\"><div class=\"wpb_column pos-top pos-center align_left column_child col-lg-4 boomapps_vccolumn single-internal-gutter\"><div class=\"uncol style-light\" ><div class=\"uncoltable\"><div class=\"uncell  boomapps_vccolumn no-block-padding\" ><div class=\"uncont\" ><\/div><\/div><\/div><\/div><\/div><div class=\"wpb_column pos-top pos-center align_left column_child col-lg-4 boomapps_vccolumn single-internal-gutter\"><div class=\"uncol style-light\" ><div class=\"uncoltable\"><div class=\"uncell  boomapps_vccolumn no-block-padding\" ><div class=\"uncont\" ><span class=\"btn-container\" ><a role=\"button\"  href=\"https:\/\/chaise-blockchainskills.eu\/ro\/for-job-seekers-kickstart-your-blockchain-career\/\" class=\"custom-link btn border-width-0 btn-default btn-icon-left\" target=\"_blank\">Explora\u021bi maparea portalului de locuri de munc\u0103<\/a><\/span><\/div><\/div><\/div><\/div><\/div><div class=\"wpb_column pos-top pos-center align_left column_child col-lg-4 boomapps_vccolumn single-internal-gutter\"><div class=\"uncol style-light\" ><div class=\"uncoltable\"><div class=\"uncell  boomapps_vccolumn no-block-padding\" ><div class=\"uncont\" ><\/div><\/div><\/div><\/div><\/div><\/div><\/div><\/div><\/div><\/div><\/div><\/div><\/div><script id=\"script-row-unique-4\" data-row=\"script-row-unique-4\" type=\"text\/javascript\" class=\"vc_controls\">UNCODE.initRow(document.getElementById(\"row-unique-4\"));<\/script><\/div><\/div><\/div><div data-parent=\"true\" class=\"vc_row row-container boomapps_vcrow\" id=\"row-unique-5\"><div class=\"row limit-width row-parent\"><div class=\"wpb_row row-inner\"><div class=\"wpb_column pos-top pos-center align_left column_parent col-lg-12 boomapps_vccolumn single-internal-gutter\"><div class=\"uncol style-light\"  ><div class=\"uncoltable\"><div class=\"uncell  boomapps_vccolumn no-block-padding\" ><div class=\"uncont\" ><\/div><\/div><\/div><\/div><\/div><script id=\"script-row-unique-5\" data-row=\"script-row-unique-5\" type=\"text\/javascript\" class=\"vc_controls\">UNCODE.initRow(document.getElementById(\"row-unique-5\"));<\/script><\/div><\/div><\/div>\n<\/div>","protected":false},"excerpt":{"rendered":"Attracting Top Blockchain TalentA guide for employers to attract top Blockchain talentAs the blockchain industry continues to grow, the demand [...]","protected":false},"author":13,"featured_media":88708,"parent":0,"menu_order":0,"comment_status":"closed","ping_status":"closed","template":"","meta":{"footnotes":""},"class_list":["post-88696","page","type-page","status-publish","has-post-thumbnail","hentry"],"yoast_head":"<!-- This site is optimized with the Yoast SEO plugin v27.4 - https:\/\/yoast.com\/product\/yoast-seo-wordpress\/ -->\n<title>For Employers - Attract Top Blockchain Talents - Chaise Blockchainskills<\/title>\n<meta name=\"robots\" content=\"index, follow, max-snippet:-1, max-image-preview:large, max-video-preview:-1\" \/>\n<link rel=\"canonical\" href=\"https:\/\/chaise-blockchainskills.eu\/ro\/for-employers-attract-top-blockchain-talents\/\" \/>\n<meta property=\"og:locale\" content=\"ro_RO\" \/>\n<meta property=\"og:type\" content=\"article\" \/>\n<meta property=\"og:title\" content=\"For Employers - Attract Top Blockchain Talents - Chaise Blockchainskills\" \/>\n<meta property=\"og:url\" content=\"https:\/\/chaise-blockchainskills.eu\/ro\/for-employers-attract-top-blockchain-talents\/\" \/>\n<meta property=\"og:site_name\" content=\"Chaise Blockchainskills\" \/>\n<meta property=\"article:modified_time\" content=\"2024-08-05T09:40:33+00:00\" \/>\n<meta property=\"og:image\" content=\"https:\/\/chaise-blockchainskills.eu\/wp-content\/uploads\/2024\/07\/1.png\" \/>\n\t<meta property=\"og:image:width\" content=\"1500\" \/>\n\t<meta property=\"og:image:height\" content=\"607\" \/>\n\t<meta property=\"og:image:type\" content=\"image\/png\" \/>\n<meta name=\"twitter:card\" content=\"summary_large_image\" \/>\n<meta name=\"twitter:label1\" content=\"Timp estimat pentru citire\" \/>\n\t<meta name=\"twitter:data1\" content=\"3 minute\" \/>\n<script type=\"application\/ld+json\" class=\"yoast-schema-graph\">{\"@context\":\"https:\\\/\\\/schema.org\",\"@graph\":[{\"@type\":\"WebPage\",\"@id\":\"https:\\\/\\\/chaise-blockchainskills.eu\\\/for-employers-attract-top-blockchain-talents\\\/\",\"url\":\"https:\\\/\\\/chaise-blockchainskills.eu\\\/for-employers-attract-top-blockchain-talents\\\/\",\"name\":\"For Employers - Attract Top Blockchain Talents - Chaise Blockchainskills\",\"isPartOf\":{\"@id\":\"https:\\\/\\\/chaise-blockchainskills.eu\\\/#website\"},\"primaryImageOfPage\":{\"@id\":\"https:\\\/\\\/chaise-blockchainskills.eu\\\/for-employers-attract-top-blockchain-talents\\\/#primaryimage\"},\"image\":{\"@id\":\"https:\\\/\\\/chaise-blockchainskills.eu\\\/for-employers-attract-top-blockchain-talents\\\/#primaryimage\"},\"thumbnailUrl\":\"https:\\\/\\\/chaise-blockchainskills.eu\\\/wp-content\\\/uploads\\\/2024\\\/07\\\/1.png\",\"datePublished\":\"2024-07-10T15:43:32+00:00\",\"dateModified\":\"2024-08-05T09:40:33+00:00\",\"breadcrumb\":{\"@id\":\"https:\\\/\\\/chaise-blockchainskills.eu\\\/for-employers-attract-top-blockchain-talents\\\/#breadcrumb\"},\"inLanguage\":\"ro-RO\",\"potentialAction\":[{\"@type\":\"ReadAction\",\"target\":[\"https:\\\/\\\/chaise-blockchainskills.eu\\\/for-employers-attract-top-blockchain-talents\\\/\"]}]},{\"@type\":\"ImageObject\",\"inLanguage\":\"ro-RO\",\"@id\":\"https:\\\/\\\/chaise-blockchainskills.eu\\\/for-employers-attract-top-blockchain-talents\\\/#primaryimage\",\"url\":\"https:\\\/\\\/chaise-blockchainskills.eu\\\/wp-content\\\/uploads\\\/2024\\\/07\\\/1.png\",\"contentUrl\":\"https:\\\/\\\/chaise-blockchainskills.eu\\\/wp-content\\\/uploads\\\/2024\\\/07\\\/1.png\",\"width\":1500,\"height\":607},{\"@type\":\"BreadcrumbList\",\"@id\":\"https:\\\/\\\/chaise-blockchainskills.eu\\\/for-employers-attract-top-blockchain-talents\\\/#breadcrumb\",\"itemListElement\":[{\"@type\":\"ListItem\",\"position\":1,\"name\":\"Home\",\"item\":\"https:\\\/\\\/chaise-blockchainskills.eu\\\/\"},{\"@type\":\"ListItem\",\"position\":2,\"name\":\"For Employers &#8211; Attract Top Blockchain Talents\"}]},{\"@type\":\"WebSite\",\"@id\":\"https:\\\/\\\/chaise-blockchainskills.eu\\\/#website\",\"url\":\"https:\\\/\\\/chaise-blockchainskills.eu\\\/\",\"name\":\"Chaise Blockchainskills\",\"description\":\"Blockchain Skills for Europe\",\"potentialAction\":[{\"@type\":\"SearchAction\",\"target\":{\"@type\":\"EntryPoint\",\"urlTemplate\":\"https:\\\/\\\/chaise-blockchainskills.eu\\\/?s={search_term_string}\"},\"query-input\":{\"@type\":\"PropertyValueSpecification\",\"valueRequired\":true,\"valueName\":\"search_term_string\"}}],\"inLanguage\":\"ro-RO\"}]}<\/script>\n<!-- \/ Yoast SEO plugin. -->","yoast_head_json":{"title":"For Employers - Attract Top Blockchain Talents - Chaise Blockchainskills","robots":{"index":"index","follow":"follow","max-snippet":"max-snippet:-1","max-image-preview":"max-image-preview:large","max-video-preview":"max-video-preview:-1"},"canonical":"https:\/\/chaise-blockchainskills.eu\/ro\/for-employers-attract-top-blockchain-talents\/","og_locale":"ro_RO","og_type":"article","og_title":"For Employers - Attract Top Blockchain Talents - Chaise Blockchainskills","og_url":"https:\/\/chaise-blockchainskills.eu\/ro\/for-employers-attract-top-blockchain-talents\/","og_site_name":"Chaise Blockchainskills","article_modified_time":"2024-08-05T09:40:33+00:00","og_image":[{"width":1500,"height":607,"url":"https:\/\/chaise-blockchainskills.eu\/wp-content\/uploads\/2024\/07\/1.png","type":"image\/png"}],"twitter_card":"summary_large_image","twitter_misc":{"Timp estimat pentru citire":"3 minute"},"schema":{"@context":"https:\/\/schema.org","@graph":[{"@type":"WebPage","@id":"https:\/\/chaise-blockchainskills.eu\/for-employers-attract-top-blockchain-talents\/","url":"https:\/\/chaise-blockchainskills.eu\/for-employers-attract-top-blockchain-talents\/","name":"For Employers - Attract Top Blockchain Talents - Chaise Blockchainskills","isPartOf":{"@id":"https:\/\/chaise-blockchainskills.eu\/#website"},"primaryImageOfPage":{"@id":"https:\/\/chaise-blockchainskills.eu\/for-employers-attract-top-blockchain-talents\/#primaryimage"},"image":{"@id":"https:\/\/chaise-blockchainskills.eu\/for-employers-attract-top-blockchain-talents\/#primaryimage"},"thumbnailUrl":"https:\/\/chaise-blockchainskills.eu\/wp-content\/uploads\/2024\/07\/1.png","datePublished":"2024-07-10T15:43:32+00:00","dateModified":"2024-08-05T09:40:33+00:00","breadcrumb":{"@id":"https:\/\/chaise-blockchainskills.eu\/for-employers-attract-top-blockchain-talents\/#breadcrumb"},"inLanguage":"ro-RO","potentialAction":[{"@type":"ReadAction","target":["https:\/\/chaise-blockchainskills.eu\/for-employers-attract-top-blockchain-talents\/"]}]},{"@type":"ImageObject","inLanguage":"ro-RO","@id":"https:\/\/chaise-blockchainskills.eu\/for-employers-attract-top-blockchain-talents\/#primaryimage","url":"https:\/\/chaise-blockchainskills.eu\/wp-content\/uploads\/2024\/07\/1.png","contentUrl":"https:\/\/chaise-blockchainskills.eu\/wp-content\/uploads\/2024\/07\/1.png","width":1500,"height":607},{"@type":"BreadcrumbList","@id":"https:\/\/chaise-blockchainskills.eu\/for-employers-attract-top-blockchain-talents\/#breadcrumb","itemListElement":[{"@type":"ListItem","position":1,"name":"Home","item":"https:\/\/chaise-blockchainskills.eu\/"},{"@type":"ListItem","position":2,"name":"For Employers &#8211; Attract Top Blockchain Talents"}]},{"@type":"WebSite","@id":"https:\/\/chaise-blockchainskills.eu\/#website","url":"https:\/\/chaise-blockchainskills.eu\/","name":"Chaise Blockchainskills","description":"Abilit\u0103\u021bi Blockchain pentru Europa","potentialAction":[{"@type":"SearchAction","target":{"@type":"EntryPoint","urlTemplate":"https:\/\/chaise-blockchainskills.eu\/?s={search_term_string}"},"query-input":{"@type":"PropertyValueSpecification","valueRequired":true,"valueName":"search_term_string"}}],"inLanguage":"ro-RO"}]}},"_links":{"self":[{"href":"https:\/\/chaise-blockchainskills.eu\/ro\/wp-json\/wp\/v2\/pages\/88696","targetHints":{"allow":["GET"]}}],"collection":[{"href":"https:\/\/chaise-blockchainskills.eu\/ro\/wp-json\/wp\/v2\/pages"}],"about":[{"href":"https:\/\/chaise-blockchainskills.eu\/ro\/wp-json\/wp\/v2\/types\/page"}],"author":[{"embeddable":true,"href":"https:\/\/chaise-blockchainskills.eu\/ro\/wp-json\/wp\/v2\/users\/13"}],"replies":[{"embeddable":true,"href":"https:\/\/chaise-blockchainskills.eu\/ro\/wp-json\/wp\/v2\/comments?post=88696"}],"version-history":[{"count":3,"href":"https:\/\/chaise-blockchainskills.eu\/ro\/wp-json\/wp\/v2\/pages\/88696\/revisions"}],"predecessor-version":[{"id":88764,"href":"https:\/\/chaise-blockchainskills.eu\/ro\/wp-json\/wp\/v2\/pages\/88696\/revisions\/88764"}],"wp:featuredmedia":[{"embeddable":true,"href":"https:\/\/chaise-blockchainskills.eu\/ro\/wp-json\/wp\/v2\/media\/88708"}],"wp:attachment":[{"href":"https:\/\/chaise-blockchainskills.eu\/ro\/wp-json\/wp\/v2\/media?parent=88696"}],"curies":[{"name":"wp","href":"https:\/\/api.w.org\/{rel}","templated":true}]}}