{"id":84345,"date":"2021-03-04T11:30:54","date_gmt":"2021-03-04T11:30:54","guid":{"rendered":"https:\/\/chaise-blockchainskills.eu\/?page_id=84345"},"modified":"2021-04-12T14:38:47","modified_gmt":"2021-04-12T14:38:47","slug":"objectives","status":"publish","type":"page","link":"https:\/\/chaise-blockchainskills.eu\/sl\/objectives\/","title":{"rendered":"Cilji"},"content":{"rendered":"<div class=\"wpb-content-wrapper\"><div data-parent=\"true\" class=\"vc_row has-bg need-focus style-accent-bg row-container boomapps_vcrow\" id=\"row-unique-0\"><div class=\"row-background background-element\">\n\t\t\t\t\t\t\t\t\t\t\t<div class=\"background-wrapper\">\n\t\t\t\t\t\t\t\t\t\t\t\t<div class=\"background-inner\" style=\"background-image: url(https:\/\/chaise-blockchainskills.eu\/wp-content\/uploads\/2021\/03\/chaise-smaller-hat.jpg);background-repeat: no-repeat;background-position: center center;background-attachment: scroll;background-size: cover;\"><\/div>\n\t\t\t\t\t\t\t\t\t\t\t\t<div class=\"block-bg-overlay style-color-wayh-bg\" style=\"opacity: 0.66;\"><\/div>\n\t\t\t\t\t\t\t\t\t\t\t<\/div>\n\t\t\t\t\t\t\t\t\t\t<\/div><div class=\"row unequal single-top-padding one-bottom-padding single-h-padding full-width row-parent\" data-height-ratio=\"60\" data-minheight=\"350\"><div class=\"wpb_row row-inner\"><div class=\"wpb_column pos-bottom pos-center align_left column_parent col-lg-12 boomapps_vccolumn single-internal-gutter\"><div class=\"uncol style-spec style-dark\"  ><div class=\"uncoltable\"><div class=\"uncell  boomapps_vccolumn no-block-padding\" ><div class=\"uncont\" ><div class=\"vc_row row-internal row-container boomapps_vcrow\"><div class=\"row row-child\"><div class=\"wpb_row row-inner\"><div class=\"wpb_column pos-bottom pos-center align_center column_child col-lg-12 boomapps_vccolumn single-internal-gutter\"><div class=\"uncol style-spec style-dark animate_when_almost_visible alpha-anim\" data-delay=\"200\"><div class=\"uncoltable\"><div class=\"uncell  boomapps_vccolumn no-block-padding\" ><div class=\"uncont\" ><div class=\"vc_custom_heading_wrap\"><div class=\"heading-text el-text\" ><h2 class=\"fontsize-338686\" ><span>Cilji<\/span><\/h2><\/div><div class=\"clear\"><\/div><\/div><\/div><\/div><\/div><\/div><\/div><\/div><\/div><\/div><\/div><\/div><\/div><\/div><\/div><script id=\"script-row-unique-0\" data-row=\"script-row-unique-0\" type=\"text\/javascript\" class=\"vc_controls\">UNCODE.initRow(document.getElementById(\"row-unique-0\"));<\/script><\/div><\/div><\/div><div data-parent=\"true\" class=\"vc_row row-container boomapps_vcrow\" id=\"row-unique-1\"><div class=\"row quad-top-padding quad-bottom-padding single-h-padding limit-width row-parent\"><div class=\"wpb_row row-inner\"><div class=\"wpb_column pos-top pos-center align_center column_parent col-lg-12 boomapps_vccolumn single-internal-gutter\"><div class=\"uncol style-light\"  ><div class=\"uncoltable\"><div class=\"uncell  boomapps_vccolumn\" ><div class=\"uncont no-block-padding col-custom-width\" style=\" max-width:600px;\" ><div class=\"vc_custom_heading_wrap\"><div class=\"heading-text el-text\" ><h6 class=\"h2 fontspace-210350 text-color-nhtu-color text-uppercase\" ><span>ZAGOTAVLJANJE SPRETNOSTI ZA TEHNOLOGIJE BLOKOVNIH VERIG ZA EVROPO<\/span><\/h6><\/div><div class=\"clear\"><\/div><\/div><div class=\"vc_row row-internal row-container boomapps_vcrow\"><div class=\"row row-child\"><div class=\"wpb_row row-inner\"><div class=\"wpb_column pos-top pos-left align_center column_child col-lg-12 boomapps_vccolumn single-internal-gutter\"><div class=\"uncol style-light\" ><div class=\"uncoltable\"><div class=\"uncell  boomapps_vccolumn no-block-padding\" ><div class=\"uncont\" ><div class=\"vc_custom_heading_wrap\"><div class=\"heading-text el-text\" ><\/p>\n<h3><span class=\"font-377884\">Ambiciozni cilj za odpravljanje neusklajenosti pri razvoju spretnosti za tehnologijo blokovnih verig v Evropi in ustvarjanje ekosistema EU za razvoj spretnosti pri  tehnologiji blokovnih verig.<\/span><\/h3>\n<p>\n<\/div><div class=\"clear\"><\/div><\/div><div class=\"uncode_text_column\" ><p>Cilj projekta CHAISE je odpraviti neusklajenost znanj in spretnosti z oblikovanjem odprtega, vklju\u010dujo\u010dega sistema upravljanja spretnosti na podro\u010dju tehnologiji blokovnih verig, prilagojenega potrebam trga. Projekt bo zagotovil ustrezne re\u0161itve za usposabljanje, sheme mobilnosti in kvalifikacije, ki bodo potrebne v prihodnosti, kar bo \u0161e pove\u010dalo privla\u010dnost sektorja, zlasti za mlade.<\/p>\n<\/div><\/div><\/div><\/div><\/div><\/div><\/div><\/div><\/div><\/div><\/div><\/div><\/div><\/div><script id=\"script-row-unique-1\" data-row=\"script-row-unique-1\" type=\"text\/javascript\" class=\"vc_controls\">UNCODE.initRow(document.getElementById(\"row-unique-1\"));<\/script><\/div><\/div><\/div><div data-parent=\"true\" class=\"vc_row row-container boomapps_vcrow\" style=\"z-index: 1;\" id=\"row-unique-2\"><div class=\"row quad-top-padding quad-bottom-padding single-h-padding limit-width row-parent\"><div class=\"wpb_row row-inner\"><div class=\"wpb_column pos-top pos-center align_left column_parent col-lg-12 boomapps_vccolumn double-internal-gutter\"><div class=\"uncol style-light\"  ><div class=\"uncoltable\"><div class=\"uncell  boomapps_vccolumn\" ><div class=\"uncont no-block-padding col-custom-width\" style=\" max-width:900px;\" ><div class=\"vc_row row-internal row-container boomapps_vcrow\"><div class=\"row unequal col-double-gutter row-child\"><div class=\"wpb_row row-inner\"><div class=\"wpb_column pos-top pos-center align_left column_child col-lg-6 boomapps_vccolumn col-md-33 single-internal-gutter\"><div class=\"uncol style-light\" ><div class=\"uncoltable\"><div class=\"uncell  boomapps_vccolumn no-block-padding  unradius-sm\" ><div class=\"uncont\" ><div class=\"icon-box icon-box-left\" ><div class=\"icon-box-icon fa-container\" ><span class=\"text-accent-color btn-disable-hover\"><i class=\"fa fa-edit2 fa-4x fa-fw\"><\/i><\/span><\/div><div class=\"icon-box-content\"><div class=\"icon-box-heading icon-box-fa-4x\"><h3 class=\"h4\">Institucionalno potrjena evropska strategija ve\u0161\u010din blockchain<\/h3><\/div><p>Konzorcij projekta CHAISE bo povabil zainteresirane dele\u017enike, ki predstavljajo industrijo, akademsko javnost, politiko in raziskovalce iz celotne EU, da so-oblikujejo strategijo za razvoj spretnosti pri tehnologiji blokovnih verig. Strategija bo dolo\u010dila okvir za sektorsko sodelovanje in orisala ukrepe za odpravo pomanjkanja kvalifikacij in neusklajenosti.<\/p>\n<\/div><\/div><\/div><\/div><\/div><\/div><\/div><div class=\"wpb_column pos-top pos-center align_left column_child col-lg-6 boomapps_vccolumn col-md-33 single-internal-gutter\"><div class=\"uncol style-light\" ><div class=\"uncoltable\"><div class=\"uncell  boomapps_vccolumn no-block-padding  unradius-sm\" ><div class=\"uncont\" ><div class=\"icon-box icon-box-left\" ><div class=\"icon-box-icon fa-container\" ><span class=\"text-accent-color btn-disable-hover\"><i class=\"fa fa-magnifying-glass fa-4x fa-fw\"><\/i><\/span><\/div><div class=\"icon-box-content\"><div class=\"icon-box-heading icon-box-fa-4x\"><h3 class=\"h4\">Mehanizem napovedovanja potreb po spretnostih pri tehnologiji blokovnih verig v prihodnosti<\/h3><\/div><p>Projekt CHAISE bo vzpostavil metodo sodelovanja za spremljanje razvoja zahtev na delovnih mestih in predvidevanja prihodnjih potreb po spretnostih v tehnologiji blokovnih verig, ki bo deloval kot mehanizem opozarjanja za ubla\u017eitev morebitnih neravnovesij med povpra\u0161evanjem in ponudbo.<\/p>\n<\/div><\/div><\/div><\/div><\/div><\/div><\/div><\/div><\/div><\/div><div class=\"vc_row row-internal row-container boomapps_vcrow\"><div class=\"row unequal col-double-gutter row-child\"><div class=\"wpb_row row-inner\"><div class=\"wpb_column pos-top pos-center align_left column_child col-lg-6 boomapps_vccolumn col-md-33 single-internal-gutter\"><div class=\"uncol style-light\" ><div class=\"uncoltable\"><div class=\"uncell  boomapps_vccolumn no-block-padding  unradius-sm\" ><div class=\"uncont\" ><div class=\"icon-box icon-box-left\" ><div class=\"icon-box-icon fa-container\" ><span class=\"text-accent-color btn-disable-hover\"><i class=\"fa fa-toolbox fa-4x fa-fw\"><\/i><\/span><\/div><div class=\"icon-box-content\"><div class=\"icon-box-heading icon-box-fa-4x\"><h3 class=\"h4\">Prvi poklicni profil strokovnjaka za tehnologijo blokovnih verig<\/h3><\/div><p>Opredelitev vseevropske poklicne zahteve za delovno silo na podro\u010dju tehnologiji blokovnih verig za re\u0161evanje razdrobljenosti na trgu dela in dolo\u010ditev skupnih izobra\u017eevalnih zahtev za pridobivanje spretnosti na podro\u010dju tehnologije blokovnih verig v EU.<\/p>\n<\/div><\/div><\/div><\/div><\/div><\/div><\/div><div class=\"wpb_column pos-top pos-center align_left column_child col-lg-6 boomapps_vccolumn col-md-33 single-internal-gutter\"><div class=\"uncol style-light\" ><div class=\"uncoltable\"><div class=\"uncell  boomapps_vccolumn no-block-padding  unradius-sm\" ><div class=\"uncont\" ><div class=\"icon-box icon-box-left\" ><div class=\"icon-box-icon fa-container\" ><span class=\"text-accent-color btn-disable-hover\"><i class=\"fa fa-graduation-hat fa-4x fa-fw\"><\/i><\/span><\/div><div class=\"icon-box-content\"><div class=\"icon-box-heading icon-box-fa-4x\"><h3 class=\"h4\">Inovativni program poklicnega izobra\u017eevanja in usposabljanja Tehnologije blokovnih verig v 11 jezikih EU, ki traja 5 semestrov<\/h3><\/div><p>V okviru projekta CHAISE bo razvit program usposabljanja za tehnologijo blokovnih verig, ki bo pokril tehni\u010dne, mehke in meddisciplinarne spretnosti, potrebne na tem podro\u010dju. Ob tem bodo razvita u\u010dna gradiva dostopna vsem, v okviru odprtega spletnega te\u010daja (MOOC).<\/p>\n<\/div><\/div><\/div><\/div><\/div><\/div><\/div><\/div><\/div><\/div><div class=\"vc_row row-internal row-container boomapps_vcrow\"><div class=\"row unequal col-double-gutter row-child\"><div class=\"wpb_row row-inner\"><div class=\"wpb_column pos-top pos-center align_left column_child col-lg-6 boomapps_vccolumn col-md-33 single-internal-gutter\"><div class=\"uncol style-light\" ><div class=\"uncoltable\"><div class=\"uncell  boomapps_vccolumn no-block-padding  unradius-sm\" ><div class=\"uncont\" ><div class=\"icon-box icon-box-left\" ><div class=\"icon-box-icon fa-container\" ><span class=\"text-accent-color btn-disable-hover\"><i class=\"fa fa-repeat2 fa-4x fa-fw\"><\/i><\/span><\/div><div class=\"icon-box-content\"><div class=\"icon-box-heading icon-box-fa-4x\"><h3 class=\"h4\">Transnacionalne sheme mobilnosti za \u0161tudente in strokovnjake na podro\u010dju tehnologiji blokovnih verig<\/h3><\/div><p class=\"translation-block\">CHAISE bo podpiral \u0161tudentsko in poklicno \u010dezmejno izmenjavo s krepitvijo partnerstev med izobra\u017eevalnimi ustanovami in podjetji ter z uvedbo karierne orientacije in <em>platforme za alumni za tehnologijo blokovnih verig<\/em>.<\/p>\n<\/div><\/div><\/div><\/div><\/div><\/div><\/div><div class=\"wpb_column pos-top pos-center align_left column_child col-lg-6 boomapps_vccolumn col-md-33 single-internal-gutter\"><div class=\"uncol style-light\" ><div class=\"uncoltable\"><div class=\"uncell  boomapps_vccolumn no-block-padding  unradius-sm\" ><div class=\"uncont\" ><div class=\"icon-box icon-box-left\" ><div class=\"icon-box-icon fa-container\" ><span class=\"text-accent-color btn-disable-hover\"><i class=\"fa fa-attachment fa-4x fa-fw\"><\/i><\/span><\/div><div class=\"icon-box-content\"><div class=\"icon-box-heading icon-box-fa-4x\"><h3 class=\"h4\">Evropski ekosistem tehnologij blokovnih verig<\/h3><\/div><p class=\"translation-block\">CHAISE bo razvil mehanizme za strate\u0161ko sodelovanje na evropski in nacionalni ravni, kot so Nacionalna partnerstva za razvoj spretnosti pri tehnologiji blokovnih verig, ki zagotovljajo, da se nacionalna vpra\u0161anja odra\u017eajo v re\u0161itvah po vsej EU in implementirajo v  sektorsko strategijo na ravni EU in na nacionalni ravni. Nadzor izvajanja strategije spretnosti izvaja Evropska mre\u017ea za sodelovanje pri spretnostih za tehnologijo blokovnih verig.<\/p>\n<\/div><\/div><\/div><\/div><\/div><\/div><\/div><\/div><\/div><\/div><\/div><\/div><\/div><\/div><\/div><script id=\"script-row-unique-2\" data-row=\"script-row-unique-2\" type=\"text\/javascript\" class=\"vc_controls\">UNCODE.initRow(document.getElementById(\"row-unique-2\"));<\/script><\/div><\/div><\/div>\n<\/div>","protected":false},"excerpt":{"rendered":"ObjectivesDelivering blockchain skills for EuropeAmbitious goals to tackle Blockchain skills mismatches in Europe and create a EU Blockchain skills ecosystem [...]","protected":false},"author":3,"featured_media":84001,"parent":0,"menu_order":0,"comment_status":"closed","ping_status":"closed","template":"","meta":{"footnotes":""},"class_list":["post-84345","page","type-page","status-publish","has-post-thumbnail","hentry"],"yoast_head":"<!-- This site is optimized with the Yoast SEO plugin v27.4 - https:\/\/yoast.com\/product\/yoast-seo-wordpress\/ -->\n<title>Objectives - Chaise Blockchainskills<\/title>\n<meta name=\"robots\" content=\"index, follow, max-snippet:-1, max-image-preview:large, max-video-preview:-1\" \/>\n<link rel=\"canonical\" href=\"https:\/\/chaise-blockchainskills.eu\/sl\/objectives\/\" \/>\n<meta property=\"og:locale\" content=\"sl_SI\" \/>\n<meta property=\"og:type\" content=\"article\" \/>\n<meta property=\"og:title\" content=\"Objectives - Chaise Blockchainskills\" \/>\n<meta property=\"og:url\" content=\"https:\/\/chaise-blockchainskills.eu\/sl\/objectives\/\" \/>\n<meta property=\"og:site_name\" content=\"Chaise Blockchainskills\" \/>\n<meta property=\"article:modified_time\" content=\"2021-04-12T14:38:47+00:00\" \/>\n<meta property=\"og:image\" content=\"https:\/\/chaise-blockchainskills.eu\/wp-content\/uploads\/2021\/03\/chaise-smaller-hat.jpg\" \/>\n\t<meta property=\"og:image:width\" content=\"1920\" \/>\n\t<meta property=\"og:image:height\" content=\"1080\" \/>\n\t<meta property=\"og:image:type\" content=\"image\/jpeg\" \/>\n<meta name=\"twitter:card\" content=\"summary_large_image\" \/>\n<meta name=\"twitter:image\" content=\"https:\/\/chaise-blockchainskills.eu\/wp-content\/uploads\/2021\/03\/chaise-smaller-hat.jpg\" \/>\n<meta name=\"twitter:label1\" content=\"Est. reading time\" \/>\n\t<meta name=\"twitter:data1\" content=\"3 minute\" \/>\n<script type=\"application\/ld+json\" class=\"yoast-schema-graph\">{\"@context\":\"https:\\\/\\\/schema.org\",\"@graph\":[{\"@type\":\"WebPage\",\"@id\":\"https:\\\/\\\/chaise-blockchainskills.eu\\\/objectives\\\/\",\"url\":\"https:\\\/\\\/chaise-blockchainskills.eu\\\/objectives\\\/\",\"name\":\"Objectives - Chaise Blockchainskills\",\"isPartOf\":{\"@id\":\"https:\\\/\\\/chaise-blockchainskills.eu\\\/#website\"},\"primaryImageOfPage\":{\"@id\":\"https:\\\/\\\/chaise-blockchainskills.eu\\\/objectives\\\/#primaryimage\"},\"image\":{\"@id\":\"https:\\\/\\\/chaise-blockchainskills.eu\\\/objectives\\\/#primaryimage\"},\"thumbnailUrl\":\"https:\\\/\\\/chaise-blockchainskills.eu\\\/wp-content\\\/uploads\\\/2021\\\/02\\\/visual-2.png\",\"datePublished\":\"2021-03-04T11:30:54+00:00\",\"dateModified\":\"2021-04-12T14:38:47+00:00\",\"breadcrumb\":{\"@id\":\"https:\\\/\\\/chaise-blockchainskills.eu\\\/objectives\\\/#breadcrumb\"},\"inLanguage\":\"sl-SI\",\"potentialAction\":[{\"@type\":\"ReadAction\",\"target\":[\"https:\\\/\\\/chaise-blockchainskills.eu\\\/objectives\\\/\"]}]},{\"@type\":\"ImageObject\",\"inLanguage\":\"sl-SI\",\"@id\":\"https:\\\/\\\/chaise-blockchainskills.eu\\\/objectives\\\/#primaryimage\",\"url\":\"https:\\\/\\\/chaise-blockchainskills.eu\\\/wp-content\\\/uploads\\\/2021\\\/02\\\/visual-2.png\",\"contentUrl\":\"https:\\\/\\\/chaise-blockchainskills.eu\\\/wp-content\\\/uploads\\\/2021\\\/02\\\/visual-2.png\",\"width\":1920,\"height\":1080},{\"@type\":\"BreadcrumbList\",\"@id\":\"https:\\\/\\\/chaise-blockchainskills.eu\\\/objectives\\\/#breadcrumb\",\"itemListElement\":[{\"@type\":\"ListItem\",\"position\":1,\"name\":\"Home\",\"item\":\"https:\\\/\\\/chaise-blockchainskills.eu\\\/\"},{\"@type\":\"ListItem\",\"position\":2,\"name\":\"Objectives\"}]},{\"@type\":\"WebSite\",\"@id\":\"https:\\\/\\\/chaise-blockchainskills.eu\\\/#website\",\"url\":\"https:\\\/\\\/chaise-blockchainskills.eu\\\/\",\"name\":\"Chaise Blockchainskills\",\"description\":\"Blockchain Skills for Europe\",\"potentialAction\":[{\"@type\":\"SearchAction\",\"target\":{\"@type\":\"EntryPoint\",\"urlTemplate\":\"https:\\\/\\\/chaise-blockchainskills.eu\\\/?s={search_term_string}\"},\"query-input\":{\"@type\":\"PropertyValueSpecification\",\"valueRequired\":true,\"valueName\":\"search_term_string\"}}],\"inLanguage\":\"sl-SI\"}]}<\/script>\n<!-- \/ Yoast SEO plugin. -->","yoast_head_json":{"title":"Cilji - Chaise Blockchainskills","robots":{"index":"index","follow":"follow","max-snippet":"max-snippet:-1","max-image-preview":"max-image-preview:large","max-video-preview":"max-video-preview:-1"},"canonical":"https:\/\/chaise-blockchainskills.eu\/sl\/objectives\/","og_locale":"sl_SI","og_type":"article","og_title":"Objectives - Chaise Blockchainskills","og_url":"https:\/\/chaise-blockchainskills.eu\/sl\/objectives\/","og_site_name":"Chaise Blockchainskills","article_modified_time":"2021-04-12T14:38:47+00:00","og_image":[{"width":1920,"height":1080,"url":"https:\/\/chaise-blockchainskills.eu\/wp-content\/uploads\/2021\/03\/chaise-smaller-hat.jpg","type":"image\/jpeg"}],"twitter_card":"summary_large_image","twitter_image":"https:\/\/chaise-blockchainskills.eu\/wp-content\/uploads\/2021\/03\/chaise-smaller-hat.jpg","twitter_misc":{"Est. reading time":"3 minute"},"schema":{"@context":"https:\/\/schema.org","@graph":[{"@type":"WebPage","@id":"https:\/\/chaise-blockchainskills.eu\/objectives\/","url":"https:\/\/chaise-blockchainskills.eu\/objectives\/","name":"Cilji - Chaise Blockchainskills","isPartOf":{"@id":"https:\/\/chaise-blockchainskills.eu\/#website"},"primaryImageOfPage":{"@id":"https:\/\/chaise-blockchainskills.eu\/objectives\/#primaryimage"},"image":{"@id":"https:\/\/chaise-blockchainskills.eu\/objectives\/#primaryimage"},"thumbnailUrl":"https:\/\/chaise-blockchainskills.eu\/wp-content\/uploads\/2021\/02\/visual-2.png","datePublished":"2021-03-04T11:30:54+00:00","dateModified":"2021-04-12T14:38:47+00:00","breadcrumb":{"@id":"https:\/\/chaise-blockchainskills.eu\/objectives\/#breadcrumb"},"inLanguage":"sl-SI","potentialAction":[{"@type":"ReadAction","target":["https:\/\/chaise-blockchainskills.eu\/objectives\/"]}]},{"@type":"ImageObject","inLanguage":"sl-SI","@id":"https:\/\/chaise-blockchainskills.eu\/objectives\/#primaryimage","url":"https:\/\/chaise-blockchainskills.eu\/wp-content\/uploads\/2021\/02\/visual-2.png","contentUrl":"https:\/\/chaise-blockchainskills.eu\/wp-content\/uploads\/2021\/02\/visual-2.png","width":1920,"height":1080},{"@type":"BreadcrumbList","@id":"https:\/\/chaise-blockchainskills.eu\/objectives\/#breadcrumb","itemListElement":[{"@type":"ListItem","position":1,"name":"Home","item":"https:\/\/chaise-blockchainskills.eu\/"},{"@type":"ListItem","position":2,"name":"Objectives"}]},{"@type":"WebSite","@id":"https:\/\/chaise-blockchainskills.eu\/#website","url":"https:\/\/chaise-blockchainskills.eu\/","name":"Le\u017ealniki Blockchainskills","description":"Blockchain Skills for Europe","potentialAction":[{"@type":"SearchAction","target":{"@type":"EntryPoint","urlTemplate":"https:\/\/chaise-blockchainskills.eu\/?s={search_term_string}"},"query-input":{"@type":"PropertyValueSpecification","valueRequired":true,"valueName":"search_term_string"}}],"inLanguage":"sl-SI"}]}},"_links":{"self":[{"href":"https:\/\/chaise-blockchainskills.eu\/sl\/wp-json\/wp\/v2\/pages\/84345","targetHints":{"allow":["GET"]}}],"collection":[{"href":"https:\/\/chaise-blockchainskills.eu\/sl\/wp-json\/wp\/v2\/pages"}],"about":[{"href":"https:\/\/chaise-blockchainskills.eu\/sl\/wp-json\/wp\/v2\/types\/page"}],"author":[{"embeddable":true,"href":"https:\/\/chaise-blockchainskills.eu\/sl\/wp-json\/wp\/v2\/users\/3"}],"replies":[{"embeddable":true,"href":"https:\/\/chaise-blockchainskills.eu\/sl\/wp-json\/wp\/v2\/comments?post=84345"}],"version-history":[{"count":0,"href":"https:\/\/chaise-blockchainskills.eu\/sl\/wp-json\/wp\/v2\/pages\/84345\/revisions"}],"wp:featuredmedia":[{"embeddable":true,"href":"https:\/\/chaise-blockchainskills.eu\/sl\/wp-json\/wp\/v2\/media\/84001"}],"wp:attachment":[{"href":"https:\/\/chaise-blockchainskills.eu\/sl\/wp-json\/wp\/v2\/media?parent=84345"}],"curies":[{"name":"wp","href":"https:\/\/api.w.org\/{rel}","templated":true}]}}