{"id":84967,"date":"2021-03-15T14:37:12","date_gmt":"2021-03-15T14:37:12","guid":{"rendered":"https:\/\/chaise-blockchainskills.eu\/?page_id=84967"},"modified":"2021-03-31T08:49:31","modified_gmt":"2021-03-31T08:49:31","slug":"expert-advisory-board","status":"publish","type":"page","link":"https:\/\/chaise-blockchainskills.eu\/sl\/expert-advisory-board\/","title":{"rendered":"Strokovni svetovalni odbor"},"content":{"rendered":"<div class=\"wpb-content-wrapper\"><div data-parent=\"true\" class=\"vc_row row-container boomapps_vcrow\" id=\"row-unique-0\"><div class=\"row-background background-element\">\n\t\t\t\t\t\t\t\t\t\t\t<div class=\"background-wrapper\">\n\t\t\t\t\t\t\t\t\t\t\t\t<div class=\"background-inner\" style=\"background-image: url(https:\/\/chaise-blockchainskills.eu\/wp-content\/uploads\/2021\/03\/expert-gears.jpg);background-repeat: no-repeat;background-position: center center;background-attachment: scroll;background-size: cover;\"><\/div>\n\t\t\t\t\t\t\t\t\t\t\t\t<div class=\"block-bg-overlay style-color-uydo-bg\" style=\"opacity: 0.05;\"><\/div>\n\t\t\t\t\t\t\t\t\t\t\t<\/div>\n\t\t\t\t\t\t\t\t\t\t<\/div><div class=\"row no-top-padding no-bottom-padding no-h-padding full-width row-parent\" data-height-ratio=\"60\" data-minheight=\"200\"><div class=\"wpb_row row-inner\"><div class=\"wpb_column pos-middle pos-center align_center column_parent col-lg-12 boomapps_vccolumn single-internal-gutter\"><div class=\"uncol style-spec style-dark\"  ><div class=\"uncoltable\"><div class=\"uncell  boomapps_vccolumn no-block-padding\" ><div class=\"uncont\" ><div class=\"vc_custom_heading_wrap\"><div class=\"heading-text el-text\" ><h2 class=\"fontsize-338686\" ><span>Strokovni svetovalni odbor<\/span><\/h2><\/div><div class=\"clear\"><\/div><\/div><\/div><\/div><\/div><\/div><\/div><script id=\"script-row-unique-0\" data-row=\"script-row-unique-0\" type=\"text\/javascript\" class=\"vc_controls\">UNCODE.initRow(document.getElementById(\"row-unique-0\"));<\/script><\/div><\/div><\/div><div data-parent=\"true\" class=\"vc_row row-container boomapps_vcrow\" id=\"row-unique-1\"><div class=\"row limit-width row-parent\"><div class=\"wpb_row row-inner\"><div class=\"wpb_column pos-top pos-center align_left column_parent col-lg-12 boomapps_vccolumn single-internal-gutter\"><div class=\"uncol style-light\"  ><div class=\"uncoltable\"><div class=\"uncell  boomapps_vccolumn\" ><div class=\"uncont no-block-padding col-custom-width\" style=\" max-width:71%;\" ><div class=\"uncode_text_column\" ><\/p>\n<h3><strong>Vloga<\/strong><\/h3>\n<p>Strokovni svetovalni odbor CHAISE je skupina strokovnjakov s podro\u010dja tehnologij blokovnih verig, ki jih imenujejo partnerske organizacije projekta CHAISE, da konzorciju zagotavljajo tehni\u010dno in znanstveno podporo na podlagi njihovega strokovnega znanja in institucionalnih zmogljivosti, s primarno nalogo pregleda in ocene napredka in rezultatov evropske strategije razvoja spretnosti za tehnologijo blokovnih verig.<\/p>\n<p>Naloga strokovnega svetovalnega odbora je:<\/p>\n<ul>\n<li>Pomagati razmejiti sektor tehnologij blokovnih verig in dolo\u010diti smernice za zbiranje obve\u0161\u010devalnih podatkov o znanjih in spretnostih<\/li>\n<li>Identificirati sektorske trende in razvoj makro okolja<\/li>\n<li>Potrditi teze \u2013 na podlagi zbiranja obve\u0161\u010devalnih podatkov o spretnostih (vklju\u010dno z rezultati napovedovanja)<\/li>\n<li>Zagotoviti usmeritve za prilagoditev mehanizma napovedovanja v projektu CHAISE<\/li>\n<li>Spremljanje in razpravljanje o napredku evropske strategije za razvoj spretnosti pri tehnologiji blokovnih verig<\/li>\n<li>Posodobiti \/ revidirati evropsko strategijo razvoja spretnosti za tehnologijo blokovnih verig na podlagi spreminjajo\u010dih se potreb in prednostnih nalogah sektorskega razvoja<\/li>\n<\/ul>\n<p>Strokovni svetovalni odbor CHAISE sestavlja 17 strokovnjakov in predstavnikov iz industrije, izobra\u017eevanja, oblikovanja politik, civilne dru\u017ebe in znanstvenih skupnosti iz 15 evropskih dr\u017eav.<\/p>\n<h4><strong>Sestava strokovnega svetovalnega odbora<\/strong><\/h4>\n<table width=\"224\">\n<thead>\n<tr>\n<td width=\"112\">Organizacija<\/td>\n<td width=\"112\">Dr\u017eava<\/td>\n<\/tr>\n<\/thead>\n<tbody>\n<tr>\n<td width=\"112\">Blockchain and Cloud Computing Dept., University Lyon 1<\/td>\n<td width=\"112\">Francija<\/td>\n<\/tr>\n<tr>\n<td width=\"112\">INATBA<\/td>\n<td width=\"112\">Zdru\u017eeno kraljestvo<\/td>\n<\/tr>\n<tr>\n<td width=\"112\">EU Blockchain Observatory and Forum<\/td>\n<td width=\"112\">Gr\u010dija<\/td>\n<\/tr>\n<tr>\n<td width=\"112\">Baden Wurttemberg-State University<\/td>\n<td width=\"112\">Nem\u010dija<\/td>\n<\/tr>\n<tr>\n<td width=\"112\">Italia4Blockchain<\/td>\n<td width=\"112\">Italija<\/td>\n<\/tr>\n<tr>\n<td width=\"112\">European Certification and Qualification Association<\/td>\n<td width=\"112\">Avstrija<\/td>\n<\/tr>\n<tr>\n<td width=\"112\">Univerza v Tartuju<\/td>\n<td width=\"112\">Estonija<\/td>\n<\/tr>\n<tr>\n<td width=\"112\">BERCHAIN<\/td>\n<td width=\"112\">Nem\u010dija<\/td>\n<\/tr>\n<tr>\n<td width=\"112\">In\u0161titut za ekonomske in dru\u017ebene raziskave<\/td>\n<td width=\"112\">Irska<\/td>\n<\/tr>\n<tr>\n<td width=\"112\">Nacionalni urad za kvalifikacije Romunije<\/td>\n<td width=\"112\">Romunija<\/td>\n<\/tr>\n<tr>\n<td width=\"112\">Univerza v Ljubljani<\/td>\n<td width=\"112\">Slovenija<\/td>\n<\/tr>\n<tr>\n<td width=\"112\">Javna \u0161ola za poklicno izobra\u017eevanje in usposabljanje \u201cIEK Aigaleo\u201d<\/td>\n<td width=\"112\">Gr\u010dija<\/td>\n<\/tr>\n<tr>\n<td width=\"112\">Fujitsu, Belgija<\/td>\n<td width=\"112\">Belgija<\/td>\n<\/tr>\n<tr>\n<td width=\"112\">INDUSTRIA Technology<\/td>\n<td width=\"112\">Bolgarija<\/td>\n<\/tr>\n<tr>\n<td width=\"112\">Politehni\u010dna univerza v Kataloniji<\/td>\n<td width=\"112\">\u0160panija<\/td>\n<\/tr>\n<tr>\n<td width=\"112\">Portugalski IKT grozd<\/td>\n<td width=\"112\">Portugalska<\/td>\n<\/tr>\n<tr>\n<td width=\"112\">Univerza za tehnologijo in ekonomijo v Budimpe\u0161ti<\/td>\n<td width=\"112\">Mad\u017earska<\/td>\n<\/tr>\n<\/tbody>\n<\/table>\n<p>\n<\/div><\/div><\/div><\/div><\/div><\/div><script id=\"script-row-unique-1\" data-row=\"script-row-unique-1\" type=\"text\/javascript\" class=\"vc_controls\">UNCODE.initRow(document.getElementById(\"row-unique-1\"));<\/script><\/div><\/div><\/div>\n<\/div>","protected":false},"excerpt":{"rendered":"Expert Advisory BoardRole The CHAISE Expert Advisory Board is a group of experts in the Blockchain field, nominated by CHAISE [...]","protected":false},"author":3,"featured_media":84971,"parent":0,"menu_order":0,"comment_status":"closed","ping_status":"closed","template":"","meta":{"footnotes":""},"class_list":["post-84967","page","type-page","status-publish","has-post-thumbnail","hentry"],"yoast_head":"<!-- This site is optimized with the Yoast SEO plugin v27.4 - https:\/\/yoast.com\/product\/yoast-seo-wordpress\/ -->\n<title>Expert Advisory Board - Chaise Blockchainskills<\/title>\n<meta name=\"robots\" content=\"index, follow, max-snippet:-1, max-image-preview:large, max-video-preview:-1\" \/>\n<link rel=\"canonical\" href=\"https:\/\/chaise-blockchainskills.eu\/sl\/expert-advisory-board\/\" \/>\n<meta property=\"og:locale\" content=\"sl_SI\" \/>\n<meta property=\"og:type\" content=\"article\" \/>\n<meta property=\"og:title\" content=\"Expert Advisory Board - Chaise Blockchainskills\" \/>\n<meta property=\"og:url\" content=\"https:\/\/chaise-blockchainskills.eu\/sl\/expert-advisory-board\/\" \/>\n<meta property=\"og:site_name\" content=\"Chaise Blockchainskills\" \/>\n<meta property=\"article:modified_time\" content=\"2021-03-31T08:49:31+00:00\" \/>\n<meta property=\"og:image\" content=\"https:\/\/chaise-blockchainskills.eu\/wp-content\/uploads\/2021\/03\/expert-gears.jpg\" \/>\n\t<meta property=\"og:image:width\" content=\"1920\" \/>\n\t<meta property=\"og:image:height\" content=\"1080\" \/>\n\t<meta property=\"og:image:type\" content=\"image\/jpeg\" \/>\n<meta name=\"twitter:card\" content=\"summary_large_image\" \/>\n<meta name=\"twitter:label1\" content=\"Est. reading time\" \/>\n\t<meta name=\"twitter:data1\" content=\"2 minuti\" \/>\n<script type=\"application\/ld+json\" class=\"yoast-schema-graph\">{\"@context\":\"https:\\\/\\\/schema.org\",\"@graph\":[{\"@type\":\"WebPage\",\"@id\":\"https:\\\/\\\/chaise-blockchainskills.eu\\\/expert-advisory-board\\\/\",\"url\":\"https:\\\/\\\/chaise-blockchainskills.eu\\\/expert-advisory-board\\\/\",\"name\":\"Expert Advisory Board - Chaise Blockchainskills\",\"isPartOf\":{\"@id\":\"https:\\\/\\\/chaise-blockchainskills.eu\\\/#website\"},\"primaryImageOfPage\":{\"@id\":\"https:\\\/\\\/chaise-blockchainskills.eu\\\/expert-advisory-board\\\/#primaryimage\"},\"image\":{\"@id\":\"https:\\\/\\\/chaise-blockchainskills.eu\\\/expert-advisory-board\\\/#primaryimage\"},\"thumbnailUrl\":\"https:\\\/\\\/chaise-blockchainskills.eu\\\/wp-content\\\/uploads\\\/2021\\\/03\\\/expert-gears.jpg\",\"datePublished\":\"2021-03-15T14:37:12+00:00\",\"dateModified\":\"2021-03-31T08:49:31+00:00\",\"breadcrumb\":{\"@id\":\"https:\\\/\\\/chaise-blockchainskills.eu\\\/expert-advisory-board\\\/#breadcrumb\"},\"inLanguage\":\"sl-SI\",\"potentialAction\":[{\"@type\":\"ReadAction\",\"target\":[\"https:\\\/\\\/chaise-blockchainskills.eu\\\/expert-advisory-board\\\/\"]}]},{\"@type\":\"ImageObject\",\"inLanguage\":\"sl-SI\",\"@id\":\"https:\\\/\\\/chaise-blockchainskills.eu\\\/expert-advisory-board\\\/#primaryimage\",\"url\":\"https:\\\/\\\/chaise-blockchainskills.eu\\\/wp-content\\\/uploads\\\/2021\\\/03\\\/expert-gears.jpg\",\"contentUrl\":\"https:\\\/\\\/chaise-blockchainskills.eu\\\/wp-content\\\/uploads\\\/2021\\\/03\\\/expert-gears.jpg\",\"width\":1920,\"height\":1080},{\"@type\":\"BreadcrumbList\",\"@id\":\"https:\\\/\\\/chaise-blockchainskills.eu\\\/expert-advisory-board\\\/#breadcrumb\",\"itemListElement\":[{\"@type\":\"ListItem\",\"position\":1,\"name\":\"Home\",\"item\":\"https:\\\/\\\/chaise-blockchainskills.eu\\\/\"},{\"@type\":\"ListItem\",\"position\":2,\"name\":\"Expert Advisory Board\"}]},{\"@type\":\"WebSite\",\"@id\":\"https:\\\/\\\/chaise-blockchainskills.eu\\\/#website\",\"url\":\"https:\\\/\\\/chaise-blockchainskills.eu\\\/\",\"name\":\"Chaise Blockchainskills\",\"description\":\"Blockchain Skills for Europe\",\"potentialAction\":[{\"@type\":\"SearchAction\",\"target\":{\"@type\":\"EntryPoint\",\"urlTemplate\":\"https:\\\/\\\/chaise-blockchainskills.eu\\\/?s={search_term_string}\"},\"query-input\":{\"@type\":\"PropertyValueSpecification\",\"valueRequired\":true,\"valueName\":\"search_term_string\"}}],\"inLanguage\":\"sl-SI\"}]}<\/script>\n<!-- \/ Yoast SEO plugin. -->","yoast_head_json":{"title":"Expert Advisory Board - Chaise Blockchainskills","robots":{"index":"index","follow":"follow","max-snippet":"max-snippet:-1","max-image-preview":"max-image-preview:large","max-video-preview":"max-video-preview:-1"},"canonical":"https:\/\/chaise-blockchainskills.eu\/sl\/expert-advisory-board\/","og_locale":"sl_SI","og_type":"article","og_title":"Expert Advisory Board - Chaise Blockchainskills","og_url":"https:\/\/chaise-blockchainskills.eu\/sl\/expert-advisory-board\/","og_site_name":"Chaise Blockchainskills","article_modified_time":"2021-03-31T08:49:31+00:00","og_image":[{"width":1920,"height":1080,"url":"https:\/\/chaise-blockchainskills.eu\/wp-content\/uploads\/2021\/03\/expert-gears.jpg","type":"image\/jpeg"}],"twitter_card":"summary_large_image","twitter_misc":{"Est. reading time":"2 minuti"},"schema":{"@context":"https:\/\/schema.org","@graph":[{"@type":"WebPage","@id":"https:\/\/chaise-blockchainskills.eu\/expert-advisory-board\/","url":"https:\/\/chaise-blockchainskills.eu\/expert-advisory-board\/","name":"Expert Advisory Board - Chaise Blockchainskills","isPartOf":{"@id":"https:\/\/chaise-blockchainskills.eu\/#website"},"primaryImageOfPage":{"@id":"https:\/\/chaise-blockchainskills.eu\/expert-advisory-board\/#primaryimage"},"image":{"@id":"https:\/\/chaise-blockchainskills.eu\/expert-advisory-board\/#primaryimage"},"thumbnailUrl":"https:\/\/chaise-blockchainskills.eu\/wp-content\/uploads\/2021\/03\/expert-gears.jpg","datePublished":"2021-03-15T14:37:12+00:00","dateModified":"2021-03-31T08:49:31+00:00","breadcrumb":{"@id":"https:\/\/chaise-blockchainskills.eu\/expert-advisory-board\/#breadcrumb"},"inLanguage":"sl-SI","potentialAction":[{"@type":"ReadAction","target":["https:\/\/chaise-blockchainskills.eu\/expert-advisory-board\/"]}]},{"@type":"ImageObject","inLanguage":"sl-SI","@id":"https:\/\/chaise-blockchainskills.eu\/expert-advisory-board\/#primaryimage","url":"https:\/\/chaise-blockchainskills.eu\/wp-content\/uploads\/2021\/03\/expert-gears.jpg","contentUrl":"https:\/\/chaise-blockchainskills.eu\/wp-content\/uploads\/2021\/03\/expert-gears.jpg","width":1920,"height":1080},{"@type":"BreadcrumbList","@id":"https:\/\/chaise-blockchainskills.eu\/expert-advisory-board\/#breadcrumb","itemListElement":[{"@type":"ListItem","position":1,"name":"Home","item":"https:\/\/chaise-blockchainskills.eu\/"},{"@type":"ListItem","position":2,"name":"Expert Advisory Board"}]},{"@type":"WebSite","@id":"https:\/\/chaise-blockchainskills.eu\/#website","url":"https:\/\/chaise-blockchainskills.eu\/","name":"Le\u017ealniki Blockchainskills","description":"Blockchain Skills for Europe","potentialAction":[{"@type":"SearchAction","target":{"@type":"EntryPoint","urlTemplate":"https:\/\/chaise-blockchainskills.eu\/?s={search_term_string}"},"query-input":{"@type":"PropertyValueSpecification","valueRequired":true,"valueName":"search_term_string"}}],"inLanguage":"sl-SI"}]}},"_links":{"self":[{"href":"https:\/\/chaise-blockchainskills.eu\/sl\/wp-json\/wp\/v2\/pages\/84967","targetHints":{"allow":["GET"]}}],"collection":[{"href":"https:\/\/chaise-blockchainskills.eu\/sl\/wp-json\/wp\/v2\/pages"}],"about":[{"href":"https:\/\/chaise-blockchainskills.eu\/sl\/wp-json\/wp\/v2\/types\/page"}],"author":[{"embeddable":true,"href":"https:\/\/chaise-blockchainskills.eu\/sl\/wp-json\/wp\/v2\/users\/3"}],"replies":[{"embeddable":true,"href":"https:\/\/chaise-blockchainskills.eu\/sl\/wp-json\/wp\/v2\/comments?post=84967"}],"version-history":[{"count":0,"href":"https:\/\/chaise-blockchainskills.eu\/sl\/wp-json\/wp\/v2\/pages\/84967\/revisions"}],"wp:featuredmedia":[{"embeddable":true,"href":"https:\/\/chaise-blockchainskills.eu\/sl\/wp-json\/wp\/v2\/media\/84971"}],"wp:attachment":[{"href":"https:\/\/chaise-blockchainskills.eu\/sl\/wp-json\/wp\/v2\/media?parent=84967"}],"curies":[{"name":"wp","href":"https:\/\/api.w.org\/{rel}","templated":true}]}}