{"id":88696,"date":"2024-07-10T15:43:32","date_gmt":"2024-07-10T15:43:32","guid":{"rendered":"https:\/\/chaise-blockchainskills.eu\/?page_id=88696"},"modified":"2024-08-05T09:40:33","modified_gmt":"2024-08-05T09:40:33","slug":"for-employers-attract-top-blockchain-talents","status":"publish","type":"page","link":"https:\/\/chaise-blockchainskills.eu\/sl\/for-employers-attract-top-blockchain-talents\/","title":{"rendered":"For Employers &#8211; Attract Top Blockchain Talents"},"content":{"rendered":"<div class=\"wpb-content-wrapper\"><div data-parent=\"true\" class=\"vc_row has-bg need-focus style-color-lxmt-bg row-container boomapps_vcrow\" id=\"row-unique-0\"><div class=\"row-background background-element\">\n\t\t\t\t\t\t\t\t\t\t\t<div class=\"background-wrapper\">\n\t\t\t\t\t\t\t\t\t\t\t\t<div class=\"background-inner\" style=\"background-image: url(https:\/\/chaise-blockchainskills.eu\/wp-content\/uploads\/2024\/07\/1.png);background-repeat: no-repeat;background-position: center top;background-attachment: scroll;background-size: cover;\"><\/div>\n\t\t\t\t\t\t\t\t\t\t\t\t<div class=\"block-bg-overlay style-color-nhtu-bg\" style=\"opacity: 0.5;\"><\/div>\n\t\t\t\t\t\t\t\t\t\t\t<\/div>\n\t\t\t\t\t\t\t\t\t\t<\/div><div class=\"row no-top-padding no-bottom-padding no-h-padding full-width row-parent\" data-height-ratio=\"60\" data-minheight=\"200\"><div class=\"wpb_row row-inner\"><div class=\"wpb_column pos-middle pos-center align_center column_parent col-lg-12 boomapps_vccolumn single-internal-gutter\"><div class=\"uncol style-spec style-dark\"  ><div class=\"uncoltable\"><div class=\"uncell  boomapps_vccolumn no-block-padding\" ><div class=\"uncont\" ><div class=\"vc_custom_heading_wrap\"><div class=\"heading-text el-text\" ><h2 class=\"fontsize-338686\" ><span>Privabljanje vrhunskih talentov iz podro\u010dja blokovnih verig<\/span><\/h2><\/div><div class=\"clear\"><\/div><\/div><\/div><\/div><\/div><\/div><\/div><script id=\"script-row-unique-0\" data-row=\"script-row-unique-0\" type=\"text\/javascript\" class=\"vc_controls\">UNCODE.initRow(document.getElementById(\"row-unique-0\"));<\/script><\/div><\/div><\/div><div data-parent=\"true\" class=\"vc_row row-container boomapps_vcrow\" id=\"row-unique-1\"><div class=\"row limit-width row-parent\"><div class=\"wpb_row row-inner\"><div class=\"wpb_column pos-top pos-center align_left column_parent col-lg-12 boomapps_vccolumn single-internal-gutter\"><div class=\"uncol style-light\"  ><div class=\"uncoltable\"><div class=\"uncell  boomapps_vccolumn no-block-padding\" ><div class=\"uncont\" ><div class=\"vc_custom_heading_wrap\"><div class=\"heading-text el-text\" ><h2 class=\"h2\" ><span><\/p><\/span><span><h1 style=\"text-align: center;\">Priro\u010dnik za delodajalce za privabljanje vrhunskih talentov s podro\u010dja blokovnih verig<\/h1><\/span><span><p><\/span><\/h2><\/div><div class=\"clear\"><\/div><\/div><div class=\"uncode_text_column text-lead\" ><p><span style=\"color: #000000;\"><strong>Ker industrija blokovnih verig \u0161e naprej raste, ostaja povpra\u0161evanje po kvalificiranih strokovnjakih veliko. Da bi vam pomagali pri krmarjenju po tem konkuren\u010dnem okolju, smo zbrali klju\u010dne vpoglede in priporo\u010dila na podlagi skupnih elementov, ki jih najdemo v uspe\u0161nih zaposlitvenih oglasih, ki so jih zbrali partnerji projekta CHAISE. <\/strong><\/span><\/p>\n<p><span style=\"color: #000000;\"><strong>Ta vodnik vam bo pomagal oblikovati privla\u010dna delovna mesta in privabiti najbolj\u0161e talente v sektorju blokovnih verig.<\/strong><\/span><\/p>\n<\/div><\/div><\/div><\/div><\/div><\/div><script id=\"script-row-unique-1\" data-row=\"script-row-unique-1\" type=\"text\/javascript\" class=\"vc_controls\">UNCODE.initRow(document.getElementById(\"row-unique-1\"));<\/script><\/div><\/div><\/div><div data-parent=\"true\" class=\"vc_row row-container boomapps_vcrow\" id=\"row-unique-2\"><div class=\"row limit-width row-parent\"><div class=\"wpb_row row-inner\"><div class=\"wpb_column pos-top pos-center align_left column_parent col-lg-12 boomapps_vccolumn single-internal-gutter\"><div class=\"uncol style-light\"  ><div class=\"uncoltable\"><div class=\"uncell  boomapps_vccolumn no-block-padding\" ><div class=\"uncont\" ><div class=\"vc_custom_heading_wrap\"><div class=\"heading-text el-text\" ><\/p>\n<h2><span style=\"color: #000080;\">Klju\u010dni elementi u\u010dinkovitih oglasov za delo na podro\u010dju blokovnih verig<\/span><\/h2>\n<p>\n<\/div><div class=\"clear\"><\/div><\/div><\/div><\/div><\/div><\/div><\/div><script id=\"script-row-unique-2\" data-row=\"script-row-unique-2\" type=\"text\/javascript\" class=\"vc_controls\">UNCODE.initRow(document.getElementById(\"row-unique-2\"));<\/script><\/div><\/div><\/div><div data-parent=\"true\" class=\"vc_row row-container boomapps_vcrow\" id=\"row-unique-3\"><div class=\"row limit-width row-parent\"><div class=\"wpb_row row-inner\"><div class=\"wpb_column pos-top pos-center align_left column_parent col-lg-12 boomapps_vccolumn single-internal-gutter\"><div class=\"uncol style-light\"  ><div class=\"uncoltable\"><div class=\"uncell  boomapps_vccolumn single-block-padding style-color-lxmt-bg has-bg\" ><div class=\"uncont\" ><div class=\"vc_custom_heading_wrap\"><div class=\"heading-text el-text\" ><\/p>\n<h3><span style=\"color: #000080;\">Jasni nazivi in opisi delovnih mest<\/span><\/h3>\n<p>\n<\/div><div class=\"clear\"><\/div><\/div><div class=\"uncode_text_column text-lead\" ><\/p>\n<ul>\n<li class=\"translation-block\"><span style=\"color: #000000\"><strong>Natan\u010dnost v nazivih:<\/strong> uporabite jasne in specifi\u010dne nazive delovnih mest, kot so  \u201c<strong>Razvijalec blokovnih verig<\/strong>,\u201d \u201c<strong>Arhitekt blokovnih verig<\/strong>,\u201d ali \u201c<strong>Vodja projekta blokovnih verig<\/strong>\u201d da pritegnete kvalificirane kandidate.\n<\/span><\/li>\n<li><span style=\"color: #000000;\"><strong>Podrobni opisi:<\/strong> zagotovite podrobne opise delovnih obveznosti, zahtevanih znanj in uporabljenih tehnologij. Omenite posebne platforme blokovnih verig (npr. Ethereum, Hyperledger) in ustrezne programske jezike (npr. Solidity, Python).<\/span><\/li>\n<\/ul>\n<p>\n<\/div><div class=\"vc_custom_heading_wrap\"><div class=\"heading-text el-text\" ><\/p>\n<h3><span style=\"color: #000080;\">Ozna\u010dite zahtevane spretnosti in kvalifikacije<\/span><\/h3>\n<p>\n<\/div><div class=\"clear\"><\/div><\/div><div class=\"uncode_text_column text-lead\" ><\/p>\n<ul>\n<li><span style=\"color: #000000;\"><strong>Tehni\u010dne spretnosti:<\/strong> poudarite bistvene tehni\u010dne spretnosti, kot so razvoj pametnih pogodb, kriptografija in poznavanje tehnologije razpr\u0161enih evidenc.<\/span><\/li>\n<li><span style=\"color: #000000;\"><strong>Izku\u0161nje:<\/strong> dolo\u010dite zahtevano raven izku\u0161enj, ne glede na to, ali gre za osnovno, srednjo ali vi\u0161jo raven strokovnega znanja na podro\u010dju blokovnih verig.<\/span><\/li>\n<li><span style=\"color: #000000;\"><strong>Certifikati: <\/strong>navedite \u017eelene certifikate, kot je <strong>Certificiran strokovnjak blokovnih verig (CSB)<\/strong> ali <strong>Certificiran razvijalec blokovnih verig (CRB).<\/strong>.<strong><br \/>\n<\/strong><\/span><\/li>\n<\/ul>\n<p>\n<\/div><div class=\"vc_custom_heading_wrap\"><div class=\"heading-text el-text\" ><\/p>\n<h3><span style=\"color: #000080;\">Predstavite kulturo in prednosti podjetja<\/span><\/h3>\n<p>\n<\/div><div class=\"clear\"><\/div><\/div><div class=\"uncode_text_column text-lead\" ><\/p>\n<ul>\n<li><span style=\"color: #000000;\"><strong>Delovno okolje: <\/strong>poudarite kulturo va\u0161ega podjetja, mo\u017enosti dela na daljavo in dinamiko ekipe.<\/span><\/li>\n<li><span style=\"color: #000000;\"><strong>Karierna rast:<\/strong> razpravljajte o prilo\u017enostih za karierno napredovanje, poklicni razvoj in stalno izobra\u017eevanje o tehnologiji blokovnih verig.<\/span><\/li>\n<li><span style=\"color: #000000;\"><strong>Prednosti: <\/strong>vklju\u010dite podatke o konkuren\u010dni pla\u010di, pakete ugodnosti in vse edinstvene ugodnosti, ki va\u0161e podjetje lo\u010dijo od drugih.<br \/>\n<\/span><\/li>\n<\/ul>\n<p>\n<\/div><div class=\"vc_custom_heading_wrap\"><div class=\"heading-text el-text\" ><\/p>\n<h3><span style=\"color: #000080;\">Poudarite vpliv in inovativnost<\/span><\/h3>\n<p>\n<\/div><div class=\"clear\"><\/div><\/div><div class=\"uncode_text_column text-lead\" ><\/p>\n<ul>\n<li><span style=\"color: #000000;\"><strong>Vpliv projekta: <\/strong>poudarite kulturo va\u0161ega podjetja, mo\u017enosti dela na daljavo in dinamiko ekipe.<\/span><\/li>\n<li><span style=\"color: #000000;\"><strong>Vrhunska tehnologija:<\/strong> poudarite uporabo vrhunske tehnologije in potencial zaposlenih za delo na revolucionarnih projektih.<\/span><span style=\"color: #000000;\"><br \/>\n<\/span><\/li>\n<\/ul>\n<p>\n<\/div><div class=\"vc_custom_heading_wrap\"><div class=\"heading-text el-text\" ><\/p>\n<h3><span style=\"color: #000080;\">Vklju\u010dujo\u010d in privla\u010den jezik<\/span><\/h3>\n<p>\n<\/div><div class=\"clear\"><\/div><\/div><div class=\"uncode_text_column text-lead\" ><\/p>\n<ul>\n<li><span style=\"color: #000000;\"><strong>Vklju\u010devalnost: <\/strong>uporabite vklju\u010dujo\u010d jezik, da zagotovite, da bo va\u0161 zaposlitveni oglas privla\u010den za razli\u010dne kandidate.<\/span><\/li>\n<li><span style=\"color: #000000;\"><strong>Zavzetost:<\/strong> ustvarite privla\u010dno vsebino, ki je skladna s te\u017enjami in vrednotami potencialnih kandidatov.<\/span><span style=\"color: #000000;\"><br \/>\n<\/span><\/li>\n<\/ul>\n<p>\n<\/div><\/div><\/div><\/div><\/div><\/div><script id=\"script-row-unique-3\" data-row=\"script-row-unique-3\" type=\"text\/javascript\" class=\"vc_controls\">UNCODE.initRow(document.getElementById(\"row-unique-3\"));<\/script><\/div><\/div><\/div><div data-parent=\"true\" class=\"vc_row row-container boomapps_vcrow\" id=\"row-unique-4\"><div class=\"row limit-width row-parent\"><div class=\"wpb_row row-inner\"><div class=\"wpb_column pos-top pos-center align_left column_parent col-lg-12 boomapps_vccolumn single-internal-gutter\"><div class=\"uncol style-light\"  ><div class=\"uncoltable\"><div class=\"uncell  boomapps_vccolumn no-block-padding\" ><div class=\"uncont\" ><div class=\"vc_custom_heading_wrap\"><div class=\"heading-text el-text\" ><\/p>\n<h2><span style=\"color: #000080;\">Kje objaviti va\u0161e zaposlitvene oglase<\/span><\/h2>\n<p>\n<\/div><div class=\"clear\"><\/div><\/div><div class=\"uncode_text_column text-lead\" ><p><span style=\"color: #000000;\">Da bi dosegli najbolj kvalificirane kandidate, je klju\u010dnega pomena, da svoje zaposlitvene oglase objavite na platformah, ki jih obiskujejo strokovnjaki za blokovne verige. V na\u0161em zemljevidu zaposlitvenih portalov boste na\u0161li pregled oglasov za zaposlovanje iz 27-ih dr\u017eav EU. Vsebuje portale za posamezne dr\u017eave in univerzalne platforme, ki so znane po \u0161irokem dosegu v industriji blokovnih verig.<\/span><\/p>\n<\/div><div class=\"vc_row row-internal row-container boomapps_vcrow\"><div class=\"row row-child\"><div class=\"wpb_row row-inner\"><div class=\"wpb_column pos-top pos-center align_left column_child col-lg-4 boomapps_vccolumn single-internal-gutter\"><div class=\"uncol style-light\" ><div class=\"uncoltable\"><div class=\"uncell  boomapps_vccolumn no-block-padding\" ><div class=\"uncont\" ><\/div><\/div><\/div><\/div><\/div><div class=\"wpb_column pos-top pos-center align_left column_child col-lg-4 boomapps_vccolumn single-internal-gutter\"><div class=\"uncol style-light\" ><div class=\"uncoltable\"><div class=\"uncell  boomapps_vccolumn no-block-padding\" ><div class=\"uncont\" ><span class=\"btn-container\" ><a role=\"button\"  href=\"https:\/\/chaise-blockchainskills.eu\/sl\/for-job-seekers-kickstart-your-blockchain-career\/\" class=\"custom-link btn border-width-0 btn-default btn-icon-left\" target=\"_blank\">Razi\u0161\u010dite na\u010drt zaposlitvenega portala<\/a><\/span><\/div><\/div><\/div><\/div><\/div><div class=\"wpb_column pos-top pos-center align_left column_child col-lg-4 boomapps_vccolumn single-internal-gutter\"><div class=\"uncol style-light\" ><div class=\"uncoltable\"><div class=\"uncell  boomapps_vccolumn no-block-padding\" ><div class=\"uncont\" ><\/div><\/div><\/div><\/div><\/div><\/div><\/div><\/div><\/div><\/div><\/div><\/div><\/div><script id=\"script-row-unique-4\" data-row=\"script-row-unique-4\" type=\"text\/javascript\" class=\"vc_controls\">UNCODE.initRow(document.getElementById(\"row-unique-4\"));<\/script><\/div><\/div><\/div><div data-parent=\"true\" class=\"vc_row row-container boomapps_vcrow\" id=\"row-unique-5\"><div class=\"row limit-width row-parent\"><div class=\"wpb_row row-inner\"><div class=\"wpb_column pos-top pos-center align_left column_parent col-lg-12 boomapps_vccolumn single-internal-gutter\"><div class=\"uncol style-light\"  ><div class=\"uncoltable\"><div class=\"uncell  boomapps_vccolumn no-block-padding\" ><div class=\"uncont\" ><\/div><\/div><\/div><\/div><\/div><script id=\"script-row-unique-5\" data-row=\"script-row-unique-5\" type=\"text\/javascript\" class=\"vc_controls\">UNCODE.initRow(document.getElementById(\"row-unique-5\"));<\/script><\/div><\/div><\/div>\n<\/div>","protected":false},"excerpt":{"rendered":"Attracting Top Blockchain TalentA guide for employers to attract top Blockchain talentAs the blockchain industry continues to grow, the demand [...]","protected":false},"author":13,"featured_media":88708,"parent":0,"menu_order":0,"comment_status":"closed","ping_status":"closed","template":"","meta":{"footnotes":""},"class_list":["post-88696","page","type-page","status-publish","has-post-thumbnail","hentry"],"yoast_head":"<!-- This site is optimized with the Yoast SEO plugin v27.4 - https:\/\/yoast.com\/product\/yoast-seo-wordpress\/ -->\n<title>For Employers - Attract Top Blockchain Talents - Chaise Blockchainskills<\/title>\n<meta name=\"robots\" content=\"index, follow, max-snippet:-1, max-image-preview:large, max-video-preview:-1\" \/>\n<link rel=\"canonical\" href=\"https:\/\/chaise-blockchainskills.eu\/sl\/for-employers-attract-top-blockchain-talents\/\" \/>\n<meta property=\"og:locale\" content=\"sl_SI\" \/>\n<meta property=\"og:type\" content=\"article\" \/>\n<meta property=\"og:title\" content=\"For Employers - Attract Top Blockchain Talents - Chaise Blockchainskills\" \/>\n<meta property=\"og:url\" content=\"https:\/\/chaise-blockchainskills.eu\/sl\/for-employers-attract-top-blockchain-talents\/\" \/>\n<meta property=\"og:site_name\" content=\"Chaise Blockchainskills\" \/>\n<meta property=\"article:modified_time\" content=\"2024-08-05T09:40:33+00:00\" \/>\n<meta property=\"og:image\" content=\"https:\/\/chaise-blockchainskills.eu\/wp-content\/uploads\/2024\/07\/1.png\" \/>\n\t<meta property=\"og:image:width\" content=\"1500\" \/>\n\t<meta property=\"og:image:height\" content=\"607\" \/>\n\t<meta property=\"og:image:type\" content=\"image\/png\" \/>\n<meta name=\"twitter:card\" content=\"summary_large_image\" \/>\n<meta name=\"twitter:label1\" content=\"Est. reading time\" \/>\n\t<meta name=\"twitter:data1\" content=\"3 minute\" \/>\n<script type=\"application\/ld+json\" class=\"yoast-schema-graph\">{\"@context\":\"https:\\\/\\\/schema.org\",\"@graph\":[{\"@type\":\"WebPage\",\"@id\":\"https:\\\/\\\/chaise-blockchainskills.eu\\\/for-employers-attract-top-blockchain-talents\\\/\",\"url\":\"https:\\\/\\\/chaise-blockchainskills.eu\\\/for-employers-attract-top-blockchain-talents\\\/\",\"name\":\"For Employers - Attract Top Blockchain Talents - Chaise Blockchainskills\",\"isPartOf\":{\"@id\":\"https:\\\/\\\/chaise-blockchainskills.eu\\\/#website\"},\"primaryImageOfPage\":{\"@id\":\"https:\\\/\\\/chaise-blockchainskills.eu\\\/for-employers-attract-top-blockchain-talents\\\/#primaryimage\"},\"image\":{\"@id\":\"https:\\\/\\\/chaise-blockchainskills.eu\\\/for-employers-attract-top-blockchain-talents\\\/#primaryimage\"},\"thumbnailUrl\":\"https:\\\/\\\/chaise-blockchainskills.eu\\\/wp-content\\\/uploads\\\/2024\\\/07\\\/1.png\",\"datePublished\":\"2024-07-10T15:43:32+00:00\",\"dateModified\":\"2024-08-05T09:40:33+00:00\",\"breadcrumb\":{\"@id\":\"https:\\\/\\\/chaise-blockchainskills.eu\\\/for-employers-attract-top-blockchain-talents\\\/#breadcrumb\"},\"inLanguage\":\"sl-SI\",\"potentialAction\":[{\"@type\":\"ReadAction\",\"target\":[\"https:\\\/\\\/chaise-blockchainskills.eu\\\/for-employers-attract-top-blockchain-talents\\\/\"]}]},{\"@type\":\"ImageObject\",\"inLanguage\":\"sl-SI\",\"@id\":\"https:\\\/\\\/chaise-blockchainskills.eu\\\/for-employers-attract-top-blockchain-talents\\\/#primaryimage\",\"url\":\"https:\\\/\\\/chaise-blockchainskills.eu\\\/wp-content\\\/uploads\\\/2024\\\/07\\\/1.png\",\"contentUrl\":\"https:\\\/\\\/chaise-blockchainskills.eu\\\/wp-content\\\/uploads\\\/2024\\\/07\\\/1.png\",\"width\":1500,\"height\":607},{\"@type\":\"BreadcrumbList\",\"@id\":\"https:\\\/\\\/chaise-blockchainskills.eu\\\/for-employers-attract-top-blockchain-talents\\\/#breadcrumb\",\"itemListElement\":[{\"@type\":\"ListItem\",\"position\":1,\"name\":\"Home\",\"item\":\"https:\\\/\\\/chaise-blockchainskills.eu\\\/\"},{\"@type\":\"ListItem\",\"position\":2,\"name\":\"For Employers &#8211; Attract Top Blockchain Talents\"}]},{\"@type\":\"WebSite\",\"@id\":\"https:\\\/\\\/chaise-blockchainskills.eu\\\/#website\",\"url\":\"https:\\\/\\\/chaise-blockchainskills.eu\\\/\",\"name\":\"Chaise Blockchainskills\",\"description\":\"Blockchain Skills for Europe\",\"potentialAction\":[{\"@type\":\"SearchAction\",\"target\":{\"@type\":\"EntryPoint\",\"urlTemplate\":\"https:\\\/\\\/chaise-blockchainskills.eu\\\/?s={search_term_string}\"},\"query-input\":{\"@type\":\"PropertyValueSpecification\",\"valueRequired\":true,\"valueName\":\"search_term_string\"}}],\"inLanguage\":\"sl-SI\"}]}<\/script>\n<!-- \/ Yoast SEO plugin. -->","yoast_head_json":{"title":"For Employers - Attract Top Blockchain Talents - Chaise Blockchainskills","robots":{"index":"index","follow":"follow","max-snippet":"max-snippet:-1","max-image-preview":"max-image-preview:large","max-video-preview":"max-video-preview:-1"},"canonical":"https:\/\/chaise-blockchainskills.eu\/sl\/for-employers-attract-top-blockchain-talents\/","og_locale":"sl_SI","og_type":"article","og_title":"For Employers - Attract Top Blockchain Talents - Chaise Blockchainskills","og_url":"https:\/\/chaise-blockchainskills.eu\/sl\/for-employers-attract-top-blockchain-talents\/","og_site_name":"Chaise Blockchainskills","article_modified_time":"2024-08-05T09:40:33+00:00","og_image":[{"width":1500,"height":607,"url":"https:\/\/chaise-blockchainskills.eu\/wp-content\/uploads\/2024\/07\/1.png","type":"image\/png"}],"twitter_card":"summary_large_image","twitter_misc":{"Est. reading time":"3 minute"},"schema":{"@context":"https:\/\/schema.org","@graph":[{"@type":"WebPage","@id":"https:\/\/chaise-blockchainskills.eu\/for-employers-attract-top-blockchain-talents\/","url":"https:\/\/chaise-blockchainskills.eu\/for-employers-attract-top-blockchain-talents\/","name":"For Employers - Attract Top Blockchain Talents - Chaise Blockchainskills","isPartOf":{"@id":"https:\/\/chaise-blockchainskills.eu\/#website"},"primaryImageOfPage":{"@id":"https:\/\/chaise-blockchainskills.eu\/for-employers-attract-top-blockchain-talents\/#primaryimage"},"image":{"@id":"https:\/\/chaise-blockchainskills.eu\/for-employers-attract-top-blockchain-talents\/#primaryimage"},"thumbnailUrl":"https:\/\/chaise-blockchainskills.eu\/wp-content\/uploads\/2024\/07\/1.png","datePublished":"2024-07-10T15:43:32+00:00","dateModified":"2024-08-05T09:40:33+00:00","breadcrumb":{"@id":"https:\/\/chaise-blockchainskills.eu\/for-employers-attract-top-blockchain-talents\/#breadcrumb"},"inLanguage":"sl-SI","potentialAction":[{"@type":"ReadAction","target":["https:\/\/chaise-blockchainskills.eu\/for-employers-attract-top-blockchain-talents\/"]}]},{"@type":"ImageObject","inLanguage":"sl-SI","@id":"https:\/\/chaise-blockchainskills.eu\/for-employers-attract-top-blockchain-talents\/#primaryimage","url":"https:\/\/chaise-blockchainskills.eu\/wp-content\/uploads\/2024\/07\/1.png","contentUrl":"https:\/\/chaise-blockchainskills.eu\/wp-content\/uploads\/2024\/07\/1.png","width":1500,"height":607},{"@type":"BreadcrumbList","@id":"https:\/\/chaise-blockchainskills.eu\/for-employers-attract-top-blockchain-talents\/#breadcrumb","itemListElement":[{"@type":"ListItem","position":1,"name":"Home","item":"https:\/\/chaise-blockchainskills.eu\/"},{"@type":"ListItem","position":2,"name":"For Employers &#8211; Attract Top Blockchain Talents"}]},{"@type":"WebSite","@id":"https:\/\/chaise-blockchainskills.eu\/#website","url":"https:\/\/chaise-blockchainskills.eu\/","name":"Le\u017ealniki Blockchainskills","description":"Blockchain Skills for Europe","potentialAction":[{"@type":"SearchAction","target":{"@type":"EntryPoint","urlTemplate":"https:\/\/chaise-blockchainskills.eu\/?s={search_term_string}"},"query-input":{"@type":"PropertyValueSpecification","valueRequired":true,"valueName":"search_term_string"}}],"inLanguage":"sl-SI"}]}},"_links":{"self":[{"href":"https:\/\/chaise-blockchainskills.eu\/sl\/wp-json\/wp\/v2\/pages\/88696","targetHints":{"allow":["GET"]}}],"collection":[{"href":"https:\/\/chaise-blockchainskills.eu\/sl\/wp-json\/wp\/v2\/pages"}],"about":[{"href":"https:\/\/chaise-blockchainskills.eu\/sl\/wp-json\/wp\/v2\/types\/page"}],"author":[{"embeddable":true,"href":"https:\/\/chaise-blockchainskills.eu\/sl\/wp-json\/wp\/v2\/users\/13"}],"replies":[{"embeddable":true,"href":"https:\/\/chaise-blockchainskills.eu\/sl\/wp-json\/wp\/v2\/comments?post=88696"}],"version-history":[{"count":3,"href":"https:\/\/chaise-blockchainskills.eu\/sl\/wp-json\/wp\/v2\/pages\/88696\/revisions"}],"predecessor-version":[{"id":88764,"href":"https:\/\/chaise-blockchainskills.eu\/sl\/wp-json\/wp\/v2\/pages\/88696\/revisions\/88764"}],"wp:featuredmedia":[{"embeddable":true,"href":"https:\/\/chaise-blockchainskills.eu\/sl\/wp-json\/wp\/v2\/media\/88708"}],"wp:attachment":[{"href":"https:\/\/chaise-blockchainskills.eu\/sl\/wp-json\/wp\/v2\/media?parent=88696"}],"curies":[{"name":"wp","href":"https:\/\/api.w.org\/{rel}","templated":true}]}}